{"id":5637,"date":"2025-12-31T16:39:40","date_gmt":"2025-12-31T16:39:40","guid":{"rendered":"https:\/\/academiacosmik.com\/?post_type=product&#038;p=5637"},"modified":"2026-03-05T14:56:18","modified_gmt":"2026-03-05T14:56:18","slug":"dosier-pap-mates-examen-clom-copia","status":"publish","type":"product","link":"https:\/\/academiacosmik.com\/es\/producte\/dosier-pap-mates-examen-clom-copia\/","title":{"rendered":"Dosier PAP Mates (Examen CLOM) &#8211; Volumen 2"},"content":{"rendered":"<p><strong>Contenido:<\/strong><\/p>\n<ul>\n<li>2 modelos de ex\u00e1menes para practicar<\/li>\n<li>Soluciones al final<\/li>\n<\/ul>\n","protected":false},"excerpt":{"rendered":"<p><strong>Contenido:<\/strong><\/p>\n<ul>\n<li>2 modelos de ex\u00e1menes para practicar<\/li>\n<li>Soluciones al final<\/li>\n<\/ul>\n<p>Con el Dosier PAP Mates de Acad\u00e8mia Cosmik, las matem\u00e1ticas de las PAP no se te resistir\u00e1n! \ud83d\ude80<\/p>\n","protected":false},"featured_media":5641,"template":"","meta":{"_et_pb_use_builder":"","_et_pb_old_content":"","_et_gb_content_width":"","_joinchat":[]},"product_cat":[96],"product_tag":[],"yoast_head":"<!-- This site is optimized with the Yoast SEO plugin v23.5 - https:\/\/yoast.com\/wordpress\/plugins\/seo\/ -->\n<title>Dosier PAP Mates (Examen CLOM) - Volumen 2 - Acad\u00e8mia Cosmik<\/title>\n<meta name=\"description\" content=\"Material imprescindible para preparar la PAP (prueba de aptitud personal) de matem\u00e1ticas. \u00a12 models de ex\u00e1menes para practicar con soluciones al final!\" \/>\n<meta name=\"robots\" content=\"index, follow, max-snippet:-1, max-image-preview:large, max-video-preview:-1\" \/>\n<link rel=\"canonical\" href=\"https:\/\/academiacosmik.com\/es\/producte\/dosier-pap-mates-examen-clom-copia\/\" \/>\n<meta property=\"og:locale\" content=\"es_ES\" \/>\n<meta property=\"og:type\" content=\"article\" \/>\n<meta property=\"og:title\" content=\"Dosier PAP Mates (Examen CLOM) - Volumen 2 - Acad\u00e8mia Cosmik\" \/>\n<meta property=\"og:description\" content=\"Material imprescindible para preparar la PAP (prueba de aptitud personal) de matem\u00e1ticas. \u00a12 models de ex\u00e1menes para practicar con soluciones al final!\" \/>\n<meta property=\"og:url\" content=\"https:\/\/academiacosmik.com\/es\/producte\/dosier-pap-mates-examen-clom-copia\/\" \/>\n<meta property=\"og:site_name\" content=\"Acad\u00e8mia Cosmik\" \/>\n<meta property=\"article:modified_time\" content=\"2026-03-05T14:56:18+00:00\" \/>\n<meta property=\"og:image\" content=\"https:\/\/academiacosmik.com\/wp-content\/uploads\/2025\/12\/miniatura_dossier_pap_mates_v2.jpg\" \/>\n\t<meta property=\"og:image:width\" content=\"340\" \/>\n\t<meta property=\"og:image:height\" content=\"275\" \/>\n\t<meta property=\"og:image:type\" content=\"image\/jpeg\" \/>\n<meta name=\"twitter:card\" content=\"summary_large_image\" \/>\n<meta name=\"twitter:label1\" content=\"Tiempo de lectura\" \/>\n\t<meta name=\"twitter:data1\" content=\"1 minuto\" \/>\n<script type=\"application\/ld+json\" class=\"yoast-schema-graph\">{\"@context\":\"https:\/\/schema.org\",\"@graph\":[{\"@type\":\"WebPage\",\"@id\":\"https:\/\/academiacosmik.com\/es\/producte\/dosier-pap-mates-examen-clom-copia\/\",\"url\":\"https:\/\/academiacosmik.com\/es\/producte\/dosier-pap-mates-examen-clom-copia\/\",\"name\":\"Dosier PAP Mates (Examen CLOM) - Volumen 2 - Acad\u00e8mia Cosmik\",\"isPartOf\":{\"@id\":\"https:\/\/academiacosmik.com\/es\/#website\"},\"primaryImageOfPage\":{\"@id\":\"https:\/\/academiacosmik.com\/es\/producte\/dosier-pap-mates-examen-clom-copia\/#primaryimage\"},\"image\":{\"@id\":\"https:\/\/academiacosmik.com\/es\/producte\/dosier-pap-mates-examen-clom-copia\/#primaryimage\"},\"thumbnailUrl\":\"https:\/\/academiacosmik.com\/wp-content\/uploads\/2025\/12\/miniatura_dossier_pap_mates_v2.jpg\",\"datePublished\":\"2025-12-31T16:39:40+00:00\",\"dateModified\":\"2026-03-05T14:56:18+00:00\",\"description\":\"Material imprescindible para preparar la PAP (prueba de aptitud personal) de matem\u00e1ticas. \u00a12 models de ex\u00e1menes para practicar con soluciones al final!\",\"breadcrumb\":{\"@id\":\"https:\/\/academiacosmik.com\/es\/producte\/dosier-pap-mates-examen-clom-copia\/#breadcrumb\"},\"inLanguage\":\"es\",\"potentialAction\":[{\"@type\":\"ReadAction\",\"target\":[\"https:\/\/academiacosmik.com\/es\/producte\/dosier-pap-mates-examen-clom-copia\/\"]}]},{\"@type\":\"ImageObject\",\"inLanguage\":\"es\",\"@id\":\"https:\/\/academiacosmik.com\/es\/producte\/dosier-pap-mates-examen-clom-copia\/#primaryimage\",\"url\":\"https:\/\/academiacosmik.com\/wp-content\/uploads\/2025\/12\/miniatura_dossier_pap_mates_v2.jpg\",\"contentUrl\":\"https:\/\/academiacosmik.com\/wp-content\/uploads\/2025\/12\/miniatura_dossier_pap_mates_v2.jpg\",\"width\":340,\"height\":275,\"caption\":\"dossier pap mates examen clom volumen 2\"},{\"@type\":\"BreadcrumbList\",\"@id\":\"https:\/\/academiacosmik.com\/es\/producte\/dosier-pap-mates-examen-clom-copia\/#breadcrumb\",\"itemListElement\":[{\"@type\":\"ListItem\",\"position\":1,\"name\":\"Home\",\"item\":\"https:\/\/academiacosmik.com\/es\/\"},{\"@type\":\"ListItem\",\"position\":2,\"name\":\"Productos\",\"item\":\"https:\/\/academiacosmik.com\/es\/shop\/\"},{\"@type\":\"ListItem\",\"position\":3,\"name\":\"Dosier PAP Mates (Examen CLOM) &#8211; Volumen 2\"}]},{\"@type\":\"WebSite\",\"@id\":\"https:\/\/academiacosmik.com\/es\/#website\",\"url\":\"https:\/\/academiacosmik.com\/es\/\",\"name\":\"Acad\u00e8mia Cosmik\",\"description\":\"Acad\u00e8mia de rep\u00e0s online\",\"potentialAction\":[{\"@type\":\"SearchAction\",\"target\":{\"@type\":\"EntryPoint\",\"urlTemplate\":\"https:\/\/academiacosmik.com\/es\/?s={search_term_string}\"},\"query-input\":{\"@type\":\"PropertyValueSpecification\",\"valueRequired\":true,\"valueName\":\"search_term_string\"}}],\"inLanguage\":\"es\"}]}<\/script>\n<!-- \/ Yoast SEO plugin. -->","yoast_head_json":{"title":"Dosier PAP Mates (Examen CLOM) - Volumen 2 - Acad\u00e8mia Cosmik","description":"Material imprescindible para preparar la PAP (prueba de aptitud personal) de matem\u00e1ticas. \u00a12 models de ex\u00e1menes para practicar con soluciones al final!","robots":{"index":"index","follow":"follow","max-snippet":"max-snippet:-1","max-image-preview":"max-image-preview:large","max-video-preview":"max-video-preview:-1"},"canonical":"https:\/\/academiacosmik.com\/es\/producte\/dosier-pap-mates-examen-clom-copia\/","og_locale":"es_ES","og_type":"article","og_title":"Dosier PAP Mates (Examen CLOM) - Volumen 2 - Acad\u00e8mia Cosmik","og_description":"Material imprescindible para preparar la PAP (prueba de aptitud personal) de matem\u00e1ticas. \u00a12 models de ex\u00e1menes para practicar con soluciones al final!","og_url":"https:\/\/academiacosmik.com\/es\/producte\/dosier-pap-mates-examen-clom-copia\/","og_site_name":"Acad\u00e8mia Cosmik","article_modified_time":"2026-03-05T14:56:18+00:00","og_image":[{"width":340,"height":275,"url":"https:\/\/academiacosmik.com\/wp-content\/uploads\/2025\/12\/miniatura_dossier_pap_mates_v2.jpg","type":"image\/jpeg"}],"twitter_card":"summary_large_image","twitter_misc":{"Tiempo de lectura":"1 minuto"},"schema":{"@context":"https:\/\/schema.org","@graph":[{"@type":"WebPage","@id":"https:\/\/academiacosmik.com\/es\/producte\/dosier-pap-mates-examen-clom-copia\/","url":"https:\/\/academiacosmik.com\/es\/producte\/dosier-pap-mates-examen-clom-copia\/","name":"Dosier PAP Mates (Examen CLOM) - Volumen 2 - Acad\u00e8mia Cosmik","isPartOf":{"@id":"https:\/\/academiacosmik.com\/es\/#website"},"primaryImageOfPage":{"@id":"https:\/\/academiacosmik.com\/es\/producte\/dosier-pap-mates-examen-clom-copia\/#primaryimage"},"image":{"@id":"https:\/\/academiacosmik.com\/es\/producte\/dosier-pap-mates-examen-clom-copia\/#primaryimage"},"thumbnailUrl":"https:\/\/academiacosmik.com\/wp-content\/uploads\/2025\/12\/miniatura_dossier_pap_mates_v2.jpg","datePublished":"2025-12-31T16:39:40+00:00","dateModified":"2026-03-05T14:56:18+00:00","description":"Material imprescindible para preparar la PAP (prueba de aptitud personal) de matem\u00e1ticas. \u00a12 models de ex\u00e1menes para practicar con soluciones al final!","breadcrumb":{"@id":"https:\/\/academiacosmik.com\/es\/producte\/dosier-pap-mates-examen-clom-copia\/#breadcrumb"},"inLanguage":"es","potentialAction":[{"@type":"ReadAction","target":["https:\/\/academiacosmik.com\/es\/producte\/dosier-pap-mates-examen-clom-copia\/"]}]},{"@type":"ImageObject","inLanguage":"es","@id":"https:\/\/academiacosmik.com\/es\/producte\/dosier-pap-mates-examen-clom-copia\/#primaryimage","url":"https:\/\/academiacosmik.com\/wp-content\/uploads\/2025\/12\/miniatura_dossier_pap_mates_v2.jpg","contentUrl":"https:\/\/academiacosmik.com\/wp-content\/uploads\/2025\/12\/miniatura_dossier_pap_mates_v2.jpg","width":340,"height":275,"caption":"dossier pap mates examen clom volumen 2"},{"@type":"BreadcrumbList","@id":"https:\/\/academiacosmik.com\/es\/producte\/dosier-pap-mates-examen-clom-copia\/#breadcrumb","itemListElement":[{"@type":"ListItem","position":1,"name":"Home","item":"https:\/\/academiacosmik.com\/es\/"},{"@type":"ListItem","position":2,"name":"Productos","item":"https:\/\/academiacosmik.com\/es\/shop\/"},{"@type":"ListItem","position":3,"name":"Dosier PAP Mates (Examen CLOM) &#8211; Volumen 2"}]},{"@type":"WebSite","@id":"https:\/\/academiacosmik.com\/es\/#website","url":"https:\/\/academiacosmik.com\/es\/","name":"Acad\u00e8mia Cosmik","description":"Acad\u00e8mia de rep\u00e0s online","potentialAction":[{"@type":"SearchAction","target":{"@type":"EntryPoint","urlTemplate":"https:\/\/academiacosmik.com\/es\/?s={search_term_string}"},"query-input":{"@type":"PropertyValueSpecification","valueRequired":true,"valueName":"search_term_string"}}],"inLanguage":"es"}]}},"jetpack_sharing_enabled":true,"_links":{"self":[{"href":"https:\/\/academiacosmik.com\/es\/wp-json\/wp\/v2\/product\/5637"}],"collection":[{"href":"https:\/\/academiacosmik.com\/es\/wp-json\/wp\/v2\/product"}],"about":[{"href":"https:\/\/academiacosmik.com\/es\/wp-json\/wp\/v2\/types\/product"}],"wp:featuredmedia":[{"embeddable":true,"href":"https:\/\/academiacosmik.com\/es\/wp-json\/wp\/v2\/media\/5641"}],"wp:attachment":[{"href":"https:\/\/academiacosmik.com\/es\/wp-json\/wp\/v2\/media?parent=5637"}],"wp:term":[{"taxonomy":"product_cat","embeddable":true,"href":"https:\/\/academiacosmik.com\/es\/wp-json\/wp\/v2\/product_cat?post=5637"},{"taxonomy":"product_tag","embeddable":true,"href":"https:\/\/academiacosmik.com\/es\/wp-json\/wp\/v2\/product_tag?post=5637"}],"curies":[{"name":"wp","href":"https:\/\/api.w.org\/{rel}","templated":true}]}}