{"id":5252,"date":"2025-02-09T20:51:31","date_gmt":"2025-02-09T20:51:31","guid":{"rendered":"https:\/\/academiacosmik.com\/producte\/dossier-pap-catala-examen-ccirc\/"},"modified":"2026-03-05T14:55:32","modified_gmt":"2026-03-05T14:55:32","slug":"dosier-pap-catalan-examen-ccirc","status":"publish","type":"product","link":"https:\/\/academiacosmik.com\/es\/producte\/dosier-pap-catalan-examen-ccirc\/","title":{"rendered":"Dosier PAP Catal\u00e1n (Examen CCIRC) &#8211; Volumen 1"},"content":{"rendered":"<p><strong>Contenido:<\/strong><\/p>\n<ul>\n<li>2 modelos de ex\u00e1menes para practicar<\/li>\n<li>Soluciones al final<\/li>\n<li>\u00a1Envianos las redacciones y las corregimos!<\/li>\n<\/ul>\n","protected":false},"excerpt":{"rendered":"<p><strong>Contenido:<\/strong><\/p>\n<ul>\n<li>2 modelos de ex\u00e1menes para practicar<\/li>\n<li>Soluciones al final<\/li>\n<li>\u00a1Envianos las redacciones y las corregimos!<\/li>\n<\/ul>\n<p>\u00a1Con el Dosier PAP Catal\u00e1n de Acad\u00e8mia Cosmik, el catal\u00e1n de las PAP no se te resistir\u00e1! \ud83d\ude80<\/p>\n<div class=\"notranslate\" style=\"all: initial;\"><\/div>\n","protected":false},"featured_media":5742,"template":"","meta":{"_et_pb_use_builder":"","_et_pb_old_content":"","_et_gb_content_width":"","_joinchat":[]},"product_cat":[96],"product_tag":[],"yoast_head":"<!-- This site is optimized with the Yoast SEO plugin v23.5 - https:\/\/yoast.com\/wordpress\/plugins\/seo\/ -->\n<title>Dosier PAP Catal\u00e1n (Examen CCIRC) - Volumen 1 - Acad\u00e8mia Cosmik<\/title>\n<meta name=\"description\" content=\"Dosier imprescindible para preparar la PAP (prueba de aptitud personal) de catal\u00e1n. \u00a12 modelos de ex\u00e1menes con soluciones y correcci\u00f3n de las redacciones incluida!\" \/>\n<meta name=\"robots\" content=\"index, follow, max-snippet:-1, max-image-preview:large, max-video-preview:-1\" \/>\n<link rel=\"canonical\" href=\"https:\/\/academiacosmik.com\/es\/producte\/dosier-pap-catalan-examen-ccirc\/\" \/>\n<meta property=\"og:locale\" content=\"es_ES\" \/>\n<meta property=\"og:type\" content=\"article\" \/>\n<meta property=\"og:title\" content=\"Dosier PAP Catal\u00e1n (Examen CCIRC) - Volumen 1 - Acad\u00e8mia Cosmik\" \/>\n<meta property=\"og:description\" content=\"Dosier imprescindible para preparar la PAP (prueba de aptitud personal) de catal\u00e1n. \u00a12 modelos de ex\u00e1menes con soluciones y correcci\u00f3n de las redacciones incluida!\" \/>\n<meta property=\"og:url\" content=\"https:\/\/academiacosmik.com\/es\/producte\/dosier-pap-catalan-examen-ccirc\/\" \/>\n<meta property=\"og:site_name\" content=\"Acad\u00e8mia Cosmik\" \/>\n<meta property=\"article:modified_time\" content=\"2026-03-05T14:55:32+00:00\" \/>\n<meta property=\"og:image\" content=\"https:\/\/academiacosmik.com\/wp-content\/uploads\/2026\/03\/miniatura_dossier_pap_catala_volum_1.jpg\" \/>\n\t<meta property=\"og:image:width\" content=\"340\" \/>\n\t<meta property=\"og:image:height\" content=\"275\" \/>\n\t<meta property=\"og:image:type\" content=\"image\/jpeg\" \/>\n<meta name=\"twitter:card\" content=\"summary_large_image\" \/>\n<meta name=\"twitter:label1\" content=\"Tiempo de lectura\" \/>\n\t<meta name=\"twitter:data1\" content=\"1 minuto\" \/>\n<script type=\"application\/ld+json\" class=\"yoast-schema-graph\">{\"@context\":\"https:\/\/schema.org\",\"@graph\":[{\"@type\":\"WebPage\",\"@id\":\"https:\/\/academiacosmik.com\/es\/producte\/dosier-pap-catalan-examen-ccirc\/\",\"url\":\"https:\/\/academiacosmik.com\/es\/producte\/dosier-pap-catalan-examen-ccirc\/\",\"name\":\"Dosier PAP Catal\u00e1n (Examen CCIRC) - Volumen 1 - Acad\u00e8mia Cosmik\",\"isPartOf\":{\"@id\":\"https:\/\/academiacosmik.com\/es\/#website\"},\"primaryImageOfPage\":{\"@id\":\"https:\/\/academiacosmik.com\/es\/producte\/dosier-pap-catalan-examen-ccirc\/#primaryimage\"},\"image\":{\"@id\":\"https:\/\/academiacosmik.com\/es\/producte\/dosier-pap-catalan-examen-ccirc\/#primaryimage\"},\"thumbnailUrl\":\"https:\/\/academiacosmik.com\/wp-content\/uploads\/2026\/03\/miniatura_dossier_pap_catala_volum_1.jpg\",\"datePublished\":\"2025-02-09T20:51:31+00:00\",\"dateModified\":\"2026-03-05T14:55:32+00:00\",\"description\":\"Dosier imprescindible para preparar la PAP (prueba de aptitud personal) de catal\u00e1n. \u00a12 modelos de ex\u00e1menes con soluciones y correcci\u00f3n de las redacciones incluida!\",\"breadcrumb\":{\"@id\":\"https:\/\/academiacosmik.com\/es\/producte\/dosier-pap-catalan-examen-ccirc\/#breadcrumb\"},\"inLanguage\":\"es\",\"potentialAction\":[{\"@type\":\"ReadAction\",\"target\":[\"https:\/\/academiacosmik.com\/es\/producte\/dosier-pap-catalan-examen-ccirc\/\"]}]},{\"@type\":\"ImageObject\",\"inLanguage\":\"es\",\"@id\":\"https:\/\/academiacosmik.com\/es\/producte\/dosier-pap-catalan-examen-ccirc\/#primaryimage\",\"url\":\"https:\/\/academiacosmik.com\/wp-content\/uploads\/2026\/03\/miniatura_dossier_pap_catala_volum_1.jpg\",\"contentUrl\":\"https:\/\/academiacosmik.com\/wp-content\/uploads\/2026\/03\/miniatura_dossier_pap_catala_volum_1.jpg\",\"width\":340,\"height\":275,\"caption\":\"Dossier PAP Catal\u00e0 Volum 1\"},{\"@type\":\"BreadcrumbList\",\"@id\":\"https:\/\/academiacosmik.com\/es\/producte\/dosier-pap-catalan-examen-ccirc\/#breadcrumb\",\"itemListElement\":[{\"@type\":\"ListItem\",\"position\":1,\"name\":\"Home\",\"item\":\"https:\/\/academiacosmik.com\/es\/\"},{\"@type\":\"ListItem\",\"position\":2,\"name\":\"Productos\",\"item\":\"https:\/\/academiacosmik.com\/es\/shop\/\"},{\"@type\":\"ListItem\",\"position\":3,\"name\":\"Dosier PAP Catal\u00e1n (Examen CCIRC) &#8211; Volumen 1\"}]},{\"@type\":\"WebSite\",\"@id\":\"https:\/\/academiacosmik.com\/es\/#website\",\"url\":\"https:\/\/academiacosmik.com\/es\/\",\"name\":\"Acad\u00e8mia Cosmik\",\"description\":\"Acad\u00e8mia de rep\u00e0s online\",\"potentialAction\":[{\"@type\":\"SearchAction\",\"target\":{\"@type\":\"EntryPoint\",\"urlTemplate\":\"https:\/\/academiacosmik.com\/es\/?s={search_term_string}\"},\"query-input\":{\"@type\":\"PropertyValueSpecification\",\"valueRequired\":true,\"valueName\":\"search_term_string\"}}],\"inLanguage\":\"es\"}]}<\/script>\n<!-- \/ Yoast SEO plugin. -->","yoast_head_json":{"title":"Dosier PAP Catal\u00e1n (Examen CCIRC) - Volumen 1 - Acad\u00e8mia Cosmik","description":"Dosier imprescindible para preparar la PAP (prueba de aptitud personal) de catal\u00e1n. \u00a12 modelos de ex\u00e1menes con soluciones y correcci\u00f3n de las redacciones incluida!","robots":{"index":"index","follow":"follow","max-snippet":"max-snippet:-1","max-image-preview":"max-image-preview:large","max-video-preview":"max-video-preview:-1"},"canonical":"https:\/\/academiacosmik.com\/es\/producte\/dosier-pap-catalan-examen-ccirc\/","og_locale":"es_ES","og_type":"article","og_title":"Dosier PAP Catal\u00e1n (Examen CCIRC) - Volumen 1 - Acad\u00e8mia Cosmik","og_description":"Dosier imprescindible para preparar la PAP (prueba de aptitud personal) de catal\u00e1n. \u00a12 modelos de ex\u00e1menes con soluciones y correcci\u00f3n de las redacciones incluida!","og_url":"https:\/\/academiacosmik.com\/es\/producte\/dosier-pap-catalan-examen-ccirc\/","og_site_name":"Acad\u00e8mia Cosmik","article_modified_time":"2026-03-05T14:55:32+00:00","og_image":[{"width":340,"height":275,"url":"https:\/\/academiacosmik.com\/wp-content\/uploads\/2026\/03\/miniatura_dossier_pap_catala_volum_1.jpg","type":"image\/jpeg"}],"twitter_card":"summary_large_image","twitter_misc":{"Tiempo de lectura":"1 minuto"},"schema":{"@context":"https:\/\/schema.org","@graph":[{"@type":"WebPage","@id":"https:\/\/academiacosmik.com\/es\/producte\/dosier-pap-catalan-examen-ccirc\/","url":"https:\/\/academiacosmik.com\/es\/producte\/dosier-pap-catalan-examen-ccirc\/","name":"Dosier PAP Catal\u00e1n (Examen CCIRC) - Volumen 1 - Acad\u00e8mia Cosmik","isPartOf":{"@id":"https:\/\/academiacosmik.com\/es\/#website"},"primaryImageOfPage":{"@id":"https:\/\/academiacosmik.com\/es\/producte\/dosier-pap-catalan-examen-ccirc\/#primaryimage"},"image":{"@id":"https:\/\/academiacosmik.com\/es\/producte\/dosier-pap-catalan-examen-ccirc\/#primaryimage"},"thumbnailUrl":"https:\/\/academiacosmik.com\/wp-content\/uploads\/2026\/03\/miniatura_dossier_pap_catala_volum_1.jpg","datePublished":"2025-02-09T20:51:31+00:00","dateModified":"2026-03-05T14:55:32+00:00","description":"Dosier imprescindible para preparar la PAP (prueba de aptitud personal) de catal\u00e1n. \u00a12 modelos de ex\u00e1menes con soluciones y correcci\u00f3n de las redacciones incluida!","breadcrumb":{"@id":"https:\/\/academiacosmik.com\/es\/producte\/dosier-pap-catalan-examen-ccirc\/#breadcrumb"},"inLanguage":"es","potentialAction":[{"@type":"ReadAction","target":["https:\/\/academiacosmik.com\/es\/producte\/dosier-pap-catalan-examen-ccirc\/"]}]},{"@type":"ImageObject","inLanguage":"es","@id":"https:\/\/academiacosmik.com\/es\/producte\/dosier-pap-catalan-examen-ccirc\/#primaryimage","url":"https:\/\/academiacosmik.com\/wp-content\/uploads\/2026\/03\/miniatura_dossier_pap_catala_volum_1.jpg","contentUrl":"https:\/\/academiacosmik.com\/wp-content\/uploads\/2026\/03\/miniatura_dossier_pap_catala_volum_1.jpg","width":340,"height":275,"caption":"Dossier PAP Catal\u00e0 Volum 1"},{"@type":"BreadcrumbList","@id":"https:\/\/academiacosmik.com\/es\/producte\/dosier-pap-catalan-examen-ccirc\/#breadcrumb","itemListElement":[{"@type":"ListItem","position":1,"name":"Home","item":"https:\/\/academiacosmik.com\/es\/"},{"@type":"ListItem","position":2,"name":"Productos","item":"https:\/\/academiacosmik.com\/es\/shop\/"},{"@type":"ListItem","position":3,"name":"Dosier PAP Catal\u00e1n (Examen CCIRC) &#8211; Volumen 1"}]},{"@type":"WebSite","@id":"https:\/\/academiacosmik.com\/es\/#website","url":"https:\/\/academiacosmik.com\/es\/","name":"Acad\u00e8mia Cosmik","description":"Acad\u00e8mia de rep\u00e0s online","potentialAction":[{"@type":"SearchAction","target":{"@type":"EntryPoint","urlTemplate":"https:\/\/academiacosmik.com\/es\/?s={search_term_string}"},"query-input":{"@type":"PropertyValueSpecification","valueRequired":true,"valueName":"search_term_string"}}],"inLanguage":"es"}]}},"jetpack_sharing_enabled":true,"_links":{"self":[{"href":"https:\/\/academiacosmik.com\/es\/wp-json\/wp\/v2\/product\/5252"}],"collection":[{"href":"https:\/\/academiacosmik.com\/es\/wp-json\/wp\/v2\/product"}],"about":[{"href":"https:\/\/academiacosmik.com\/es\/wp-json\/wp\/v2\/types\/product"}],"wp:featuredmedia":[{"embeddable":true,"href":"https:\/\/academiacosmik.com\/es\/wp-json\/wp\/v2\/media\/5742"}],"wp:attachment":[{"href":"https:\/\/academiacosmik.com\/es\/wp-json\/wp\/v2\/media?parent=5252"}],"wp:term":[{"taxonomy":"product_cat","embeddable":true,"href":"https:\/\/academiacosmik.com\/es\/wp-json\/wp\/v2\/product_cat?post=5252"},{"taxonomy":"product_tag","embeddable":true,"href":"https:\/\/academiacosmik.com\/es\/wp-json\/wp\/v2\/product_tag?post=5252"}],"curies":[{"name":"wp","href":"https:\/\/api.w.org\/{rel}","templated":true}]}}