{"id":4110,"date":"2025-01-12T17:09:23","date_gmt":"2024-02-12T17:09:24","guid":{"rendered":"https:\/\/academiacosmik.com\/?post_type=product&#038;p=4110"},"modified":"2026-02-16T15:36:15","modified_gmt":"2026-02-16T15:36:15","slug":"sesion-10-ortografia-selectividad","status":"publish","type":"product","link":"https:\/\/academiacosmik.com\/es\/producte\/sesion-10-ortografia-selectividad\/","title":{"rendered":"Sesi\u00f3n 10: Ortograf\u00eda"},"content":{"rendered":"<p><strong>Contenido:<\/strong><\/p>\n<ul>\n<li>Repaso de la ortograf\u00eda que debemos dominar para la Selectividad<\/li>\n<li><em>Accents diacr\u00edtics<\/em><\/li>\n<li>Palabras masculinas y femeninas confusas<\/li>\n<li>Ejemplos y casos m\u00e1s preguntados en la Selectividad<\/li>\n<\/ul>\n<p><strong>Sobre la clase:<\/strong><\/p>\n<ul>\n<li>Clase en Directo + Dudas (1h): 27 mayo 2026 de 15:30 a 16:30<\/li>\n<li>Asistas o no al directo, \u00a1podr\u00e1s mirar la grabaci\u00f3n tantas veces como quieras!<\/li>\n<\/ul>\n","protected":false},"excerpt":{"rendered":"<p>\u00bfRepasamos juntos para la Selectividad? \ud83d\udccb En esta <strong>sesi\u00f3n en directo<\/strong> veremos:<\/p>\n<ul>\n<li>Repaso de la ortograf\u00eda que debemos dominar para la Selectividad<\/li>\n<li><em>Accents diacr\u00edtics<\/em><\/li>\n<li>Palabras masculinas y femeninas confusas<\/li>\n<li>Ejemplos y casos m\u00e1s preguntados en la Selectividad<\/li>\n<\/ul>\n<p>Adem\u00e1s, si tienes dudas, podr\u00e1s hacer <strong>preguntas al profesor<\/strong> al final de la clase o por email. Por otro lado, una vez acabada la clase en directo, <strong>recibir\u00e1s la grabaci\u00f3n<\/strong> en tu email y podr\u00e1s verla tantas veces como quieras. \u00a1Repasar para la Selectividad nunca hab\u00eda sido tan f\u00e1cil! \ud83d\ude80<\/p>\n","protected":false},"featured_media":5699,"template":"","meta":{"_et_pb_use_builder":"","_et_pb_old_content":"","_et_gb_content_width":"","_joinchat":[]},"product_cat":[90],"product_tag":[],"yoast_head":"<!-- This site is optimized with the Yoast SEO plugin v23.5 - https:\/\/yoast.com\/wordpress\/plugins\/seo\/ -->\n<title>Sesi\u00f3n 10: Ortograf\u00eda - Selectividad<\/title>\n<meta name=\"description\" content=\"\u00bfRepasamos juntos la &quot;ortograf\u00eda&quot; para Selectividad? \u00a1Prep\u00e1rate con Academia Cosmik y el examen de catal\u00e1n no se te resistir\u00e1! \ud83d\ude80\" \/>\n<meta name=\"robots\" content=\"index, follow, max-snippet:-1, max-image-preview:large, max-video-preview:-1\" \/>\n<link rel=\"canonical\" href=\"https:\/\/academiacosmik.com\/es\/producte\/sesion-10-ortografia-selectividad\/\" \/>\n<meta property=\"og:locale\" content=\"es_ES\" \/>\n<meta property=\"og:type\" content=\"article\" \/>\n<meta property=\"og:title\" content=\"Sesi\u00f3n 10: Ortograf\u00eda - Selectividad\" \/>\n<meta property=\"og:description\" content=\"\u00bfRepasamos juntos la &quot;ortograf\u00eda&quot; para Selectividad? \u00a1Prep\u00e1rate con Academia Cosmik y el examen de catal\u00e1n no se te resistir\u00e1! \ud83d\ude80\" \/>\n<meta property=\"og:url\" content=\"https:\/\/academiacosmik.com\/es\/producte\/sesion-10-ortografia-selectividad\/\" \/>\n<meta property=\"og:site_name\" content=\"Acad\u00e8mia Cosmik\" \/>\n<meta property=\"article:modified_time\" content=\"2026-02-16T15:36:15+00:00\" \/>\n<meta property=\"og:image\" content=\"https:\/\/academiacosmik.com\/wp-content\/uploads\/2026\/02\/seleclasses-catala-sessio-10.jpg\" \/>\n\t<meta property=\"og:image:width\" content=\"340\" \/>\n\t<meta property=\"og:image:height\" content=\"275\" \/>\n\t<meta property=\"og:image:type\" content=\"image\/jpeg\" \/>\n<meta name=\"twitter:card\" content=\"summary_large_image\" \/>\n<meta name=\"twitter:label1\" content=\"Tiempo de lectura\" \/>\n\t<meta name=\"twitter:data1\" content=\"1 minuto\" \/>\n<script type=\"application\/ld+json\" class=\"yoast-schema-graph\">{\"@context\":\"https:\/\/schema.org\",\"@graph\":[{\"@type\":\"WebPage\",\"@id\":\"https:\/\/academiacosmik.com\/es\/producte\/sesion-10-ortografia-selectividad\/\",\"url\":\"https:\/\/academiacosmik.com\/es\/producte\/sesion-10-ortografia-selectividad\/\",\"name\":\"Sesi\u00f3n 10: Ortograf\u00eda - Selectividad\",\"isPartOf\":{\"@id\":\"https:\/\/academiacosmik.com\/es\/#website\"},\"primaryImageOfPage\":{\"@id\":\"https:\/\/academiacosmik.com\/es\/producte\/sesion-10-ortografia-selectividad\/#primaryimage\"},\"image\":{\"@id\":\"https:\/\/academiacosmik.com\/es\/producte\/sesion-10-ortografia-selectividad\/#primaryimage\"},\"thumbnailUrl\":\"https:\/\/academiacosmik.com\/wp-content\/uploads\/2026\/02\/seleclasses-catala-sessio-10.jpg\",\"datePublished\":\"2024-02-12T17:09:24+00:00\",\"dateModified\":\"2026-02-16T15:36:15+00:00\",\"description\":\"\u00bfRepasamos juntos la \\\"ortograf\u00eda\\\" para Selectividad? \u00a1Prep\u00e1rate con Academia Cosmik y el examen de catal\u00e1n no se te resistir\u00e1! \ud83d\ude80\",\"breadcrumb\":{\"@id\":\"https:\/\/academiacosmik.com\/es\/producte\/sesion-10-ortografia-selectividad\/#breadcrumb\"},\"inLanguage\":\"es\",\"potentialAction\":[{\"@type\":\"ReadAction\",\"target\":[\"https:\/\/academiacosmik.com\/es\/producte\/sesion-10-ortografia-selectividad\/\"]}]},{\"@type\":\"ImageObject\",\"inLanguage\":\"es\",\"@id\":\"https:\/\/academiacosmik.com\/es\/producte\/sesion-10-ortografia-selectividad\/#primaryimage\",\"url\":\"https:\/\/academiacosmik.com\/wp-content\/uploads\/2026\/02\/seleclasses-catala-sessio-10.jpg\",\"contentUrl\":\"https:\/\/academiacosmik.com\/wp-content\/uploads\/2026\/02\/seleclasses-catala-sessio-10.jpg\",\"width\":340,\"height\":275,\"caption\":\"Sessi\u00f3 10: Ortografia\"},{\"@type\":\"BreadcrumbList\",\"@id\":\"https:\/\/academiacosmik.com\/es\/producte\/sesion-10-ortografia-selectividad\/#breadcrumb\",\"itemListElement\":[{\"@type\":\"ListItem\",\"position\":1,\"name\":\"Home\",\"item\":\"https:\/\/academiacosmik.com\/es\/\"},{\"@type\":\"ListItem\",\"position\":2,\"name\":\"Productos\",\"item\":\"https:\/\/academiacosmik.com\/es\/shop\/\"},{\"@type\":\"ListItem\",\"position\":3,\"name\":\"Sesi\u00f3n 10: Ortograf\u00eda\"}]},{\"@type\":\"WebSite\",\"@id\":\"https:\/\/academiacosmik.com\/es\/#website\",\"url\":\"https:\/\/academiacosmik.com\/es\/\",\"name\":\"Acad\u00e8mia Cosmik\",\"description\":\"Acad\u00e8mia de rep\u00e0s online\",\"potentialAction\":[{\"@type\":\"SearchAction\",\"target\":{\"@type\":\"EntryPoint\",\"urlTemplate\":\"https:\/\/academiacosmik.com\/es\/?s={search_term_string}\"},\"query-input\":{\"@type\":\"PropertyValueSpecification\",\"valueRequired\":true,\"valueName\":\"search_term_string\"}}],\"inLanguage\":\"es\"}]}<\/script>\n<!-- \/ Yoast SEO plugin. -->","yoast_head_json":{"title":"Sesi\u00f3n 10: Ortograf\u00eda - Selectividad","description":"\u00bfRepasamos juntos la \"ortograf\u00eda\" para Selectividad? \u00a1Prep\u00e1rate con Academia Cosmik y el examen de catal\u00e1n no se te resistir\u00e1! \ud83d\ude80","robots":{"index":"index","follow":"follow","max-snippet":"max-snippet:-1","max-image-preview":"max-image-preview:large","max-video-preview":"max-video-preview:-1"},"canonical":"https:\/\/academiacosmik.com\/es\/producte\/sesion-10-ortografia-selectividad\/","og_locale":"es_ES","og_type":"article","og_title":"Sesi\u00f3n 10: Ortograf\u00eda - Selectividad","og_description":"\u00bfRepasamos juntos la \"ortograf\u00eda\" para Selectividad? \u00a1Prep\u00e1rate con Academia Cosmik y el examen de catal\u00e1n no se te resistir\u00e1! \ud83d\ude80","og_url":"https:\/\/academiacosmik.com\/es\/producte\/sesion-10-ortografia-selectividad\/","og_site_name":"Acad\u00e8mia Cosmik","article_modified_time":"2026-02-16T15:36:15+00:00","og_image":[{"width":340,"height":275,"url":"https:\/\/academiacosmik.com\/wp-content\/uploads\/2026\/02\/seleclasses-catala-sessio-10.jpg","type":"image\/jpeg"}],"twitter_card":"summary_large_image","twitter_misc":{"Tiempo de lectura":"1 minuto"},"schema":{"@context":"https:\/\/schema.org","@graph":[{"@type":"WebPage","@id":"https:\/\/academiacosmik.com\/es\/producte\/sesion-10-ortografia-selectividad\/","url":"https:\/\/academiacosmik.com\/es\/producte\/sesion-10-ortografia-selectividad\/","name":"Sesi\u00f3n 10: Ortograf\u00eda - Selectividad","isPartOf":{"@id":"https:\/\/academiacosmik.com\/es\/#website"},"primaryImageOfPage":{"@id":"https:\/\/academiacosmik.com\/es\/producte\/sesion-10-ortografia-selectividad\/#primaryimage"},"image":{"@id":"https:\/\/academiacosmik.com\/es\/producte\/sesion-10-ortografia-selectividad\/#primaryimage"},"thumbnailUrl":"https:\/\/academiacosmik.com\/wp-content\/uploads\/2026\/02\/seleclasses-catala-sessio-10.jpg","datePublished":"2024-02-12T17:09:24+00:00","dateModified":"2026-02-16T15:36:15+00:00","description":"\u00bfRepasamos juntos la \"ortograf\u00eda\" para Selectividad? \u00a1Prep\u00e1rate con Academia Cosmik y el examen de catal\u00e1n no se te resistir\u00e1! \ud83d\ude80","breadcrumb":{"@id":"https:\/\/academiacosmik.com\/es\/producte\/sesion-10-ortografia-selectividad\/#breadcrumb"},"inLanguage":"es","potentialAction":[{"@type":"ReadAction","target":["https:\/\/academiacosmik.com\/es\/producte\/sesion-10-ortografia-selectividad\/"]}]},{"@type":"ImageObject","inLanguage":"es","@id":"https:\/\/academiacosmik.com\/es\/producte\/sesion-10-ortografia-selectividad\/#primaryimage","url":"https:\/\/academiacosmik.com\/wp-content\/uploads\/2026\/02\/seleclasses-catala-sessio-10.jpg","contentUrl":"https:\/\/academiacosmik.com\/wp-content\/uploads\/2026\/02\/seleclasses-catala-sessio-10.jpg","width":340,"height":275,"caption":"Sessi\u00f3 10: Ortografia"},{"@type":"BreadcrumbList","@id":"https:\/\/academiacosmik.com\/es\/producte\/sesion-10-ortografia-selectividad\/#breadcrumb","itemListElement":[{"@type":"ListItem","position":1,"name":"Home","item":"https:\/\/academiacosmik.com\/es\/"},{"@type":"ListItem","position":2,"name":"Productos","item":"https:\/\/academiacosmik.com\/es\/shop\/"},{"@type":"ListItem","position":3,"name":"Sesi\u00f3n 10: Ortograf\u00eda"}]},{"@type":"WebSite","@id":"https:\/\/academiacosmik.com\/es\/#website","url":"https:\/\/academiacosmik.com\/es\/","name":"Acad\u00e8mia Cosmik","description":"Acad\u00e8mia de rep\u00e0s online","potentialAction":[{"@type":"SearchAction","target":{"@type":"EntryPoint","urlTemplate":"https:\/\/academiacosmik.com\/es\/?s={search_term_string}"},"query-input":{"@type":"PropertyValueSpecification","valueRequired":true,"valueName":"search_term_string"}}],"inLanguage":"es"}]}},"jetpack_sharing_enabled":true,"_links":{"self":[{"href":"https:\/\/academiacosmik.com\/es\/wp-json\/wp\/v2\/product\/4110"}],"collection":[{"href":"https:\/\/academiacosmik.com\/es\/wp-json\/wp\/v2\/product"}],"about":[{"href":"https:\/\/academiacosmik.com\/es\/wp-json\/wp\/v2\/types\/product"}],"wp:featuredmedia":[{"embeddable":true,"href":"https:\/\/academiacosmik.com\/es\/wp-json\/wp\/v2\/media\/5699"}],"wp:attachment":[{"href":"https:\/\/academiacosmik.com\/es\/wp-json\/wp\/v2\/media?parent=4110"}],"wp:term":[{"taxonomy":"product_cat","embeddable":true,"href":"https:\/\/academiacosmik.com\/es\/wp-json\/wp\/v2\/product_cat?post=4110"},{"taxonomy":"product_tag","embeddable":true,"href":"https:\/\/academiacosmik.com\/es\/wp-json\/wp\/v2\/product_tag?post=4110"}],"curies":[{"name":"wp","href":"https:\/\/api.w.org\/{rel}","templated":true}]}}