{"id":3914,"date":"2023-07-05T22:03:45","date_gmt":"2023-07-05T22:03:45","guid":{"rendered":"https:\/\/academiacosmik.com\/?post_type=product&#038;p=3914"},"modified":"2026-03-17T09:00:36","modified_gmt":"2026-03-17T09:00:36","slug":"clase-online-pap-catalan","status":"publish","type":"product","link":"https:\/\/academiacosmik.com\/es\/producte\/clase-online-pap-catalan\/","title":{"rendered":"PAP: Catal\u00e1n (Examen CCIRC)"},"content":{"rendered":"<p><strong>Contenido:<\/strong><\/p>\n<ul>\n<li>Teor\u00eda con ejemplos reales<\/li>\n<li>E-mail del profesor para resolver dudas<\/li>\n<\/ul>\n<p>\n<strong>Sobre la clase:<\/strong><\/p>\n<ul>\n<li>Clase online en Directo + Dudas (2h): 21 de febrero 2026 de 15:30 a 17:30<\/li>\n<li>Asistas o no al directo, \u00a1podr\u00e1s mirar la grabaci\u00f3n tantas veces como quieras!<\/li>\n<\/ul>\n","protected":false},"excerpt":{"rendered":"<p>\u00a1Aprovecha la clase online para preparar el examen de competencia comunicativa y razonamiento cr\u00edtico (CLOM) y repasa todo lo que necesitas! Asistas o no al directo, te enviaremos la grabaci\u00f3n para que la mires tantas veces como quieras. Adem\u00e1s, dispondr\u00e1s del email del profesor en caso de que te quede alguna duda.<\/p>\n<p>\u00a1Con la clase online de Acad\u00e8mia Cosmik, las mates de las PAP no se te resistir\u00e1n!<\/p>\n","protected":false},"featured_media":3900,"template":"","meta":{"_et_pb_use_builder":"","_et_pb_old_content":"","_et_gb_content_width":"","_joinchat":[]},"product_cat":[96],"product_tag":[],"yoast_head":"<!-- This site is optimized with the Yoast SEO plugin v23.5 - https:\/\/yoast.com\/wordpress\/plugins\/seo\/ -->\n<title>PAP: Catal\u00e1n (Examen CCIRC) - Acad\u00e8mia Cosmik<\/title>\n<meta name=\"description\" content=\"Clase online para preparar la PAP (prueba de aptitud personal) de catal\u00e1n. Teor\u00eda y ejemplos de competencia comunicativa y razonamiento cr\u00edtico (CCIRC)\" \/>\n<meta name=\"robots\" content=\"index, follow, max-snippet:-1, max-image-preview:large, max-video-preview:-1\" \/>\n<link rel=\"canonical\" href=\"https:\/\/academiacosmik.com\/es\/producte\/clase-online-pap-catalan\/\" \/>\n<meta property=\"og:locale\" content=\"es_ES\" \/>\n<meta property=\"og:type\" content=\"article\" \/>\n<meta property=\"og:title\" content=\"PAP: Catal\u00e1n (Examen CCIRC) - Acad\u00e8mia Cosmik\" \/>\n<meta property=\"og:description\" content=\"Clase online para preparar la PAP (prueba de aptitud personal) de catal\u00e1n. Teor\u00eda y ejemplos de competencia comunicativa y razonamiento cr\u00edtico (CCIRC)\" \/>\n<meta property=\"og:url\" content=\"https:\/\/academiacosmik.com\/es\/producte\/clase-online-pap-catalan\/\" \/>\n<meta property=\"og:site_name\" content=\"Acad\u00e8mia Cosmik\" \/>\n<meta property=\"article:modified_time\" content=\"2026-03-17T09:00:36+00:00\" \/>\n<meta property=\"og:image\" content=\"https:\/\/academiacosmik.com\/wp-content\/uploads\/2023\/07\/miniatura_pap_catala.jpg\" \/>\n\t<meta property=\"og:image:width\" content=\"340\" \/>\n\t<meta property=\"og:image:height\" content=\"275\" \/>\n\t<meta property=\"og:image:type\" content=\"image\/jpeg\" \/>\n<meta name=\"twitter:card\" content=\"summary_large_image\" \/>\n<meta name=\"twitter:label1\" content=\"Tiempo de lectura\" \/>\n\t<meta name=\"twitter:data1\" content=\"1 minuto\" \/>\n<script type=\"application\/ld+json\" class=\"yoast-schema-graph\">{\"@context\":\"https:\/\/schema.org\",\"@graph\":[{\"@type\":\"WebPage\",\"@id\":\"https:\/\/academiacosmik.com\/es\/producte\/clase-online-pap-catalan\/\",\"url\":\"https:\/\/academiacosmik.com\/es\/producte\/clase-online-pap-catalan\/\",\"name\":\"PAP: Catal\u00e1n (Examen CCIRC) - Acad\u00e8mia Cosmik\",\"isPartOf\":{\"@id\":\"https:\/\/academiacosmik.com\/es\/#website\"},\"primaryImageOfPage\":{\"@id\":\"https:\/\/academiacosmik.com\/es\/producte\/clase-online-pap-catalan\/#primaryimage\"},\"image\":{\"@id\":\"https:\/\/academiacosmik.com\/es\/producte\/clase-online-pap-catalan\/#primaryimage\"},\"thumbnailUrl\":\"https:\/\/academiacosmik.com\/wp-content\/uploads\/2023\/07\/miniatura_pap_catala.jpg\",\"datePublished\":\"2023-07-05T22:03:45+00:00\",\"dateModified\":\"2026-03-17T09:00:36+00:00\",\"description\":\"Clase online para preparar la PAP (prueba de aptitud personal) de catal\u00e1n. Teor\u00eda y ejemplos de competencia comunicativa y razonamiento cr\u00edtico (CCIRC)\",\"breadcrumb\":{\"@id\":\"https:\/\/academiacosmik.com\/es\/producte\/clase-online-pap-catalan\/#breadcrumb\"},\"inLanguage\":\"es\",\"potentialAction\":[{\"@type\":\"ReadAction\",\"target\":[\"https:\/\/academiacosmik.com\/es\/producte\/clase-online-pap-catalan\/\"]}]},{\"@type\":\"ImageObject\",\"inLanguage\":\"es\",\"@id\":\"https:\/\/academiacosmik.com\/es\/producte\/clase-online-pap-catalan\/#primaryimage\",\"url\":\"https:\/\/academiacosmik.com\/wp-content\/uploads\/2023\/07\/miniatura_pap_catala.jpg\",\"contentUrl\":\"https:\/\/academiacosmik.com\/wp-content\/uploads\/2023\/07\/miniatura_pap_catala.jpg\",\"width\":340,\"height\":275,\"caption\":\"PAP Catal\u00e0: Examen CCIRC\"},{\"@type\":\"BreadcrumbList\",\"@id\":\"https:\/\/academiacosmik.com\/es\/producte\/clase-online-pap-catalan\/#breadcrumb\",\"itemListElement\":[{\"@type\":\"ListItem\",\"position\":1,\"name\":\"Home\",\"item\":\"https:\/\/academiacosmik.com\/es\/\"},{\"@type\":\"ListItem\",\"position\":2,\"name\":\"Productos\",\"item\":\"https:\/\/academiacosmik.com\/es\/shop\/\"},{\"@type\":\"ListItem\",\"position\":3,\"name\":\"PAP: Catal\u00e1n (Examen CCIRC)\"}]},{\"@type\":\"WebSite\",\"@id\":\"https:\/\/academiacosmik.com\/es\/#website\",\"url\":\"https:\/\/academiacosmik.com\/es\/\",\"name\":\"Acad\u00e8mia Cosmik\",\"description\":\"Acad\u00e8mia de rep\u00e0s online\",\"potentialAction\":[{\"@type\":\"SearchAction\",\"target\":{\"@type\":\"EntryPoint\",\"urlTemplate\":\"https:\/\/academiacosmik.com\/es\/?s={search_term_string}\"},\"query-input\":{\"@type\":\"PropertyValueSpecification\",\"valueRequired\":true,\"valueName\":\"search_term_string\"}}],\"inLanguage\":\"es\"}]}<\/script>\n<!-- \/ Yoast SEO plugin. -->","yoast_head_json":{"title":"PAP: Catal\u00e1n (Examen CCIRC) - Acad\u00e8mia Cosmik","description":"Clase online para preparar la PAP (prueba de aptitud personal) de catal\u00e1n. Teor\u00eda y ejemplos de competencia comunicativa y razonamiento cr\u00edtico (CCIRC)","robots":{"index":"index","follow":"follow","max-snippet":"max-snippet:-1","max-image-preview":"max-image-preview:large","max-video-preview":"max-video-preview:-1"},"canonical":"https:\/\/academiacosmik.com\/es\/producte\/clase-online-pap-catalan\/","og_locale":"es_ES","og_type":"article","og_title":"PAP: Catal\u00e1n (Examen CCIRC) - Acad\u00e8mia Cosmik","og_description":"Clase online para preparar la PAP (prueba de aptitud personal) de catal\u00e1n. Teor\u00eda y ejemplos de competencia comunicativa y razonamiento cr\u00edtico (CCIRC)","og_url":"https:\/\/academiacosmik.com\/es\/producte\/clase-online-pap-catalan\/","og_site_name":"Acad\u00e8mia Cosmik","article_modified_time":"2026-03-17T09:00:36+00:00","og_image":[{"width":340,"height":275,"url":"https:\/\/academiacosmik.com\/wp-content\/uploads\/2023\/07\/miniatura_pap_catala.jpg","type":"image\/jpeg"}],"twitter_card":"summary_large_image","twitter_misc":{"Tiempo de lectura":"1 minuto"},"schema":{"@context":"https:\/\/schema.org","@graph":[{"@type":"WebPage","@id":"https:\/\/academiacosmik.com\/es\/producte\/clase-online-pap-catalan\/","url":"https:\/\/academiacosmik.com\/es\/producte\/clase-online-pap-catalan\/","name":"PAP: Catal\u00e1n (Examen CCIRC) - Acad\u00e8mia Cosmik","isPartOf":{"@id":"https:\/\/academiacosmik.com\/es\/#website"},"primaryImageOfPage":{"@id":"https:\/\/academiacosmik.com\/es\/producte\/clase-online-pap-catalan\/#primaryimage"},"image":{"@id":"https:\/\/academiacosmik.com\/es\/producte\/clase-online-pap-catalan\/#primaryimage"},"thumbnailUrl":"https:\/\/academiacosmik.com\/wp-content\/uploads\/2023\/07\/miniatura_pap_catala.jpg","datePublished":"2023-07-05T22:03:45+00:00","dateModified":"2026-03-17T09:00:36+00:00","description":"Clase online para preparar la PAP (prueba de aptitud personal) de catal\u00e1n. Teor\u00eda y ejemplos de competencia comunicativa y razonamiento cr\u00edtico (CCIRC)","breadcrumb":{"@id":"https:\/\/academiacosmik.com\/es\/producte\/clase-online-pap-catalan\/#breadcrumb"},"inLanguage":"es","potentialAction":[{"@type":"ReadAction","target":["https:\/\/academiacosmik.com\/es\/producte\/clase-online-pap-catalan\/"]}]},{"@type":"ImageObject","inLanguage":"es","@id":"https:\/\/academiacosmik.com\/es\/producte\/clase-online-pap-catalan\/#primaryimage","url":"https:\/\/academiacosmik.com\/wp-content\/uploads\/2023\/07\/miniatura_pap_catala.jpg","contentUrl":"https:\/\/academiacosmik.com\/wp-content\/uploads\/2023\/07\/miniatura_pap_catala.jpg","width":340,"height":275,"caption":"PAP Catal\u00e0: Examen CCIRC"},{"@type":"BreadcrumbList","@id":"https:\/\/academiacosmik.com\/es\/producte\/clase-online-pap-catalan\/#breadcrumb","itemListElement":[{"@type":"ListItem","position":1,"name":"Home","item":"https:\/\/academiacosmik.com\/es\/"},{"@type":"ListItem","position":2,"name":"Productos","item":"https:\/\/academiacosmik.com\/es\/shop\/"},{"@type":"ListItem","position":3,"name":"PAP: Catal\u00e1n (Examen CCIRC)"}]},{"@type":"WebSite","@id":"https:\/\/academiacosmik.com\/es\/#website","url":"https:\/\/academiacosmik.com\/es\/","name":"Acad\u00e8mia Cosmik","description":"Acad\u00e8mia de rep\u00e0s online","potentialAction":[{"@type":"SearchAction","target":{"@type":"EntryPoint","urlTemplate":"https:\/\/academiacosmik.com\/es\/?s={search_term_string}"},"query-input":{"@type":"PropertyValueSpecification","valueRequired":true,"valueName":"search_term_string"}}],"inLanguage":"es"}]}},"jetpack_sharing_enabled":true,"_links":{"self":[{"href":"https:\/\/academiacosmik.com\/es\/wp-json\/wp\/v2\/product\/3914"}],"collection":[{"href":"https:\/\/academiacosmik.com\/es\/wp-json\/wp\/v2\/product"}],"about":[{"href":"https:\/\/academiacosmik.com\/es\/wp-json\/wp\/v2\/types\/product"}],"wp:featuredmedia":[{"embeddable":true,"href":"https:\/\/academiacosmik.com\/es\/wp-json\/wp\/v2\/media\/3900"}],"wp:attachment":[{"href":"https:\/\/academiacosmik.com\/es\/wp-json\/wp\/v2\/media?parent=3914"}],"wp:term":[{"taxonomy":"product_cat","embeddable":true,"href":"https:\/\/academiacosmik.com\/es\/wp-json\/wp\/v2\/product_cat?post=3914"},{"taxonomy":"product_tag","embeddable":true,"href":"https:\/\/academiacosmik.com\/es\/wp-json\/wp\/v2\/product_tag?post=3914"}],"curies":[{"name":"wp","href":"https:\/\/api.w.org\/{rel}","templated":true}]}}