{"id":3142,"date":"2025-01-11T04:49:57","date_gmt":"2023-04-20T04:49:57","guid":{"rendered":"https:\/\/academiacosmik.com\/producte\/sesion-7-oracions-subordinades-adjectives-i-adverbials\/"},"modified":"2026-02-16T15:39:19","modified_gmt":"2026-02-16T15:39:19","slug":"sesion-9-subordinades-adjectives-i-adverbials-selectividad","status":"publish","type":"product","link":"https:\/\/academiacosmik.com\/es\/producte\/sesion-9-subordinades-adjectives-i-adverbials-selectividad\/","title":{"rendered":"Sesi\u00f3n 9: \u201cSubordinades adjectives i adverbials\u201c"},"content":{"rendered":"<p><strong>Contenido:<\/strong><\/p>\n<ul>\n<li>Tipos de <em>subordinades adjectives i adverbials<\/em><\/li>\n<li>Sus funciones sint\u00e1cticas<\/li>\n<li>Ejemplos de Selectividad<\/li>\n<\/ul>\n<p><strong>Sobre la clase:<\/strong><\/p>\n<ul>\n<li>Clase en Directo + Dudas (1h): 20 mayo 2026 de 15:30 a 16:30<\/li>\n<li>Asistas o no al directo, \u00a1podr\u00e1s mirar la grabaci\u00f3n tantas veces como quieras!<\/li>\n<\/ul>\n","protected":false},"excerpt":{"rendered":"<p>\u00bfRepasamos juntos para la Selectividad? \ud83d\udccb<\/p>\n<p>En esta <strong>sesi\u00f3n en directo<\/strong> veremos:<\/p>\n<ul>\n<li>Tipos de <em>subordinades adjectives i adverbials<\/em><\/li>\n<li>Sus funciones sint\u00e1cticas<\/li>\n<li>Ejemplos de Selectividad<\/li>\n<\/ul>\n<p>Adem\u00e1s, si tienes dudas, podr\u00e1s hacer <strong>preguntas al profesor<\/strong> al final de la clase o por email.<\/p>\n<p>Por otro lado, una vez acabada la clase en directo, <strong>recibir\u00e1s la grabaci\u00f3n<\/strong> en tu email y podr\u00e1s verla tantas veces como quieras. \u00a1Repasar para la Selectividad nunca hab\u00eda sido tan f\u00e1cil! \ud83d\ude80<\/p>\n","protected":false},"featured_media":5697,"template":"","meta":{"_et_pb_use_builder":"","_et_pb_old_content":"","_et_gb_content_width":"","_joinchat":[]},"product_cat":[90],"product_tag":[],"yoast_head":"<!-- This site is optimized with the Yoast SEO plugin v23.5 - https:\/\/yoast.com\/wordpress\/plugins\/seo\/ -->\n<title>Sesi\u00f3n 9: \u201cSubordinades adjectives i adverbials\u201c - Selectividad<\/title>\n<meta name=\"description\" content=\"\u00bfRepasamos las &quot;oracions subordinades adjectives i adverbials&quot; para Selectividad? \u00a1Prep\u00e1rate con Academia Cosmik y el examen de catal\u00e1n no se te resistir\u00e1! \ud83d\ude80\" \/>\n<meta name=\"robots\" content=\"index, follow, max-snippet:-1, max-image-preview:large, max-video-preview:-1\" \/>\n<link rel=\"canonical\" href=\"https:\/\/academiacosmik.com\/es\/producte\/sesion-9-subordinades-adjectives-i-adverbials-selectividad\/\" \/>\n<meta property=\"og:locale\" content=\"es_ES\" \/>\n<meta property=\"og:type\" content=\"article\" \/>\n<meta property=\"og:title\" content=\"Sesi\u00f3n 9: \u201cSubordinades adjectives i adverbials\u201c - Selectividad\" \/>\n<meta property=\"og:description\" content=\"\u00bfRepasamos las &quot;oracions subordinades adjectives i adverbials&quot; para Selectividad? \u00a1Prep\u00e1rate con Academia Cosmik y el examen de catal\u00e1n no se te resistir\u00e1! \ud83d\ude80\" \/>\n<meta property=\"og:url\" content=\"https:\/\/academiacosmik.com\/es\/producte\/sesion-9-subordinades-adjectives-i-adverbials-selectividad\/\" \/>\n<meta property=\"og:site_name\" content=\"Acad\u00e8mia Cosmik\" \/>\n<meta property=\"article:modified_time\" content=\"2026-02-16T15:39:19+00:00\" \/>\n<meta property=\"og:image\" content=\"https:\/\/academiacosmik.com\/wp-content\/uploads\/2026\/02\/seleclasses-catala-sessio-9.jpg\" \/>\n\t<meta property=\"og:image:width\" content=\"340\" \/>\n\t<meta property=\"og:image:height\" content=\"275\" \/>\n\t<meta property=\"og:image:type\" content=\"image\/jpeg\" \/>\n<meta name=\"twitter:card\" content=\"summary_large_image\" \/>\n<meta name=\"twitter:label1\" content=\"Tiempo de lectura\" \/>\n\t<meta name=\"twitter:data1\" content=\"1 minuto\" \/>\n<script type=\"application\/ld+json\" class=\"yoast-schema-graph\">{\"@context\":\"https:\/\/schema.org\",\"@graph\":[{\"@type\":\"WebPage\",\"@id\":\"https:\/\/academiacosmik.com\/es\/producte\/sesion-9-subordinades-adjectives-i-adverbials-selectividad\/\",\"url\":\"https:\/\/academiacosmik.com\/es\/producte\/sesion-9-subordinades-adjectives-i-adverbials-selectividad\/\",\"name\":\"Sesi\u00f3n 9: \u201cSubordinades adjectives i adverbials\u201c - Selectividad\",\"isPartOf\":{\"@id\":\"https:\/\/academiacosmik.com\/es\/#website\"},\"primaryImageOfPage\":{\"@id\":\"https:\/\/academiacosmik.com\/es\/producte\/sesion-9-subordinades-adjectives-i-adverbials-selectividad\/#primaryimage\"},\"image\":{\"@id\":\"https:\/\/academiacosmik.com\/es\/producte\/sesion-9-subordinades-adjectives-i-adverbials-selectividad\/#primaryimage\"},\"thumbnailUrl\":\"https:\/\/academiacosmik.com\/wp-content\/uploads\/2026\/02\/seleclasses-catala-sessio-9.jpg\",\"datePublished\":\"2023-04-20T04:49:57+00:00\",\"dateModified\":\"2026-02-16T15:39:19+00:00\",\"description\":\"\u00bfRepasamos las \\\"oracions subordinades adjectives i adverbials\\\" para Selectividad? \u00a1Prep\u00e1rate con Academia Cosmik y el examen de catal\u00e1n no se te resistir\u00e1! \ud83d\ude80\",\"breadcrumb\":{\"@id\":\"https:\/\/academiacosmik.com\/es\/producte\/sesion-9-subordinades-adjectives-i-adverbials-selectividad\/#breadcrumb\"},\"inLanguage\":\"es\",\"potentialAction\":[{\"@type\":\"ReadAction\",\"target\":[\"https:\/\/academiacosmik.com\/es\/producte\/sesion-9-subordinades-adjectives-i-adverbials-selectividad\/\"]}]},{\"@type\":\"ImageObject\",\"inLanguage\":\"es\",\"@id\":\"https:\/\/academiacosmik.com\/es\/producte\/sesion-9-subordinades-adjectives-i-adverbials-selectividad\/#primaryimage\",\"url\":\"https:\/\/academiacosmik.com\/wp-content\/uploads\/2026\/02\/seleclasses-catala-sessio-9.jpg\",\"contentUrl\":\"https:\/\/academiacosmik.com\/wp-content\/uploads\/2026\/02\/seleclasses-catala-sessio-9.jpg\",\"width\":340,\"height\":275,\"caption\":\"Sessi\u00f3 9: Subordinades adjectives i adverbials\"},{\"@type\":\"BreadcrumbList\",\"@id\":\"https:\/\/academiacosmik.com\/es\/producte\/sesion-9-subordinades-adjectives-i-adverbials-selectividad\/#breadcrumb\",\"itemListElement\":[{\"@type\":\"ListItem\",\"position\":1,\"name\":\"Home\",\"item\":\"https:\/\/academiacosmik.com\/es\/\"},{\"@type\":\"ListItem\",\"position\":2,\"name\":\"Productos\",\"item\":\"https:\/\/academiacosmik.com\/es\/shop\/\"},{\"@type\":\"ListItem\",\"position\":3,\"name\":\"Sesi\u00f3n 9: \u201cSubordinades adjectives i adverbials\u201c\"}]},{\"@type\":\"WebSite\",\"@id\":\"https:\/\/academiacosmik.com\/es\/#website\",\"url\":\"https:\/\/academiacosmik.com\/es\/\",\"name\":\"Acad\u00e8mia Cosmik\",\"description\":\"Acad\u00e8mia de rep\u00e0s online\",\"potentialAction\":[{\"@type\":\"SearchAction\",\"target\":{\"@type\":\"EntryPoint\",\"urlTemplate\":\"https:\/\/academiacosmik.com\/es\/?s={search_term_string}\"},\"query-input\":{\"@type\":\"PropertyValueSpecification\",\"valueRequired\":true,\"valueName\":\"search_term_string\"}}],\"inLanguage\":\"es\"}]}<\/script>\n<!-- \/ Yoast SEO plugin. -->","yoast_head_json":{"title":"Sesi\u00f3n 9: \u201cSubordinades adjectives i adverbials\u201c - Selectividad","description":"\u00bfRepasamos las \"oracions subordinades adjectives i adverbials\" para Selectividad? \u00a1Prep\u00e1rate con Academia Cosmik y el examen de catal\u00e1n no se te resistir\u00e1! \ud83d\ude80","robots":{"index":"index","follow":"follow","max-snippet":"max-snippet:-1","max-image-preview":"max-image-preview:large","max-video-preview":"max-video-preview:-1"},"canonical":"https:\/\/academiacosmik.com\/es\/producte\/sesion-9-subordinades-adjectives-i-adverbials-selectividad\/","og_locale":"es_ES","og_type":"article","og_title":"Sesi\u00f3n 9: \u201cSubordinades adjectives i adverbials\u201c - Selectividad","og_description":"\u00bfRepasamos las \"oracions subordinades adjectives i adverbials\" para Selectividad? \u00a1Prep\u00e1rate con Academia Cosmik y el examen de catal\u00e1n no se te resistir\u00e1! \ud83d\ude80","og_url":"https:\/\/academiacosmik.com\/es\/producte\/sesion-9-subordinades-adjectives-i-adverbials-selectividad\/","og_site_name":"Acad\u00e8mia Cosmik","article_modified_time":"2026-02-16T15:39:19+00:00","og_image":[{"width":340,"height":275,"url":"https:\/\/academiacosmik.com\/wp-content\/uploads\/2026\/02\/seleclasses-catala-sessio-9.jpg","type":"image\/jpeg"}],"twitter_card":"summary_large_image","twitter_misc":{"Tiempo de lectura":"1 minuto"},"schema":{"@context":"https:\/\/schema.org","@graph":[{"@type":"WebPage","@id":"https:\/\/academiacosmik.com\/es\/producte\/sesion-9-subordinades-adjectives-i-adverbials-selectividad\/","url":"https:\/\/academiacosmik.com\/es\/producte\/sesion-9-subordinades-adjectives-i-adverbials-selectividad\/","name":"Sesi\u00f3n 9: \u201cSubordinades adjectives i adverbials\u201c - Selectividad","isPartOf":{"@id":"https:\/\/academiacosmik.com\/es\/#website"},"primaryImageOfPage":{"@id":"https:\/\/academiacosmik.com\/es\/producte\/sesion-9-subordinades-adjectives-i-adverbials-selectividad\/#primaryimage"},"image":{"@id":"https:\/\/academiacosmik.com\/es\/producte\/sesion-9-subordinades-adjectives-i-adverbials-selectividad\/#primaryimage"},"thumbnailUrl":"https:\/\/academiacosmik.com\/wp-content\/uploads\/2026\/02\/seleclasses-catala-sessio-9.jpg","datePublished":"2023-04-20T04:49:57+00:00","dateModified":"2026-02-16T15:39:19+00:00","description":"\u00bfRepasamos las \"oracions subordinades adjectives i adverbials\" para Selectividad? \u00a1Prep\u00e1rate con Academia Cosmik y el examen de catal\u00e1n no se te resistir\u00e1! \ud83d\ude80","breadcrumb":{"@id":"https:\/\/academiacosmik.com\/es\/producte\/sesion-9-subordinades-adjectives-i-adverbials-selectividad\/#breadcrumb"},"inLanguage":"es","potentialAction":[{"@type":"ReadAction","target":["https:\/\/academiacosmik.com\/es\/producte\/sesion-9-subordinades-adjectives-i-adverbials-selectividad\/"]}]},{"@type":"ImageObject","inLanguage":"es","@id":"https:\/\/academiacosmik.com\/es\/producte\/sesion-9-subordinades-adjectives-i-adverbials-selectividad\/#primaryimage","url":"https:\/\/academiacosmik.com\/wp-content\/uploads\/2026\/02\/seleclasses-catala-sessio-9.jpg","contentUrl":"https:\/\/academiacosmik.com\/wp-content\/uploads\/2026\/02\/seleclasses-catala-sessio-9.jpg","width":340,"height":275,"caption":"Sessi\u00f3 9: Subordinades adjectives i adverbials"},{"@type":"BreadcrumbList","@id":"https:\/\/academiacosmik.com\/es\/producte\/sesion-9-subordinades-adjectives-i-adverbials-selectividad\/#breadcrumb","itemListElement":[{"@type":"ListItem","position":1,"name":"Home","item":"https:\/\/academiacosmik.com\/es\/"},{"@type":"ListItem","position":2,"name":"Productos","item":"https:\/\/academiacosmik.com\/es\/shop\/"},{"@type":"ListItem","position":3,"name":"Sesi\u00f3n 9: \u201cSubordinades adjectives i adverbials\u201c"}]},{"@type":"WebSite","@id":"https:\/\/academiacosmik.com\/es\/#website","url":"https:\/\/academiacosmik.com\/es\/","name":"Acad\u00e8mia Cosmik","description":"Acad\u00e8mia de rep\u00e0s online","potentialAction":[{"@type":"SearchAction","target":{"@type":"EntryPoint","urlTemplate":"https:\/\/academiacosmik.com\/es\/?s={search_term_string}"},"query-input":{"@type":"PropertyValueSpecification","valueRequired":true,"valueName":"search_term_string"}}],"inLanguage":"es"}]}},"jetpack_sharing_enabled":true,"_links":{"self":[{"href":"https:\/\/academiacosmik.com\/es\/wp-json\/wp\/v2\/product\/3142"}],"collection":[{"href":"https:\/\/academiacosmik.com\/es\/wp-json\/wp\/v2\/product"}],"about":[{"href":"https:\/\/academiacosmik.com\/es\/wp-json\/wp\/v2\/types\/product"}],"wp:featuredmedia":[{"embeddable":true,"href":"https:\/\/academiacosmik.com\/es\/wp-json\/wp\/v2\/media\/5697"}],"wp:attachment":[{"href":"https:\/\/academiacosmik.com\/es\/wp-json\/wp\/v2\/media?parent=3142"}],"wp:term":[{"taxonomy":"product_cat","embeddable":true,"href":"https:\/\/academiacosmik.com\/es\/wp-json\/wp\/v2\/product_cat?post=3142"},{"taxonomy":"product_tag","embeddable":true,"href":"https:\/\/academiacosmik.com\/es\/wp-json\/wp\/v2\/product_tag?post=3142"}],"curies":[{"name":"wp","href":"https:\/\/api.w.org\/{rel}","templated":true}]}}