{"id":3124,"date":"2023-01-26T04:50:12","date_gmt":"2023-01-26T04:50:12","guid":{"rendered":"https:\/\/academiacosmik.com\/producte\/guia-de-la-fundacion\/"},"modified":"2024-03-31T22:16:27","modified_gmt":"2024-03-31T22:16:27","slug":"guia-de-la-fundacion","status":"publish","type":"product","link":"https:\/\/academiacosmik.com\/es\/producte\/guia-de-la-fundacion\/","title":{"rendered":"Gu\u00eda de \u201cLa Fundaci\u00f3n\u201d"},"content":{"rendered":"<p><strong>Contenido:<\/strong><\/p>\n<ul>\n<li>Esquema y explicaci\u00f3n de personajes, s\u00edmbolos, resumen por partes\u2026 \u00a1y mucho m\u00e1s!<\/li>\n<li>Test de 86 preguntas<\/li>\n<li>Soluciones<\/li>\n<\/ul>\n","protected":false},"excerpt":{"rendered":"<p>Gu\u00eda de \u00abLa Fundaci\u00f3n\u00bb de Antonio Buero Vallejo. Esquema y explicaci\u00f3n de personajes, s\u00edmbolos, res\u00famenes, test de 86 preguntas con las soluciones y\u2026 mucho m\u00e1s!<\/p>\n","protected":false},"featured_media":2992,"template":"","meta":{"_et_pb_use_builder":"","_et_pb_old_content":"","_et_gb_content_width":"","_joinchat":[]},"product_cat":[88],"product_tag":[],"yoast_head":"<!-- This site is optimized with the Yoast SEO plugin v23.5 - https:\/\/yoast.com\/wordpress\/plugins\/seo\/ -->\n<title>Gu\u00eda de \u201cLa Fundaci\u00f3n\u201d - Acad\u00e8mia Cosmik<\/title>\n<meta name=\"description\" content=\"Gu\u00eda de &quot;La Fundaci\u00f3n&quot; de Antonio Buero Vallejo. Incluye resumen por partes, esquema estructural, explicaci\u00f3n de personajes, s\u00edmbolos y test con soluciones\" \/>\n<meta name=\"robots\" content=\"index, follow, max-snippet:-1, max-image-preview:large, max-video-preview:-1\" \/>\n<link rel=\"canonical\" href=\"https:\/\/academiacosmik.com\/es\/producte\/guia-de-la-fundacion\/\" \/>\n<meta property=\"og:locale\" content=\"es_ES\" \/>\n<meta property=\"og:type\" content=\"article\" \/>\n<meta property=\"og:title\" content=\"Gu\u00eda de \u201cLa Fundaci\u00f3n\u201d - Acad\u00e8mia Cosmik\" \/>\n<meta property=\"og:description\" content=\"Gu\u00eda de &quot;La Fundaci\u00f3n&quot; de Antonio Buero Vallejo. Incluye resumen por partes, esquema estructural, explicaci\u00f3n de personajes, s\u00edmbolos y test con soluciones\" \/>\n<meta property=\"og:url\" content=\"https:\/\/academiacosmik.com\/es\/producte\/guia-de-la-fundacion\/\" \/>\n<meta property=\"og:site_name\" content=\"Acad\u00e8mia Cosmik\" \/>\n<meta property=\"article:modified_time\" content=\"2024-03-31T22:16:27+00:00\" \/>\n<meta property=\"og:image\" content=\"https:\/\/academiacosmik.com\/wp-content\/uploads\/2023\/01\/guia_lectura_la_fundacion.jpg\" \/>\n\t<meta property=\"og:image:width\" content=\"340\" \/>\n\t<meta property=\"og:image:height\" content=\"275\" \/>\n\t<meta property=\"og:image:type\" content=\"image\/jpeg\" \/>\n<meta name=\"twitter:card\" content=\"summary_large_image\" \/>\n<meta name=\"twitter:label1\" content=\"Tiempo de lectura\" \/>\n\t<meta name=\"twitter:data1\" content=\"1 minuto\" \/>\n<script type=\"application\/ld+json\" class=\"yoast-schema-graph\">{\"@context\":\"https:\/\/schema.org\",\"@graph\":[{\"@type\":\"WebPage\",\"@id\":\"https:\/\/academiacosmik.com\/es\/producte\/guia-de-la-fundacion\/\",\"url\":\"https:\/\/academiacosmik.com\/es\/producte\/guia-de-la-fundacion\/\",\"name\":\"Gu\u00eda de \u201cLa Fundaci\u00f3n\u201d - Acad\u00e8mia Cosmik\",\"isPartOf\":{\"@id\":\"https:\/\/academiacosmik.com\/es\/#website\"},\"primaryImageOfPage\":{\"@id\":\"https:\/\/academiacosmik.com\/es\/producte\/guia-de-la-fundacion\/#primaryimage\"},\"image\":{\"@id\":\"https:\/\/academiacosmik.com\/es\/producte\/guia-de-la-fundacion\/#primaryimage\"},\"thumbnailUrl\":\"https:\/\/academiacosmik.com\/wp-content\/uploads\/2023\/01\/guia_lectura_la_fundacion.jpg\",\"datePublished\":\"2023-01-26T04:50:12+00:00\",\"dateModified\":\"2024-03-31T22:16:27+00:00\",\"description\":\"Gu\u00eda de \\\"La Fundaci\u00f3n\\\" de Antonio Buero Vallejo. Incluye resumen por partes, esquema estructural, explicaci\u00f3n de personajes, s\u00edmbolos y test con soluciones\",\"breadcrumb\":{\"@id\":\"https:\/\/academiacosmik.com\/es\/producte\/guia-de-la-fundacion\/#breadcrumb\"},\"inLanguage\":\"es\",\"potentialAction\":[{\"@type\":\"ReadAction\",\"target\":[\"https:\/\/academiacosmik.com\/es\/producte\/guia-de-la-fundacion\/\"]}]},{\"@type\":\"ImageObject\",\"inLanguage\":\"es\",\"@id\":\"https:\/\/academiacosmik.com\/es\/producte\/guia-de-la-fundacion\/#primaryimage\",\"url\":\"https:\/\/academiacosmik.com\/wp-content\/uploads\/2023\/01\/guia_lectura_la_fundacion.jpg\",\"contentUrl\":\"https:\/\/academiacosmik.com\/wp-content\/uploads\/2023\/01\/guia_lectura_la_fundacion.jpg\",\"width\":340,\"height\":275,\"caption\":\"guia de lectura de \\\"la fundaci\u00f3n\\\"\"},{\"@type\":\"BreadcrumbList\",\"@id\":\"https:\/\/academiacosmik.com\/es\/producte\/guia-de-la-fundacion\/#breadcrumb\",\"itemListElement\":[{\"@type\":\"ListItem\",\"position\":1,\"name\":\"Home\",\"item\":\"https:\/\/academiacosmik.com\/es\/\"},{\"@type\":\"ListItem\",\"position\":2,\"name\":\"Productos\",\"item\":\"https:\/\/academiacosmik.com\/es\/shop\/\"},{\"@type\":\"ListItem\",\"position\":3,\"name\":\"Gu\u00eda de \u201cLa Fundaci\u00f3n\u201d\"}]},{\"@type\":\"WebSite\",\"@id\":\"https:\/\/academiacosmik.com\/es\/#website\",\"url\":\"https:\/\/academiacosmik.com\/es\/\",\"name\":\"Acad\u00e8mia Cosmik\",\"description\":\"Acad\u00e8mia de rep\u00e0s online\",\"potentialAction\":[{\"@type\":\"SearchAction\",\"target\":{\"@type\":\"EntryPoint\",\"urlTemplate\":\"https:\/\/academiacosmik.com\/es\/?s={search_term_string}\"},\"query-input\":{\"@type\":\"PropertyValueSpecification\",\"valueRequired\":true,\"valueName\":\"search_term_string\"}}],\"inLanguage\":\"es\"}]}<\/script>\n<!-- \/ Yoast SEO plugin. -->","yoast_head_json":{"title":"Gu\u00eda de \u201cLa Fundaci\u00f3n\u201d - Acad\u00e8mia Cosmik","description":"Gu\u00eda de \"La Fundaci\u00f3n\" de Antonio Buero Vallejo. Incluye resumen por partes, esquema estructural, explicaci\u00f3n de personajes, s\u00edmbolos y test con soluciones","robots":{"index":"index","follow":"follow","max-snippet":"max-snippet:-1","max-image-preview":"max-image-preview:large","max-video-preview":"max-video-preview:-1"},"canonical":"https:\/\/academiacosmik.com\/es\/producte\/guia-de-la-fundacion\/","og_locale":"es_ES","og_type":"article","og_title":"Gu\u00eda de \u201cLa Fundaci\u00f3n\u201d - Acad\u00e8mia Cosmik","og_description":"Gu\u00eda de \"La Fundaci\u00f3n\" de Antonio Buero Vallejo. Incluye resumen por partes, esquema estructural, explicaci\u00f3n de personajes, s\u00edmbolos y test con soluciones","og_url":"https:\/\/academiacosmik.com\/es\/producte\/guia-de-la-fundacion\/","og_site_name":"Acad\u00e8mia Cosmik","article_modified_time":"2024-03-31T22:16:27+00:00","og_image":[{"width":340,"height":275,"url":"https:\/\/academiacosmik.com\/wp-content\/uploads\/2023\/01\/guia_lectura_la_fundacion.jpg","type":"image\/jpeg"}],"twitter_card":"summary_large_image","twitter_misc":{"Tiempo de lectura":"1 minuto"},"schema":{"@context":"https:\/\/schema.org","@graph":[{"@type":"WebPage","@id":"https:\/\/academiacosmik.com\/es\/producte\/guia-de-la-fundacion\/","url":"https:\/\/academiacosmik.com\/es\/producte\/guia-de-la-fundacion\/","name":"Gu\u00eda de \u201cLa Fundaci\u00f3n\u201d - Acad\u00e8mia Cosmik","isPartOf":{"@id":"https:\/\/academiacosmik.com\/es\/#website"},"primaryImageOfPage":{"@id":"https:\/\/academiacosmik.com\/es\/producte\/guia-de-la-fundacion\/#primaryimage"},"image":{"@id":"https:\/\/academiacosmik.com\/es\/producte\/guia-de-la-fundacion\/#primaryimage"},"thumbnailUrl":"https:\/\/academiacosmik.com\/wp-content\/uploads\/2023\/01\/guia_lectura_la_fundacion.jpg","datePublished":"2023-01-26T04:50:12+00:00","dateModified":"2024-03-31T22:16:27+00:00","description":"Gu\u00eda de \"La Fundaci\u00f3n\" de Antonio Buero Vallejo. Incluye resumen por partes, esquema estructural, explicaci\u00f3n de personajes, s\u00edmbolos y test con soluciones","breadcrumb":{"@id":"https:\/\/academiacosmik.com\/es\/producte\/guia-de-la-fundacion\/#breadcrumb"},"inLanguage":"es","potentialAction":[{"@type":"ReadAction","target":["https:\/\/academiacosmik.com\/es\/producte\/guia-de-la-fundacion\/"]}]},{"@type":"ImageObject","inLanguage":"es","@id":"https:\/\/academiacosmik.com\/es\/producte\/guia-de-la-fundacion\/#primaryimage","url":"https:\/\/academiacosmik.com\/wp-content\/uploads\/2023\/01\/guia_lectura_la_fundacion.jpg","contentUrl":"https:\/\/academiacosmik.com\/wp-content\/uploads\/2023\/01\/guia_lectura_la_fundacion.jpg","width":340,"height":275,"caption":"guia de lectura de \"la fundaci\u00f3n\""},{"@type":"BreadcrumbList","@id":"https:\/\/academiacosmik.com\/es\/producte\/guia-de-la-fundacion\/#breadcrumb","itemListElement":[{"@type":"ListItem","position":1,"name":"Home","item":"https:\/\/academiacosmik.com\/es\/"},{"@type":"ListItem","position":2,"name":"Productos","item":"https:\/\/academiacosmik.com\/es\/shop\/"},{"@type":"ListItem","position":3,"name":"Gu\u00eda de \u201cLa Fundaci\u00f3n\u201d"}]},{"@type":"WebSite","@id":"https:\/\/academiacosmik.com\/es\/#website","url":"https:\/\/academiacosmik.com\/es\/","name":"Acad\u00e8mia Cosmik","description":"Acad\u00e8mia de rep\u00e0s online","potentialAction":[{"@type":"SearchAction","target":{"@type":"EntryPoint","urlTemplate":"https:\/\/academiacosmik.com\/es\/?s={search_term_string}"},"query-input":{"@type":"PropertyValueSpecification","valueRequired":true,"valueName":"search_term_string"}}],"inLanguage":"es"}]}},"jetpack_sharing_enabled":true,"_links":{"self":[{"href":"https:\/\/academiacosmik.com\/es\/wp-json\/wp\/v2\/product\/3124"}],"collection":[{"href":"https:\/\/academiacosmik.com\/es\/wp-json\/wp\/v2\/product"}],"about":[{"href":"https:\/\/academiacosmik.com\/es\/wp-json\/wp\/v2\/types\/product"}],"wp:featuredmedia":[{"embeddable":true,"href":"https:\/\/academiacosmik.com\/es\/wp-json\/wp\/v2\/media\/2992"}],"wp:attachment":[{"href":"https:\/\/academiacosmik.com\/es\/wp-json\/wp\/v2\/media?parent=3124"}],"wp:term":[{"taxonomy":"product_cat","embeddable":true,"href":"https:\/\/academiacosmik.com\/es\/wp-json\/wp\/v2\/product_cat?post=3124"},{"taxonomy":"product_tag","embeddable":true,"href":"https:\/\/academiacosmik.com\/es\/wp-json\/wp\/v2\/product_tag?post=3124"}],"curies":[{"name":"wp","href":"https:\/\/api.w.org\/{rel}","templated":true}]}}