{"id":3952,"date":"2024-01-22T21:28:48","date_gmt":"2024-01-22T21:28:48","guid":{"rendered":"https:\/\/academiacosmik.com\/?page_id=3952"},"modified":"2024-03-05T14:19:04","modified_gmt":"2024-03-05T14:19:04","slug":"pruebas-aptitud-personal","status":"publish","type":"page","link":"https:\/\/academiacosmik.com\/es\/tienda\/pruebas-aptitud-personal\/","title":{"rendered":"Pruebas de Aptitud Personal"},"content":{"rendered":"<p>[et_pb_section fb_built=\u00bb1&#8243; fullwidth=\u00bbon\u00bb _builder_version=\u00bb4.19.0&#8243; _module_preset=\u00bbdefault\u00bb global_colors_info=\u00bb{}\u00bb][et_pb_fullwidth_slider _builder_version=\u00bb4.24.0&#8243; _module_preset=\u00bbdefault\u00bb header_font=\u00bbOpen Sans|700|||||||\u00bb header_line_height=\u00bb1.3em\u00bb body_line_height=\u00bb1.3em\u00bb custom_button=\u00bbon\u00bb button_bg_color=\u00bb#FFB400&#8243; button_border_width=\u00bb0px\u00bb button_border_radius=\u00bb25px\u00bb button_use_icon=\u00bboff\u00bb button_custom_padding=\u00bb|40px||40px|false|true\u00bb hover_enabled=\u00bb0&#8243; header_line_height_tablet=\u00bb1.3em\u00bb header_line_height_phone=\u00bb1em\u00bb header_line_height_last_edited=\u00bbon|phone\u00bb global_colors_info=\u00bb{}\u00bb sticky_enabled=\u00bb0&#8243;][et_pb_slide heading=\u00bbPruebas de Aptitud Personal\u00bb _builder_version=\u00bb4.24.0&#8243; _module_preset=\u00bb164d7e33-74e0-4aaa-9409-741db8261ce5&#8243; header_level=\u00bbh1&#8243; body_font_size=\u00bb21px\u00bb hover_enabled=\u00bb0&#8243; header_font_size_tablet=\u00bb\u00bb header_font_size_phone=\u00bb\u00bb header_font_size_last_edited=\u00bbon|desktop\u00bb global_colors_info=\u00bb{}\u00bb sticky_transition=\u00bbon\u00bb sticky_enabled=\u00bb0&#8243;]<\/p>\n<p>Clase con teor\u00eda y ejemplos reales. Todo lo que necesitas saber para ir tranquilo al examen<\/p>\n<p>[\/et_pb_slide][\/et_pb_fullwidth_slider][\/et_pb_section][et_pb_section fb_built=\u00bb1&#8243; _builder_version=\u00bb4.20.4&#8243; _module_preset=\u00bbdefault\u00bb z_index=\u00bb-500&#8243; global_colors_info=\u00bb{}\u00bb][et_pb_row module_id=\u00bbguies-de-lectura\u00bb _builder_version=\u00bb4.19.0&#8243; _module_preset=\u00bbdefault\u00bb background_color=\u00bb#29338C\u00bb width_tablet=\u00bb\u00bb width_phone=\u00bb100%\u00bb width_last_edited=\u00bbon|phone\u00bb custom_margin=\u00bb15px|auto||auto|false|false\u00bb custom_margin_tablet=\u00bb50px||||false|false\u00bb custom_margin_phone=\u00bb0px||0px||false|false\u00bb custom_margin_last_edited=\u00bbon|phone\u00bb custom_padding=\u00bb10px|50px|10px|50px|false|true\u00bb global_colors_info=\u00bb{}\u00bb][et_pb_column type=\u00bb4_4&#8243; _builder_version=\u00bb4.19.0&#8243; _module_preset=\u00bbdefault\u00bb global_colors_info=\u00bb{}\u00bb][et_pb_text _builder_version=\u00bb4.21.0&#8243; _module_preset=\u00bbdefault\u00bb text_font=\u00bb|600||on|||||\u00bb text_text_color=\u00bb#FFFFFF\u00bb text_font_size=\u00bb16px\u00bb custom_margin=\u00bb||||false|false\u00bb custom_padding=\u00bb||||false|false\u00bb global_colors_info=\u00bb{}\u00bb]<\/p>\n<p>Pruebas de Aptitud Personal<\/p>\n<p>[\/et_pb_text][\/et_pb_column][\/et_pb_row][et_pb_row _builder_version=\u00bb4.19.0&#8243; _module_preset=\u00bbdefault\u00bb width_tablet=\u00bb\u00bb width_phone=\u00bb95%\u00bb width_last_edited=\u00bbon|phone\u00bb custom_padding=\u00bb15px||0px||false|false\u00bb global_colors_info=\u00bb{}\u00bb][et_pb_column type=\u00bb4_4&#8243; _builder_version=\u00bb4.19.0&#8243; _module_preset=\u00bbdefault\u00bb global_colors_info=\u00bb{}\u00bb][et_pb_shop type=\u00bbproduct_category\u00bb include_categories=\u00bb95&#8243; columns_number=\u00bb3&#8243; disabled_on=\u00bboff|off|off\u00bb _builder_version=\u00bb4.24.0&#8243; _module_preset=\u00bbdefault\u00bb global_colors_info=\u00bb{}\u00bb][\/et_pb_shop][et_pb_text disabled_on=\u00bbon|on|on\u00bb admin_label=\u00bbTexto\u00bb _builder_version=\u00bb4.21.0&#8243; _module_preset=\u00bbdefault\u00bb disabled=\u00bbon\u00bb global_colors_info=\u00bb{}\u00bb]<\/p>\n<p><em>Disponibles entre enero y febrero<\/em><\/p>\n<p>[\/et_pb_text][\/et_pb_column][\/et_pb_row][\/et_pb_section]<\/p>\n","protected":false},"excerpt":{"rendered":"<p>Clase con teor\u00eda y ejemplos reales. Todo lo que necesitas saber para ir tranquilo al examenPruebas de Aptitud PersonalDisponibles entre enero y febrero<\/p>\n","protected":false},"author":4,"featured_media":0,"parent":3178,"menu_order":0,"comment_status":"closed","ping_status":"closed","template":"","meta":{"_et_pb_use_builder":"on","_et_pb_old_content":"","_et_gb_content_width":"","footnotes":"","_joinchat":[]},"yoast_head":"<!-- This site is optimized with the Yoast SEO plugin v23.5 - https:\/\/yoast.com\/wordpress\/plugins\/seo\/ -->\n<title>Pruebas de Aptitud Personal - Acad\u00e8mia Cosmik<\/title>\n<meta name=\"description\" content=\"Supera las PAP de catal\u00e1n (CCIRC) y matem\u00e1ticas (CLOM) con nuestras clases online (en directo o v\u00eddeo) \ud83d\ude80 \u00a1Teor\u00eda y ejemplos reales!\" \/>\n<meta name=\"robots\" content=\"index, follow, max-snippet:-1, max-image-preview:large, max-video-preview:-1\" \/>\n<link rel=\"canonical\" href=\"https:\/\/academiacosmik.com\/es\/tienda\/pruebas-aptitud-personal\/\" \/>\n<meta property=\"og:locale\" content=\"es_ES\" \/>\n<meta property=\"og:type\" content=\"article\" \/>\n<meta property=\"og:title\" content=\"Pruebas de Aptitud Personal - Acad\u00e8mia Cosmik\" \/>\n<meta property=\"og:description\" content=\"Supera las PAP de catal\u00e1n (CCIRC) y matem\u00e1ticas (CLOM) con nuestras clases online (en directo o v\u00eddeo) \ud83d\ude80 \u00a1Teor\u00eda y ejemplos reales!\" \/>\n<meta property=\"og:url\" content=\"https:\/\/academiacosmik.com\/es\/tienda\/pruebas-aptitud-personal\/\" \/>\n<meta property=\"og:site_name\" content=\"Acad\u00e8mia Cosmik\" \/>\n<meta property=\"article:modified_time\" content=\"2024-03-05T14:19:04+00:00\" \/>\n<meta name=\"twitter:card\" content=\"summary_large_image\" \/>\n<meta name=\"twitter:label1\" content=\"Tiempo de lectura\" \/>\n\t<meta name=\"twitter:data1\" content=\"1 minuto\" \/>\n<script type=\"application\/ld+json\" class=\"yoast-schema-graph\">{\"@context\":\"https:\/\/schema.org\",\"@graph\":[{\"@type\":\"WebPage\",\"@id\":\"https:\/\/academiacosmik.com\/es\/tienda\/pruebas-aptitud-personal\/\",\"url\":\"https:\/\/academiacosmik.com\/es\/tienda\/pruebas-aptitud-personal\/\",\"name\":\"Pruebas de Aptitud Personal - Acad\u00e8mia Cosmik\",\"isPartOf\":{\"@id\":\"https:\/\/academiacosmik.com\/es\/#website\"},\"datePublished\":\"2024-01-22T21:28:48+00:00\",\"dateModified\":\"2024-03-05T14:19:04+00:00\",\"description\":\"Supera las PAP de catal\u00e1n (CCIRC) y matem\u00e1ticas (CLOM) con nuestras clases online (en directo o v\u00eddeo) \ud83d\ude80 \u00a1Teor\u00eda y ejemplos reales!\",\"breadcrumb\":{\"@id\":\"https:\/\/academiacosmik.com\/es\/tienda\/pruebas-aptitud-personal\/#breadcrumb\"},\"inLanguage\":\"es\",\"potentialAction\":[{\"@type\":\"ReadAction\",\"target\":[\"https:\/\/academiacosmik.com\/es\/tienda\/pruebas-aptitud-personal\/\"]}]},{\"@type\":\"BreadcrumbList\",\"@id\":\"https:\/\/academiacosmik.com\/es\/tienda\/pruebas-aptitud-personal\/#breadcrumb\",\"itemListElement\":[{\"@type\":\"ListItem\",\"position\":1,\"name\":\"Home\",\"item\":\"https:\/\/academiacosmik.com\/es\/\"},{\"@type\":\"ListItem\",\"position\":2,\"name\":\"Tienda\",\"item\":\"https:\/\/academiacosmik.com\/es\/botiga\/\"},{\"@type\":\"ListItem\",\"position\":3,\"name\":\"Pruebas de Aptitud Personal\"}]},{\"@type\":\"WebSite\",\"@id\":\"https:\/\/academiacosmik.com\/es\/#website\",\"url\":\"https:\/\/academiacosmik.com\/es\/\",\"name\":\"Acad\u00e8mia Cosmik\",\"description\":\"Acad\u00e8mia de rep\u00e0s online\",\"potentialAction\":[{\"@type\":\"SearchAction\",\"target\":{\"@type\":\"EntryPoint\",\"urlTemplate\":\"https:\/\/academiacosmik.com\/es\/?s={search_term_string}\"},\"query-input\":{\"@type\":\"PropertyValueSpecification\",\"valueRequired\":true,\"valueName\":\"search_term_string\"}}],\"inLanguage\":\"es\"}]}<\/script>\n<!-- \/ Yoast SEO plugin. -->","yoast_head_json":{"title":"Pruebas de Aptitud Personal - Acad\u00e8mia Cosmik","description":"Supera las PAP de catal\u00e1n (CCIRC) y matem\u00e1ticas (CLOM) con nuestras clases online (en directo o v\u00eddeo) \ud83d\ude80 \u00a1Teor\u00eda y ejemplos reales!","robots":{"index":"index","follow":"follow","max-snippet":"max-snippet:-1","max-image-preview":"max-image-preview:large","max-video-preview":"max-video-preview:-1"},"canonical":"https:\/\/academiacosmik.com\/es\/tienda\/pruebas-aptitud-personal\/","og_locale":"es_ES","og_type":"article","og_title":"Pruebas de Aptitud Personal - Acad\u00e8mia Cosmik","og_description":"Supera las PAP de catal\u00e1n (CCIRC) y matem\u00e1ticas (CLOM) con nuestras clases online (en directo o v\u00eddeo) \ud83d\ude80 \u00a1Teor\u00eda y ejemplos reales!","og_url":"https:\/\/academiacosmik.com\/es\/tienda\/pruebas-aptitud-personal\/","og_site_name":"Acad\u00e8mia Cosmik","article_modified_time":"2024-03-05T14:19:04+00:00","twitter_card":"summary_large_image","twitter_misc":{"Tiempo de lectura":"1 minuto"},"schema":{"@context":"https:\/\/schema.org","@graph":[{"@type":"WebPage","@id":"https:\/\/academiacosmik.com\/es\/tienda\/pruebas-aptitud-personal\/","url":"https:\/\/academiacosmik.com\/es\/tienda\/pruebas-aptitud-personal\/","name":"Pruebas de Aptitud Personal - Acad\u00e8mia Cosmik","isPartOf":{"@id":"https:\/\/academiacosmik.com\/es\/#website"},"datePublished":"2024-01-22T21:28:48+00:00","dateModified":"2024-03-05T14:19:04+00:00","description":"Supera las PAP de catal\u00e1n (CCIRC) y matem\u00e1ticas (CLOM) con nuestras clases online (en directo o v\u00eddeo) \ud83d\ude80 \u00a1Teor\u00eda y ejemplos reales!","breadcrumb":{"@id":"https:\/\/academiacosmik.com\/es\/tienda\/pruebas-aptitud-personal\/#breadcrumb"},"inLanguage":"es","potentialAction":[{"@type":"ReadAction","target":["https:\/\/academiacosmik.com\/es\/tienda\/pruebas-aptitud-personal\/"]}]},{"@type":"BreadcrumbList","@id":"https:\/\/academiacosmik.com\/es\/tienda\/pruebas-aptitud-personal\/#breadcrumb","itemListElement":[{"@type":"ListItem","position":1,"name":"Home","item":"https:\/\/academiacosmik.com\/es\/"},{"@type":"ListItem","position":2,"name":"Tienda","item":"https:\/\/academiacosmik.com\/es\/botiga\/"},{"@type":"ListItem","position":3,"name":"Pruebas de Aptitud Personal"}]},{"@type":"WebSite","@id":"https:\/\/academiacosmik.com\/es\/#website","url":"https:\/\/academiacosmik.com\/es\/","name":"Acad\u00e8mia Cosmik","description":"Acad\u00e8mia de rep\u00e0s online","potentialAction":[{"@type":"SearchAction","target":{"@type":"EntryPoint","urlTemplate":"https:\/\/academiacosmik.com\/es\/?s={search_term_string}"},"query-input":{"@type":"PropertyValueSpecification","valueRequired":true,"valueName":"search_term_string"}}],"inLanguage":"es"}]}},"jetpack_sharing_enabled":true,"_links":{"self":[{"href":"https:\/\/academiacosmik.com\/es\/wp-json\/wp\/v2\/pages\/3952"}],"collection":[{"href":"https:\/\/academiacosmik.com\/es\/wp-json\/wp\/v2\/pages"}],"about":[{"href":"https:\/\/academiacosmik.com\/es\/wp-json\/wp\/v2\/types\/page"}],"author":[{"embeddable":true,"href":"https:\/\/academiacosmik.com\/es\/wp-json\/wp\/v2\/users\/4"}],"replies":[{"embeddable":true,"href":"https:\/\/academiacosmik.com\/es\/wp-json\/wp\/v2\/comments?post=3952"}],"version-history":[{"count":20,"href":"https:\/\/academiacosmik.com\/es\/wp-json\/wp\/v2\/pages\/3952\/revisions"}],"predecessor-version":[{"id":4403,"href":"https:\/\/academiacosmik.com\/es\/wp-json\/wp\/v2\/pages\/3952\/revisions\/4403"}],"up":[{"embeddable":true,"href":"https:\/\/academiacosmik.com\/es\/wp-json\/wp\/v2\/pages\/3178"}],"wp:attachment":[{"href":"https:\/\/academiacosmik.com\/es\/wp-json\/wp\/v2\/media?parent=3952"}],"curies":[{"name":"wp","href":"https:\/\/api.w.org\/{rel}","templated":true}]}}