{"id":3239,"date":"2023-04-26T16:01:33","date_gmt":"2023-04-26T16:01:33","guid":{"rendered":"https:\/\/academiacosmik.com\/?page_id=3239"},"modified":"2024-03-05T16:57:42","modified_gmt":"2024-03-05T16:57:42","slug":"guias-lectura-selectividad","status":"publish","type":"page","link":"https:\/\/academiacosmik.com\/es\/tienda\/guias-lectura-selectividad\/","title":{"rendered":"Gu\u00edas de Lectura"},"content":{"rendered":"<p>[et_pb_section fb_built=\u00bb1&#8243; fullwidth=\u00bbon\u00bb _builder_version=\u00bb4.19.0&#8243; _module_preset=\u00bbdefault\u00bb global_colors_info=\u00bb{}\u00bb][et_pb_fullwidth_slider _builder_version=\u00bb4.21.0&#8243; _module_preset=\u00bbdefault\u00bb header_font=\u00bbOpen Sans|700|||||||\u00bb header_line_height=\u00bb1.3em\u00bb body_line_height=\u00bb1.3em\u00bb custom_button=\u00bbon\u00bb button_bg_color=\u00bb#FFB400&#8243; button_border_width=\u00bb0px\u00bb button_border_radius=\u00bb25px\u00bb button_use_icon=\u00bboff\u00bb button_custom_padding=\u00bb|40px||40px|false|true\u00bb hover_enabled=\u00bb0&#8243; header_line_height_tablet=\u00bb1.3em\u00bb header_line_height_phone=\u00bb1em\u00bb header_line_height_last_edited=\u00bbon|phone\u00bb global_colors_info=\u00bb{}\u00bb sticky_enabled=\u00bb0&#8243;][et_pb_slide heading=\u00bbGu\u00edas de Lectura\u00bb _builder_version=\u00bb4.21.0&#8243; _module_preset=\u00bb164d7e33-74e0-4aaa-9409-741db8261ce5&#8243; body_font_size=\u00bb21px\u00bb hover_enabled=\u00bb0&#8243; header_font_size_tablet=\u00bb\u00bb header_font_size_phone=\u00bb\u00bb header_font_size_last_edited=\u00bbon|desktop\u00bb global_colors_info=\u00bb{}\u00bb sticky_transition=\u00bbon\u00bb header_level=\u00bbh1&#8243; sticky_enabled=\u00bb0&#8243;]<\/p>\n<p>Personajes, esquemas, res\u00famenes, ejercicios&#8230; todo lo que necesitas para dominar las lecturas de Selectividad<\/p>\n<p>[\/et_pb_slide][\/et_pb_fullwidth_slider][\/et_pb_section][et_pb_section fb_built=\u00bb1&#8243; _builder_version=\u00bb4.20.4&#8243; _module_preset=\u00bbdefault\u00bb z_index=\u00bb-500&#8243; global_colors_info=\u00bb{}\u00bb][et_pb_row module_id=\u00bbguies-de-lectura\u00bb _builder_version=\u00bb4.19.0&#8243; _module_preset=\u00bbdefault\u00bb background_color=\u00bb#29338C\u00bb width_tablet=\u00bb\u00bb width_phone=\u00bb100%\u00bb width_last_edited=\u00bbon|phone\u00bb custom_margin=\u00bb15px|auto||auto|false|false\u00bb custom_margin_tablet=\u00bb50px||||false|false\u00bb custom_margin_phone=\u00bb0px||0px||false|false\u00bb custom_margin_last_edited=\u00bbon|phone\u00bb custom_padding=\u00bb10px|50px|10px|50px|false|true\u00bb global_colors_info=\u00bb{}\u00bb][et_pb_column type=\u00bb4_4&#8243; _builder_version=\u00bb4.19.0&#8243; _module_preset=\u00bbdefault\u00bb global_colors_info=\u00bb{}\u00bb][et_pb_text _builder_version=\u00bb4.20.2&#8243; _module_preset=\u00bbdefault\u00bb text_font=\u00bb|600||on|||||\u00bb text_text_color=\u00bb#FFFFFF\u00bb text_font_size=\u00bb16px\u00bb custom_margin=\u00bb||||false|false\u00bb custom_padding=\u00bb||||false|false\u00bb global_colors_info=\u00bb{}\u00bb]<\/p>\n<p>Gu\u00edas de Lectura<\/p>\n<p>[\/et_pb_text][\/et_pb_column][\/et_pb_row][et_pb_row _builder_version=\u00bb4.19.0&#8243; _module_preset=\u00bbdefault\u00bb width_tablet=\u00bb\u00bb width_phone=\u00bb95%\u00bb width_last_edited=\u00bbon|phone\u00bb custom_padding=\u00bb15px||0px||false|false\u00bb global_colors_info=\u00bb{}\u00bb][et_pb_column type=\u00bb4_4&#8243; _builder_version=\u00bb4.19.0&#8243; _module_preset=\u00bbdefault\u00bb global_colors_info=\u00bb{}\u00bb][et_pb_shop type=\u00bbproduct_category\u00bb include_categories=\u00bb87&#8243; columns_number=\u00bb3&#8243; _builder_version=\u00bb4.20.2&#8243; _module_preset=\u00bbdefault\u00bb global_colors_info=\u00bb{}\u00bb][\/et_pb_shop][\/et_pb_column][\/et_pb_row][\/et_pb_section]<\/p>\n","protected":false},"excerpt":{"rendered":"<p>Personajes, esquemas, res\u00famenes, ejercicios&#8230; todo lo que necesitas para dominar las lecturas de SelectividadGu\u00edas de Lectura<\/p>\n","protected":false},"author":6,"featured_media":0,"parent":3178,"menu_order":0,"comment_status":"closed","ping_status":"closed","template":"","meta":{"_et_pb_use_builder":"on","_et_pb_old_content":"","_et_gb_content_width":"","footnotes":"","_joinchat":[]},"yoast_head":"<!-- This site is optimized with the Yoast SEO plugin v23.5 - https:\/\/yoast.com\/wordpress\/plugins\/seo\/ -->\n<title>Gu\u00edas de Lectura - Selectividad<\/title>\n<meta name=\"description\" content=\"Prepara las lecturas de Selectividad con las gu\u00edas de Acad\u00e8mia Cosmik \ud83d\ude80 \u00a1Esquemas, personajes, s\u00edmbolos, res\u00famenes y test con soluciones!\" \/>\n<meta name=\"robots\" content=\"index, follow, max-snippet:-1, max-image-preview:large, max-video-preview:-1\" \/>\n<link rel=\"canonical\" href=\"https:\/\/academiacosmik.com\/es\/tienda\/guias-lectura-selectividad\/\" \/>\n<meta property=\"og:locale\" content=\"es_ES\" \/>\n<meta property=\"og:type\" content=\"article\" \/>\n<meta property=\"og:title\" content=\"Gu\u00edas de Lectura - Selectividad\" \/>\n<meta property=\"og:description\" content=\"Prepara las lecturas de Selectividad con las gu\u00edas de Acad\u00e8mia Cosmik \ud83d\ude80 \u00a1Esquemas, personajes, s\u00edmbolos, res\u00famenes y test con soluciones!\" \/>\n<meta property=\"og:url\" content=\"https:\/\/academiacosmik.com\/es\/tienda\/guias-lectura-selectividad\/\" \/>\n<meta property=\"og:site_name\" content=\"Acad\u00e8mia Cosmik\" \/>\n<meta property=\"article:modified_time\" content=\"2024-03-05T16:57:42+00:00\" \/>\n<meta name=\"twitter:card\" content=\"summary_large_image\" \/>\n<meta name=\"twitter:label1\" content=\"Tiempo de lectura\" \/>\n\t<meta name=\"twitter:data1\" content=\"1 minuto\" \/>\n<script type=\"application\/ld+json\" class=\"yoast-schema-graph\">{\"@context\":\"https:\/\/schema.org\",\"@graph\":[{\"@type\":\"WebPage\",\"@id\":\"https:\/\/academiacosmik.com\/es\/tienda\/guias-lectura-selectividad\/\",\"url\":\"https:\/\/academiacosmik.com\/es\/tienda\/guias-lectura-selectividad\/\",\"name\":\"Gu\u00edas de Lectura - Selectividad\",\"isPartOf\":{\"@id\":\"https:\/\/academiacosmik.com\/es\/#website\"},\"datePublished\":\"2023-04-26T16:01:33+00:00\",\"dateModified\":\"2024-03-05T16:57:42+00:00\",\"description\":\"Prepara las lecturas de Selectividad con las gu\u00edas de Acad\u00e8mia Cosmik \ud83d\ude80 \u00a1Esquemas, personajes, s\u00edmbolos, res\u00famenes y test con soluciones!\",\"breadcrumb\":{\"@id\":\"https:\/\/academiacosmik.com\/es\/tienda\/guias-lectura-selectividad\/#breadcrumb\"},\"inLanguage\":\"es\",\"potentialAction\":[{\"@type\":\"ReadAction\",\"target\":[\"https:\/\/academiacosmik.com\/es\/tienda\/guias-lectura-selectividad\/\"]}]},{\"@type\":\"BreadcrumbList\",\"@id\":\"https:\/\/academiacosmik.com\/es\/tienda\/guias-lectura-selectividad\/#breadcrumb\",\"itemListElement\":[{\"@type\":\"ListItem\",\"position\":1,\"name\":\"Home\",\"item\":\"https:\/\/academiacosmik.com\/es\/\"},{\"@type\":\"ListItem\",\"position\":2,\"name\":\"Tienda\",\"item\":\"https:\/\/academiacosmik.com\/es\/botiga\/\"},{\"@type\":\"ListItem\",\"position\":3,\"name\":\"Gu\u00edas de Lectura\"}]},{\"@type\":\"WebSite\",\"@id\":\"https:\/\/academiacosmik.com\/es\/#website\",\"url\":\"https:\/\/academiacosmik.com\/es\/\",\"name\":\"Acad\u00e8mia Cosmik\",\"description\":\"Acad\u00e8mia de rep\u00e0s online\",\"potentialAction\":[{\"@type\":\"SearchAction\",\"target\":{\"@type\":\"EntryPoint\",\"urlTemplate\":\"https:\/\/academiacosmik.com\/es\/?s={search_term_string}\"},\"query-input\":{\"@type\":\"PropertyValueSpecification\",\"valueRequired\":true,\"valueName\":\"search_term_string\"}}],\"inLanguage\":\"es\"}]}<\/script>\n<!-- \/ Yoast SEO plugin. -->","yoast_head_json":{"title":"Gu\u00edas de Lectura - Selectividad","description":"Prepara las lecturas de Selectividad con las gu\u00edas de Acad\u00e8mia Cosmik \ud83d\ude80 \u00a1Esquemas, personajes, s\u00edmbolos, res\u00famenes y test con soluciones!","robots":{"index":"index","follow":"follow","max-snippet":"max-snippet:-1","max-image-preview":"max-image-preview:large","max-video-preview":"max-video-preview:-1"},"canonical":"https:\/\/academiacosmik.com\/es\/tienda\/guias-lectura-selectividad\/","og_locale":"es_ES","og_type":"article","og_title":"Gu\u00edas de Lectura - Selectividad","og_description":"Prepara las lecturas de Selectividad con las gu\u00edas de Acad\u00e8mia Cosmik \ud83d\ude80 \u00a1Esquemas, personajes, s\u00edmbolos, res\u00famenes y test con soluciones!","og_url":"https:\/\/academiacosmik.com\/es\/tienda\/guias-lectura-selectividad\/","og_site_name":"Acad\u00e8mia Cosmik","article_modified_time":"2024-03-05T16:57:42+00:00","twitter_card":"summary_large_image","twitter_misc":{"Tiempo de lectura":"1 minuto"},"schema":{"@context":"https:\/\/schema.org","@graph":[{"@type":"WebPage","@id":"https:\/\/academiacosmik.com\/es\/tienda\/guias-lectura-selectividad\/","url":"https:\/\/academiacosmik.com\/es\/tienda\/guias-lectura-selectividad\/","name":"Gu\u00edas de Lectura - Selectividad","isPartOf":{"@id":"https:\/\/academiacosmik.com\/es\/#website"},"datePublished":"2023-04-26T16:01:33+00:00","dateModified":"2024-03-05T16:57:42+00:00","description":"Prepara las lecturas de Selectividad con las gu\u00edas de Acad\u00e8mia Cosmik \ud83d\ude80 \u00a1Esquemas, personajes, s\u00edmbolos, res\u00famenes y test con soluciones!","breadcrumb":{"@id":"https:\/\/academiacosmik.com\/es\/tienda\/guias-lectura-selectividad\/#breadcrumb"},"inLanguage":"es","potentialAction":[{"@type":"ReadAction","target":["https:\/\/academiacosmik.com\/es\/tienda\/guias-lectura-selectividad\/"]}]},{"@type":"BreadcrumbList","@id":"https:\/\/academiacosmik.com\/es\/tienda\/guias-lectura-selectividad\/#breadcrumb","itemListElement":[{"@type":"ListItem","position":1,"name":"Home","item":"https:\/\/academiacosmik.com\/es\/"},{"@type":"ListItem","position":2,"name":"Tienda","item":"https:\/\/academiacosmik.com\/es\/botiga\/"},{"@type":"ListItem","position":3,"name":"Gu\u00edas de Lectura"}]},{"@type":"WebSite","@id":"https:\/\/academiacosmik.com\/es\/#website","url":"https:\/\/academiacosmik.com\/es\/","name":"Acad\u00e8mia Cosmik","description":"Acad\u00e8mia de rep\u00e0s online","potentialAction":[{"@type":"SearchAction","target":{"@type":"EntryPoint","urlTemplate":"https:\/\/academiacosmik.com\/es\/?s={search_term_string}"},"query-input":{"@type":"PropertyValueSpecification","valueRequired":true,"valueName":"search_term_string"}}],"inLanguage":"es"}]}},"jetpack_sharing_enabled":true,"_links":{"self":[{"href":"https:\/\/academiacosmik.com\/es\/wp-json\/wp\/v2\/pages\/3239"}],"collection":[{"href":"https:\/\/academiacosmik.com\/es\/wp-json\/wp\/v2\/pages"}],"about":[{"href":"https:\/\/academiacosmik.com\/es\/wp-json\/wp\/v2\/types\/page"}],"author":[{"embeddable":true,"href":"https:\/\/academiacosmik.com\/es\/wp-json\/wp\/v2\/users\/6"}],"replies":[{"embeddable":true,"href":"https:\/\/academiacosmik.com\/es\/wp-json\/wp\/v2\/comments?post=3239"}],"version-history":[{"count":23,"href":"https:\/\/academiacosmik.com\/es\/wp-json\/wp\/v2\/pages\/3239\/revisions"}],"predecessor-version":[{"id":4391,"href":"https:\/\/academiacosmik.com\/es\/wp-json\/wp\/v2\/pages\/3239\/revisions\/4391"}],"up":[{"embeddable":true,"href":"https:\/\/academiacosmik.com\/es\/wp-json\/wp\/v2\/pages\/3178"}],"wp:attachment":[{"href":"https:\/\/academiacosmik.com\/es\/wp-json\/wp\/v2\/media?parent=3239"}],"curies":[{"name":"wp","href":"https:\/\/api.w.org\/{rel}","templated":true}]}}