{"id":3116,"date":"2023-04-20T07:35:21","date_gmt":"2023-04-20T07:35:21","guid":{"rendered":"https:\/\/academiacosmik.com\/carrito\/"},"modified":"2023-05-26T10:19:05","modified_gmt":"2023-05-26T10:19:05","slug":"carrito","status":"publish","type":"page","link":"https:\/\/academiacosmik.com\/es\/carrito\/","title":{"rendered":"Carrito"},"content":{"rendered":"<p>[et_pb_section][et_pb_row][et_pb_column type=\u00bb4_4&#8243;][et_pb_text]<!-- divi:shortcode --><br \/>\n<br \/>\n<!-- \/divi:shortcode -->[\/et_pb_text][\/et_pb_column][\/et_pb_row][\/et_pb_section]<\/p>\n","protected":false},"excerpt":{"rendered":"<p><div class=\"et_pb_section et_pb_section_0 et_section_regular\" >\n\t\t\t\t\n\t\t\t\t\n\t\t\t\t\n\t\t\t\t\n\t\t\t\t\n\t\t\t\t\n\t\t\t\t\n\t\t\t\t\n\t\t\t\t\n\t\t\t<\/div><div class=\"et_pb_row et_pb_row_0 et_pb_row_empty\">\n\t\t\t\t\n\t\t\t\t\n\t\t\t\t\n\t\t\t\t\n\t\t\t\t\n\t\t\t<\/div><div class=\"et_pb_module et_pb_text et_pb_text_0  et_pb_text_align_left et_pb_bg_layout_light\">\n\t\t\t\t\n\t\t\t\t\n\t\t\t\t\n\t\t\t\t\n\t\t\t\t\n\t\t\t<\/div> <\/p>\n","protected":false},"author":1,"featured_media":0,"parent":0,"menu_order":0,"comment_status":"closed","ping_status":"closed","template":"","meta":{"_et_pb_use_builder":"on","_et_pb_old_content":"","_et_gb_content_width":"","footnotes":"","_joinchat":[]},"yoast_head":"<!-- This site is optimized with the Yoast SEO plugin v23.5 - https:\/\/yoast.com\/wordpress\/plugins\/seo\/ -->\n<title>Carrito - Acad\u00e8mia Cosmik<\/title>\n<meta name=\"description\" content=\"Revisa tu carrito y acaba de preparar la selectividad con la Academia Cosmik\ud83d\ude80\" \/>\n<meta name=\"robots\" content=\"index, follow, max-snippet:-1, max-image-preview:large, max-video-preview:-1\" \/>\n<link rel=\"canonical\" href=\"https:\/\/academiacosmik.com\/es\/carrito\/\" \/>\n<meta property=\"og:locale\" content=\"es_ES\" \/>\n<meta property=\"og:type\" content=\"article\" \/>\n<meta property=\"og:title\" content=\"Carrito - Acad\u00e8mia Cosmik\" \/>\n<meta property=\"og:description\" content=\"Revisa tu carrito y acaba de preparar la selectividad con la Academia Cosmik\ud83d\ude80\" \/>\n<meta property=\"og:url\" content=\"https:\/\/academiacosmik.com\/es\/carrito\/\" \/>\n<meta property=\"og:site_name\" content=\"Acad\u00e8mia Cosmik\" \/>\n<meta property=\"article:modified_time\" content=\"2023-05-26T10:19:05+00:00\" \/>\n<meta name=\"twitter:card\" content=\"summary_large_image\" \/>\n<meta name=\"twitter:label1\" content=\"Tiempo de lectura\" \/>\n\t<meta name=\"twitter:data1\" content=\"1 minuto\" \/>\n<script type=\"application\/ld+json\" class=\"yoast-schema-graph\">{\"@context\":\"https:\/\/schema.org\",\"@graph\":[{\"@type\":\"WebPage\",\"@id\":\"https:\/\/academiacosmik.com\/es\/carrito\/\",\"url\":\"https:\/\/academiacosmik.com\/es\/carrito\/\",\"name\":\"Carrito - Acad\u00e8mia Cosmik\",\"isPartOf\":{\"@id\":\"https:\/\/academiacosmik.com\/es\/#website\"},\"datePublished\":\"2023-04-20T07:35:21+00:00\",\"dateModified\":\"2023-05-26T10:19:05+00:00\",\"description\":\"Revisa tu carrito y acaba de preparar la selectividad con la Academia Cosmik\ud83d\ude80\",\"breadcrumb\":{\"@id\":\"https:\/\/academiacosmik.com\/es\/carrito\/#breadcrumb\"},\"inLanguage\":\"es\",\"potentialAction\":[{\"@type\":\"ReadAction\",\"target\":[\"https:\/\/academiacosmik.com\/es\/carrito\/\"]}]},{\"@type\":\"BreadcrumbList\",\"@id\":\"https:\/\/academiacosmik.com\/es\/carrito\/#breadcrumb\",\"itemListElement\":[{\"@type\":\"ListItem\",\"position\":1,\"name\":\"Home\",\"item\":\"https:\/\/academiacosmik.com\/es\/\"},{\"@type\":\"ListItem\",\"position\":2,\"name\":\"Carrito\"}]},{\"@type\":\"WebSite\",\"@id\":\"https:\/\/academiacosmik.com\/es\/#website\",\"url\":\"https:\/\/academiacosmik.com\/es\/\",\"name\":\"Acad\u00e8mia Cosmik\",\"description\":\"Acad\u00e8mia de rep\u00e0s online\",\"potentialAction\":[{\"@type\":\"SearchAction\",\"target\":{\"@type\":\"EntryPoint\",\"urlTemplate\":\"https:\/\/academiacosmik.com\/es\/?s={search_term_string}\"},\"query-input\":{\"@type\":\"PropertyValueSpecification\",\"valueRequired\":true,\"valueName\":\"search_term_string\"}}],\"inLanguage\":\"es\"}]}<\/script>\n<!-- \/ Yoast SEO plugin. -->","yoast_head_json":{"title":"Carrito - Acad\u00e8mia Cosmik","description":"Revisa tu carrito y acaba de preparar la selectividad con la Academia Cosmik\ud83d\ude80","robots":{"index":"index","follow":"follow","max-snippet":"max-snippet:-1","max-image-preview":"max-image-preview:large","max-video-preview":"max-video-preview:-1"},"canonical":"https:\/\/academiacosmik.com\/es\/carrito\/","og_locale":"es_ES","og_type":"article","og_title":"Carrito - Acad\u00e8mia Cosmik","og_description":"Revisa tu carrito y acaba de preparar la selectividad con la Academia Cosmik\ud83d\ude80","og_url":"https:\/\/academiacosmik.com\/es\/carrito\/","og_site_name":"Acad\u00e8mia Cosmik","article_modified_time":"2023-05-26T10:19:05+00:00","twitter_card":"summary_large_image","twitter_misc":{"Tiempo de lectura":"1 minuto"},"schema":{"@context":"https:\/\/schema.org","@graph":[{"@type":"WebPage","@id":"https:\/\/academiacosmik.com\/es\/carrito\/","url":"https:\/\/academiacosmik.com\/es\/carrito\/","name":"Carrito - Acad\u00e8mia Cosmik","isPartOf":{"@id":"https:\/\/academiacosmik.com\/es\/#website"},"datePublished":"2023-04-20T07:35:21+00:00","dateModified":"2023-05-26T10:19:05+00:00","description":"Revisa tu carrito y acaba de preparar la selectividad con la Academia Cosmik\ud83d\ude80","breadcrumb":{"@id":"https:\/\/academiacosmik.com\/es\/carrito\/#breadcrumb"},"inLanguage":"es","potentialAction":[{"@type":"ReadAction","target":["https:\/\/academiacosmik.com\/es\/carrito\/"]}]},{"@type":"BreadcrumbList","@id":"https:\/\/academiacosmik.com\/es\/carrito\/#breadcrumb","itemListElement":[{"@type":"ListItem","position":1,"name":"Home","item":"https:\/\/academiacosmik.com\/es\/"},{"@type":"ListItem","position":2,"name":"Carrito"}]},{"@type":"WebSite","@id":"https:\/\/academiacosmik.com\/es\/#website","url":"https:\/\/academiacosmik.com\/es\/","name":"Acad\u00e8mia Cosmik","description":"Acad\u00e8mia de rep\u00e0s online","potentialAction":[{"@type":"SearchAction","target":{"@type":"EntryPoint","urlTemplate":"https:\/\/academiacosmik.com\/es\/?s={search_term_string}"},"query-input":{"@type":"PropertyValueSpecification","valueRequired":true,"valueName":"search_term_string"}}],"inLanguage":"es"}]}},"jetpack_sharing_enabled":true,"_links":{"self":[{"href":"https:\/\/academiacosmik.com\/es\/wp-json\/wp\/v2\/pages\/3116"}],"collection":[{"href":"https:\/\/academiacosmik.com\/es\/wp-json\/wp\/v2\/pages"}],"about":[{"href":"https:\/\/academiacosmik.com\/es\/wp-json\/wp\/v2\/types\/page"}],"author":[{"embeddable":true,"href":"https:\/\/academiacosmik.com\/es\/wp-json\/wp\/v2\/users\/1"}],"replies":[{"embeddable":true,"href":"https:\/\/academiacosmik.com\/es\/wp-json\/wp\/v2\/comments?post=3116"}],"version-history":[{"count":2,"href":"https:\/\/academiacosmik.com\/es\/wp-json\/wp\/v2\/pages\/3116\/revisions"}],"predecessor-version":[{"id":3749,"href":"https:\/\/academiacosmik.com\/es\/wp-json\/wp\/v2\/pages\/3116\/revisions\/3749"}],"wp:attachment":[{"href":"https:\/\/academiacosmik.com\/es\/wp-json\/wp\/v2\/media?parent=3116"}],"curies":[{"name":"wp","href":"https:\/\/api.w.org\/{rel}","templated":true}]}}