{"id":2727,"date":"2023-01-24T01:39:52","date_gmt":"2023-01-24T01:39:52","guid":{"rendered":"https:\/\/academiacosmik.com\/?page_id=2727"},"modified":"2023-05-26T10:21:09","modified_gmt":"2023-05-26T10:21:09","slug":"condiciones-generales-de-compra","status":"publish","type":"page","link":"https:\/\/academiacosmik.com\/es\/condiciones-generales-de-compra\/","title":{"rendered":"Condiciones generales de compra"},"content":{"rendered":"<p>[et_pb_section fb_built=\u00bb1&#8243; theme_builder_area=\u00bbpost_content\u00bb _builder_version=\u00bb4.19.0&#8243; _module_preset=\u00bbdefault\u00bb][et_pb_row _builder_version=\u00bb4.19.0&#8243; _module_preset=\u00bbdefault\u00bb theme_builder_area=\u00bbpost_content\u00bb][et_pb_column _builder_version=\u00bb4.19.0&#8243; _module_preset=\u00bbdefault\u00bb type=\u00bb4_4&#8243; theme_builder_area=\u00bbpost_content\u00bb][et_pb_text _builder_version=\u00bb4.19.0&#8243; _module_preset=\u00bbdefault\u00bb theme_builder_area=\u00bbpost_content\u00bb header_font=\u00bbPoppins|600|||||||\u00bb header_text_color=\u00bb#29338C\u00bb header_font_size=\u00bb36px\u00bb hover_enabled=\u00bb0&#8243; sticky_enabled=\u00bb0&#8243; header_2_font=\u00bbPoppins|600|||||||\u00bb header_2_text_color=\u00bb#29338C\u00bb]<\/p>\n<h1>Condiciones generales de compra<\/h1>\n<p><span style=\"font-weight: 400;\">Los pedidos que se realicen en nuestra tienda online www.academiacosmik.com se rigen por las siguientes condiciones: Al finalizar su pedido y realizar el pago, acepta las condiciones que le detallamos a continuaci\u00f3n.\u00a0<\/span><\/p>\n<h2><span style=\"font-weight: 400;\">Precios\u00a0<\/span><\/h2>\n<p><span style=\"font-weight: 400;\">En nuestra tienda online www.academiacosmik.com vendemos 2 tipos de productos: &#8211; Clases en directo (SeleClases): Conforme el art\u00edculo 20 de la ley 37\/1992 sobre el IVA, al tratarse de un servicio de ense\u00f1anza impartido a trav\u00e9s de una red electr\u00f3nica y que versa sobre materias inclu\u00eddas en el sistema educativo espa\u00f1ol, el servicio est\u00e1 exento de IVA (0%).\u00a0<\/span><\/p>\n<p><span style=\"font-weight: 400;\">&#8211; Productos digitales en formato .pdf (infoproductos) tales como gu\u00edas de lectura, ejercicios, etc. est\u00e1n sujetos al IVA general del 21%.\u00a0<\/span><\/p>\n<p><span style=\"font-weight: 400;\">La disponibilidad de los productos es infinita al tratarse de un servicio o producto digital. Por regla general, los productos siempre estar\u00e1n disponibles, excepto cuando se trate de una \u201cSeleClase\u201d, ya que este producto se vende durante unos meses determinados (hasta la finalizaci\u00f3n de la Selectividad de septiembre del a\u00f1o en cuesti\u00f3n).\u00a0<\/span><\/p>\n<h2><span style=\"font-weight: 400;\">Gastos de env\u00edo\u00a0<\/span><\/h2>\n<p><span style=\"font-weight: 400;\">No hay gastos de env\u00edo al tratarse de contenido digital.\u00a0<\/span><\/p>\n<h2><span style=\"font-weight: 400;\">Formas de pago\u00a0<\/span><\/h2>\n<p><span style=\"font-weight: 400;\">Para su comodidad, hemos dispuesto la siguiente forma de pago:\u00a0<\/span><\/p>\n<p><span style=\"font-weight: 400;\">&#8211; Con tarjeta de cr\u00e9dito mediante la plataforma de pago de TPV de CAIXABANK: VISA, MASTERCARD\u2026\u00a0<\/span><\/p>\n<p><span style=\"font-weight: 400;\">&#8211; Mediante Bizum.\u00a0<\/span><\/p>\n<h2><span style=\"font-weight: 400;\">Tarjetas de cr\u00e9dito\u00a0<\/span><\/h2>\n<p><span style=\"font-weight: 400;\">Una vez hecha su compra, si usted selecciona la opci\u00f3n de pago con tarjeta, acceder\u00e1 directamente a la intranet de su Banco o Caja, el cual como usted ya conoce, es un acceso totalmente seguro y fiable para usted, y garantizado totalmente por su entidad. En todo momento sus datos son confidenciales e intransferibles para nosotros. Es importante que los datos solicitados coincidan con los de su tarjeta. Cualquier error tipogr\u00e1fico, el sobrepasar el l\u00edmite de cr\u00e9dito o la caducidad de la tarjeta, dar\u00e1 como resultado el rechazo de la operaci\u00f3n de compra que usted haya realizado.<\/span><\/p>\n<p><span style=\"font-weight: 400;\">Puede usted consultar con su Banco o Caja sobre cualquier duda sobre la privacidad de su tarjeta como medio de pago.\u00a0<\/span><\/p>\n<h2><span style=\"font-weight: 400;\">Bizum\u00a0<\/span><\/h2>\n<p><span style=\"font-weight: 400;\">Pagar\u00e1 de una forma r\u00e1pida y segura desde su cuenta de Bizum.\u00a0<\/span><\/p>\n<h2><span style=\"font-weight: 400;\">Pol\u00edtica de devoluciones\u00a0<\/span><\/h2>\n<p><span style=\"font-weight: 400;\">Al tratarse de un servicio o producto digital, no se aceptan devoluciones.<\/span><\/p>\n<p>[\/et_pb_text][\/et_pb_column][\/et_pb_row][\/et_pb_section]<\/p>\n","protected":false},"excerpt":{"rendered":"<p>Condiciones generales de compra Los pedidos que se realicen en nuestra tienda online www.academiacosmik.com se rigen por las siguientes condiciones: Al finalizar su pedido y realizar el pago, acepta las condiciones que le detallamos a continuaci\u00f3n.\u00a0 Precios\u00a0 En nuestra tienda online www.academiacosmik.com vendemos 2 tipos de productos: &#8211; Clases en directo (SeleClases): Conforme el art\u00edculo [&hellip;]<\/p>\n","protected":false},"author":6,"featured_media":0,"parent":0,"menu_order":0,"comment_status":"closed","ping_status":"closed","template":"","meta":{"_et_pb_use_builder":"on","_et_pb_old_content":"<!-- wp:divi\/placeholder \/-->","_et_gb_content_width":"","footnotes":"","_joinchat":[]},"yoast_head":"<!-- This site is optimized with the Yoast SEO plugin v23.5 - https:\/\/yoast.com\/wordpress\/plugins\/seo\/ -->\n<title>Condiciones generales de compra - Acad\u00e8mia Cosmik<\/title>\n<meta name=\"description\" content=\"Condiciones generales de compra: establecen las condiciones para la realizaci\u00f3n de compras, el pago, entre otros.\" \/>\n<meta name=\"robots\" content=\"index, follow, max-snippet:-1, max-image-preview:large, max-video-preview:-1\" \/>\n<link rel=\"canonical\" href=\"https:\/\/academiacosmik.com\/es\/condiciones-generales-de-compra\/\" \/>\n<meta property=\"og:locale\" content=\"es_ES\" \/>\n<meta property=\"og:type\" content=\"article\" \/>\n<meta property=\"og:title\" content=\"Condiciones generales de compra - Acad\u00e8mia Cosmik\" \/>\n<meta property=\"og:description\" content=\"Condiciones generales de compra: establecen las condiciones para la realizaci\u00f3n de compras, el pago, entre otros.\" \/>\n<meta property=\"og:url\" content=\"https:\/\/academiacosmik.com\/es\/condiciones-generales-de-compra\/\" \/>\n<meta property=\"og:site_name\" content=\"Acad\u00e8mia Cosmik\" \/>\n<meta property=\"article:modified_time\" content=\"2023-05-26T10:21:09+00:00\" \/>\n<meta name=\"twitter:card\" content=\"summary_large_image\" \/>\n<meta name=\"twitter:label1\" content=\"Tiempo de lectura\" \/>\n\t<meta name=\"twitter:data1\" content=\"3 minutos\" \/>\n<script type=\"application\/ld+json\" class=\"yoast-schema-graph\">{\"@context\":\"https:\/\/schema.org\",\"@graph\":[{\"@type\":\"WebPage\",\"@id\":\"https:\/\/academiacosmik.com\/es\/condiciones-generales-de-compra\/\",\"url\":\"https:\/\/academiacosmik.com\/es\/condiciones-generales-de-compra\/\",\"name\":\"Condiciones generales de compra - Acad\u00e8mia Cosmik\",\"isPartOf\":{\"@id\":\"https:\/\/academiacosmik.com\/es\/#website\"},\"datePublished\":\"2023-01-24T01:39:52+00:00\",\"dateModified\":\"2023-05-26T10:21:09+00:00\",\"description\":\"Condiciones generales de compra: establecen las condiciones para la realizaci\u00f3n de compras, el pago, entre otros.\",\"breadcrumb\":{\"@id\":\"https:\/\/academiacosmik.com\/es\/condiciones-generales-de-compra\/#breadcrumb\"},\"inLanguage\":\"es\",\"potentialAction\":[{\"@type\":\"ReadAction\",\"target\":[\"https:\/\/academiacosmik.com\/es\/condiciones-generales-de-compra\/\"]}]},{\"@type\":\"BreadcrumbList\",\"@id\":\"https:\/\/academiacosmik.com\/es\/condiciones-generales-de-compra\/#breadcrumb\",\"itemListElement\":[{\"@type\":\"ListItem\",\"position\":1,\"name\":\"Home\",\"item\":\"https:\/\/academiacosmik.com\/es\/\"},{\"@type\":\"ListItem\",\"position\":2,\"name\":\"Condiciones generales de compra\"}]},{\"@type\":\"WebSite\",\"@id\":\"https:\/\/academiacosmik.com\/es\/#website\",\"url\":\"https:\/\/academiacosmik.com\/es\/\",\"name\":\"Acad\u00e8mia Cosmik\",\"description\":\"Acad\u00e8mia de rep\u00e0s online\",\"potentialAction\":[{\"@type\":\"SearchAction\",\"target\":{\"@type\":\"EntryPoint\",\"urlTemplate\":\"https:\/\/academiacosmik.com\/es\/?s={search_term_string}\"},\"query-input\":{\"@type\":\"PropertyValueSpecification\",\"valueRequired\":true,\"valueName\":\"search_term_string\"}}],\"inLanguage\":\"es\"}]}<\/script>\n<!-- \/ Yoast SEO plugin. -->","yoast_head_json":{"title":"Condiciones generales de compra - Acad\u00e8mia Cosmik","description":"Condiciones generales de compra: establecen las condiciones para la realizaci\u00f3n de compras, el pago, entre otros.","robots":{"index":"index","follow":"follow","max-snippet":"max-snippet:-1","max-image-preview":"max-image-preview:large","max-video-preview":"max-video-preview:-1"},"canonical":"https:\/\/academiacosmik.com\/es\/condiciones-generales-de-compra\/","og_locale":"es_ES","og_type":"article","og_title":"Condiciones generales de compra - Acad\u00e8mia Cosmik","og_description":"Condiciones generales de compra: establecen las condiciones para la realizaci\u00f3n de compras, el pago, entre otros.","og_url":"https:\/\/academiacosmik.com\/es\/condiciones-generales-de-compra\/","og_site_name":"Acad\u00e8mia Cosmik","article_modified_time":"2023-05-26T10:21:09+00:00","twitter_card":"summary_large_image","twitter_misc":{"Tiempo de lectura":"3 minutos"},"schema":{"@context":"https:\/\/schema.org","@graph":[{"@type":"WebPage","@id":"https:\/\/academiacosmik.com\/es\/condiciones-generales-de-compra\/","url":"https:\/\/academiacosmik.com\/es\/condiciones-generales-de-compra\/","name":"Condiciones generales de compra - Acad\u00e8mia Cosmik","isPartOf":{"@id":"https:\/\/academiacosmik.com\/es\/#website"},"datePublished":"2023-01-24T01:39:52+00:00","dateModified":"2023-05-26T10:21:09+00:00","description":"Condiciones generales de compra: establecen las condiciones para la realizaci\u00f3n de compras, el pago, entre otros.","breadcrumb":{"@id":"https:\/\/academiacosmik.com\/es\/condiciones-generales-de-compra\/#breadcrumb"},"inLanguage":"es","potentialAction":[{"@type":"ReadAction","target":["https:\/\/academiacosmik.com\/es\/condiciones-generales-de-compra\/"]}]},{"@type":"BreadcrumbList","@id":"https:\/\/academiacosmik.com\/es\/condiciones-generales-de-compra\/#breadcrumb","itemListElement":[{"@type":"ListItem","position":1,"name":"Home","item":"https:\/\/academiacosmik.com\/es\/"},{"@type":"ListItem","position":2,"name":"Condiciones generales de compra"}]},{"@type":"WebSite","@id":"https:\/\/academiacosmik.com\/es\/#website","url":"https:\/\/academiacosmik.com\/es\/","name":"Acad\u00e8mia Cosmik","description":"Acad\u00e8mia de rep\u00e0s online","potentialAction":[{"@type":"SearchAction","target":{"@type":"EntryPoint","urlTemplate":"https:\/\/academiacosmik.com\/es\/?s={search_term_string}"},"query-input":{"@type":"PropertyValueSpecification","valueRequired":true,"valueName":"search_term_string"}}],"inLanguage":"es"}]}},"jetpack_sharing_enabled":true,"_links":{"self":[{"href":"https:\/\/academiacosmik.com\/es\/wp-json\/wp\/v2\/pages\/2727"}],"collection":[{"href":"https:\/\/academiacosmik.com\/es\/wp-json\/wp\/v2\/pages"}],"about":[{"href":"https:\/\/academiacosmik.com\/es\/wp-json\/wp\/v2\/types\/page"}],"author":[{"embeddable":true,"href":"https:\/\/academiacosmik.com\/es\/wp-json\/wp\/v2\/users\/6"}],"replies":[{"embeddable":true,"href":"https:\/\/academiacosmik.com\/es\/wp-json\/wp\/v2\/comments?post=2727"}],"version-history":[{"count":5,"href":"https:\/\/academiacosmik.com\/es\/wp-json\/wp\/v2\/pages\/2727\/revisions"}],"predecessor-version":[{"id":3751,"href":"https:\/\/academiacosmik.com\/es\/wp-json\/wp\/v2\/pages\/2727\/revisions\/3751"}],"wp:attachment":[{"href":"https:\/\/academiacosmik.com\/es\/wp-json\/wp\/v2\/media?parent=2727"}],"curies":[{"name":"wp","href":"https:\/\/api.w.org\/{rel}","templated":true}]}}