{"id":1543,"date":"2021-02-03T16:49:46","date_gmt":"2021-02-03T16:49:46","guid":{"rendered":"https:\/\/academiacosmik.com\/blog\/"},"modified":"2023-05-29T10:23:17","modified_gmt":"2023-05-29T10:23:17","slug":"blog","status":"publish","type":"page","link":"https:\/\/academiacosmik.com\/es\/blog\/","title":{"rendered":"Blog"},"content":{"rendered":"<p>[et_pb_section fb_built=\u00bb1&#8243; admin_label=\u00bbHero Section\u00bb _builder_version=\u00bb4.16&#8243; background_color=\u00bb#29338C\u00bb background_color_gradient_direction=\u00bb105deg\u00bb background_image=\u00bbhttps:\/\/academiacosmik.com\/wp-content\/uploads\/2021\/02\/COSM-DIS-background-3.png\u00bb custom_padding=\u00bb60px|0px|60px|0px\u00bb global_colors_info=\u00bb{}\u00bb][et_pb_row _builder_version=\u00bb4.16&#8243; background_size=\u00bbinitial\u00bb background_position=\u00bbtop_left\u00bb background_repeat=\u00bbrepeat\u00bb global_colors_info=\u00bb{}\u00bb][et_pb_column type=\u00bb4_4&#8243; _builder_version=\u00bb4.16&#8243; custom_padding=\u00bb|||\u00bb global_colors_info=\u00bb{}\u00bb custom_padding__hover=\u00bb|||\u00bb][et_pb_text _builder_version=\u00bb4.21.0&#8243; text_font=\u00bbPoppins||||||||\u00bb text_text_color=\u00bb#FFB400&#8243; text_font_size=\u00bb18px\u00bb text_line_height=\u00bb1.8em\u00bb header_font=\u00bbPoppins|600|||||||\u00bb header_text_color=\u00bb#ffffff\u00bb header_font_size=\u00bb48px\u00bb header_line_height=\u00bb1.4em\u00bb header_3_font=\u00bbPoppins|600|||||||\u00bb header_3_font_size=\u00bb36px\u00bb header_3_line_height=\u00bb1.4em\u00bb background_layout=\u00bbdark\u00bb max_width=\u00bb600px\u00bb module_alignment=\u00bbleft\u00bb custom_margin=\u00bb|||\u00bb hover_enabled=\u00bb0&#8243; locked=\u00bboff\u00bb global_colors_info=\u00bb{}\u00bb sticky_enabled=\u00bb0&#8243;]<\/p>\n<h1>Blog<\/h1>\n<p>Pst pst&#8230; \u00bfos explicamos un secreto?<br \/>En nuestro blog de clases online encontrar\u00e9is <span style=\"color: #ff6600;\">an\u00e9cdotas, consejos y experiencias<\/span> que os pueden servir tanto a padres como a alumnos.<\/p>\n<p>[\/et_pb_text][\/et_pb_column][\/et_pb_row][\/et_pb_section][et_pb_section fb_built=\u00bb1&#8243; admin_label=\u00bbBlog Section\u00bb _builder_version=\u00bb4.16&#8243; background_color=\u00bb#fafbfc\u00bb custom_padding=\u00bb110px|0px|110px|0px\u00bb global_colors_info=\u00bb{}\u00bb][et_pb_row _builder_version=\u00bb4.16&#8243; global_colors_info=\u00bb{}\u00bb][et_pb_column type=\u00bb4_4&#8243; _builder_version=\u00bb4.16&#8243; custom_padding=\u00bb|||\u00bb global_colors_info=\u00bb{}\u00bb custom_padding__hover=\u00bb|||\u00bb][et_pb_blog fullwidth=\u00bboff\u00bb posts_number=\u00bb9&#8243; include_categories=\u00bb30,29&#8243; show_author=\u00bboff\u00bb show_date=\u00bboff\u00bb show_categories=\u00bboff\u00bb _builder_version=\u00bb4.16&#8243; header_font=\u00bbPoppins|500|||||||\u00bb header_text_color=\u00bb#486066&#8243; header_line_height=\u00bb1.3em\u00bb body_font=\u00bbOpen Sans||||||||\u00bb body_text_color=\u00bb#486066&#8243; body_font_size=\u00bb15px\u00bb body_line_height=\u00bb1.8em\u00bb meta_font=\u00bbPoppins|||on|||||\u00bb meta_text_color=\u00bbrgba(0,0,0,0.21)\u00bb meta_line_height=\u00bb1.8em\u00bb pagination_font=\u00bbPoppins|500||on|||||\u00bb pagination_text_color=\u00bb#44d89e\u00bb pagination_letter_spacing=\u00bb1px\u00bb animation_style=\u00bbfade\u00bb border_radii=\u00bbon|6px|6px|6px|6px\u00bb border_width_all=\u00bb0px\u00bb box_shadow_style=\u00bbpreset1&#8243; box_shadow_vertical=\u00bb10px\u00bb box_shadow_blur=\u00bb24px\u00bb box_shadow_spread=\u00bb6px\u00bb box_shadow_color=\u00bbrgba(0,0,0,0.06)\u00bb global_colors_info=\u00bb{}\u00bb][\/et_pb_blog][\/et_pb_column][\/et_pb_row][\/et_pb_section]<\/p>\n","protected":false},"excerpt":{"rendered":"<p>Blog Pst pst&#8230; \u00bfos explicamos un secreto?En nuestro blog de clases online encontrar\u00e9is an\u00e9cdotas, consejos y experiencias que os pueden servir tanto a padres como a alumnos.<\/p>\n","protected":false},"author":2,"featured_media":0,"parent":0,"menu_order":0,"comment_status":"closed","ping_status":"closed","template":"","meta":{"_et_pb_use_builder":"on","_et_pb_old_content":"","_et_gb_content_width":"","footnotes":"","_joinchat":[]},"yoast_head":"<!-- This site is optimized with the Yoast SEO plugin v23.5 - https:\/\/yoast.com\/wordpress\/plugins\/seo\/ -->\n<title>Blog de clases online: novedades y consejos.. | Acad\u00e8mia Cosmik<\/title>\n<meta name=\"description\" content=\"Visita el blog de la academia de clases online y descubre las \u00faltimas novedades, tips para estudiar mejor, consejos y mucho m\u00e1s.\" \/>\n<meta name=\"robots\" content=\"index, follow, max-snippet:-1, max-image-preview:large, max-video-preview:-1\" \/>\n<link rel=\"canonical\" href=\"https:\/\/academiacosmik.com\/es\/blog\/\" \/>\n<meta property=\"og:locale\" content=\"es_ES\" \/>\n<meta property=\"og:type\" content=\"article\" \/>\n<meta property=\"og:title\" content=\"Blog de clases online: novedades y consejos.. | Acad\u00e8mia Cosmik\" \/>\n<meta property=\"og:description\" content=\"Visita el blog de la academia de clases online y descubre las \u00faltimas novedades, tips para estudiar mejor, consejos y mucho m\u00e1s.\" \/>\n<meta property=\"og:url\" content=\"https:\/\/academiacosmik.com\/es\/blog\/\" \/>\n<meta property=\"og:site_name\" content=\"Acad\u00e8mia Cosmik\" \/>\n<meta property=\"article:modified_time\" content=\"2023-05-29T10:23:17+00:00\" \/>\n<meta name=\"twitter:card\" content=\"summary_large_image\" \/>\n<meta name=\"twitter:label1\" content=\"Tiempo de lectura\" \/>\n\t<meta name=\"twitter:data1\" content=\"1 minuto\" \/>\n<script type=\"application\/ld+json\" class=\"yoast-schema-graph\">{\"@context\":\"https:\/\/schema.org\",\"@graph\":[{\"@type\":\"WebPage\",\"@id\":\"https:\/\/academiacosmik.com\/es\/blog\/\",\"url\":\"https:\/\/academiacosmik.com\/es\/blog\/\",\"name\":\"Blog de clases online: novedades y consejos.. | Acad\u00e8mia Cosmik\",\"isPartOf\":{\"@id\":\"https:\/\/academiacosmik.com\/es\/#website\"},\"datePublished\":\"2021-02-03T16:49:46+00:00\",\"dateModified\":\"2023-05-29T10:23:17+00:00\",\"description\":\"Visita el blog de la academia de clases online y descubre las \u00faltimas novedades, tips para estudiar mejor, consejos y mucho m\u00e1s.\",\"breadcrumb\":{\"@id\":\"https:\/\/academiacosmik.com\/es\/blog\/#breadcrumb\"},\"inLanguage\":\"es\",\"potentialAction\":[{\"@type\":\"ReadAction\",\"target\":[\"https:\/\/academiacosmik.com\/es\/blog\/\"]}]},{\"@type\":\"BreadcrumbList\",\"@id\":\"https:\/\/academiacosmik.com\/es\/blog\/#breadcrumb\",\"itemListElement\":[{\"@type\":\"ListItem\",\"position\":1,\"name\":\"Home\",\"item\":\"https:\/\/academiacosmik.com\/es\/\"},{\"@type\":\"ListItem\",\"position\":2,\"name\":\"Blog\"}]},{\"@type\":\"WebSite\",\"@id\":\"https:\/\/academiacosmik.com\/es\/#website\",\"url\":\"https:\/\/academiacosmik.com\/es\/\",\"name\":\"Acad\u00e8mia Cosmik\",\"description\":\"Acad\u00e8mia de rep\u00e0s online\",\"potentialAction\":[{\"@type\":\"SearchAction\",\"target\":{\"@type\":\"EntryPoint\",\"urlTemplate\":\"https:\/\/academiacosmik.com\/es\/?s={search_term_string}\"},\"query-input\":{\"@type\":\"PropertyValueSpecification\",\"valueRequired\":true,\"valueName\":\"search_term_string\"}}],\"inLanguage\":\"es\"}]}<\/script>\n<!-- \/ Yoast SEO plugin. -->","yoast_head_json":{"title":"Blog de clases online: novedades y consejos.. | Acad\u00e8mia Cosmik","description":"Visita el blog de la academia de clases online y descubre las \u00faltimas novedades, tips para estudiar mejor, consejos y mucho m\u00e1s.","robots":{"index":"index","follow":"follow","max-snippet":"max-snippet:-1","max-image-preview":"max-image-preview:large","max-video-preview":"max-video-preview:-1"},"canonical":"https:\/\/academiacosmik.com\/es\/blog\/","og_locale":"es_ES","og_type":"article","og_title":"Blog de clases online: novedades y consejos.. | Acad\u00e8mia Cosmik","og_description":"Visita el blog de la academia de clases online y descubre las \u00faltimas novedades, tips para estudiar mejor, consejos y mucho m\u00e1s.","og_url":"https:\/\/academiacosmik.com\/es\/blog\/","og_site_name":"Acad\u00e8mia Cosmik","article_modified_time":"2023-05-29T10:23:17+00:00","twitter_card":"summary_large_image","twitter_misc":{"Tiempo de lectura":"1 minuto"},"schema":{"@context":"https:\/\/schema.org","@graph":[{"@type":"WebPage","@id":"https:\/\/academiacosmik.com\/es\/blog\/","url":"https:\/\/academiacosmik.com\/es\/blog\/","name":"Blog de clases online: novedades y consejos.. | Acad\u00e8mia Cosmik","isPartOf":{"@id":"https:\/\/academiacosmik.com\/es\/#website"},"datePublished":"2021-02-03T16:49:46+00:00","dateModified":"2023-05-29T10:23:17+00:00","description":"Visita el blog de la academia de clases online y descubre las \u00faltimas novedades, tips para estudiar mejor, consejos y mucho m\u00e1s.","breadcrumb":{"@id":"https:\/\/academiacosmik.com\/es\/blog\/#breadcrumb"},"inLanguage":"es","potentialAction":[{"@type":"ReadAction","target":["https:\/\/academiacosmik.com\/es\/blog\/"]}]},{"@type":"BreadcrumbList","@id":"https:\/\/academiacosmik.com\/es\/blog\/#breadcrumb","itemListElement":[{"@type":"ListItem","position":1,"name":"Home","item":"https:\/\/academiacosmik.com\/es\/"},{"@type":"ListItem","position":2,"name":"Blog"}]},{"@type":"WebSite","@id":"https:\/\/academiacosmik.com\/es\/#website","url":"https:\/\/academiacosmik.com\/es\/","name":"Acad\u00e8mia Cosmik","description":"Acad\u00e8mia de rep\u00e0s online","potentialAction":[{"@type":"SearchAction","target":{"@type":"EntryPoint","urlTemplate":"https:\/\/academiacosmik.com\/es\/?s={search_term_string}"},"query-input":{"@type":"PropertyValueSpecification","valueRequired":true,"valueName":"search_term_string"}}],"inLanguage":"es"}]}},"jetpack_sharing_enabled":true,"_links":{"self":[{"href":"https:\/\/academiacosmik.com\/es\/wp-json\/wp\/v2\/pages\/1543"}],"collection":[{"href":"https:\/\/academiacosmik.com\/es\/wp-json\/wp\/v2\/pages"}],"about":[{"href":"https:\/\/academiacosmik.com\/es\/wp-json\/wp\/v2\/types\/page"}],"author":[{"embeddable":true,"href":"https:\/\/academiacosmik.com\/es\/wp-json\/wp\/v2\/users\/2"}],"replies":[{"embeddable":true,"href":"https:\/\/academiacosmik.com\/es\/wp-json\/wp\/v2\/comments?post=1543"}],"version-history":[{"count":6,"href":"https:\/\/academiacosmik.com\/es\/wp-json\/wp\/v2\/pages\/1543\/revisions"}],"predecessor-version":[{"id":3798,"href":"https:\/\/academiacosmik.com\/es\/wp-json\/wp\/v2\/pages\/1543\/revisions\/3798"}],"wp:attachment":[{"href":"https:\/\/academiacosmik.com\/es\/wp-json\/wp\/v2\/media?parent=1543"}],"curies":[{"name":"wp","href":"https:\/\/api.w.org\/{rel}","templated":true}]}}