{"id":1419,"date":"2021-03-11T10:52:40","date_gmt":"2021-03-11T10:52:40","guid":{"rendered":"https:\/\/academiacosmik.com\/cursos-repas-online\/repas-eso-ciencies\/"},"modified":"2024-06-17T22:02:12","modified_gmt":"2024-06-17T22:02:12","slug":"eso-ciencias","status":"publish","type":"page","link":"https:\/\/academiacosmik.com\/es\/clases-repaso-online\/eso-ciencias\/","title":{"rendered":"ESO Ciencias"},"content":{"rendered":"<p>[et_pb_section fb_built=\u00bb1&#8243; admin_label=\u00bbHero Section\u00bb _builder_version=\u00bb4.16&#8243; background_color=\u00bb#29338C\u00bb background_image=\u00bbhttps:\/\/academiacosmik.com\/wp-content\/uploads\/2021\/02\/COSM-DIS-background-3.png\u00bb parallax=\u00bbon\u00bb custom_padding=\u00bb0px|0px|0px|0px|false|false\u00bb global_colors_info=\u00bb{}\u00bb][et_pb_row column_structure=\u00bb1_2,1_2&#8243; _builder_version=\u00bb4.16&#8243; background_size=\u00bbinitial\u00bb background_position=\u00bbtop_left\u00bb background_repeat=\u00bbrepeat\u00bb custom_padding=\u00bb0px|0px|0px|0px|false|false\u00bb global_colors_info=\u00bb{}\u00bb][et_pb_column type=\u00bb1_2&#8243; _builder_version=\u00bb4.16&#8243; custom_padding=\u00bb60px|||\u00bb global_colors_info=\u00bb{}\u00bb custom_padding__hover=\u00bb|||\u00bb][et_pb_text _builder_version=\u00bb4.16&#8243; text_font=\u00bb||||||||\u00bb header_font=\u00bbPoppins||||||||\u00bb header_text_color=\u00bb#ffffff\u00bb header_font_size=\u00bb56px\u00bb header_line_height=\u00bb1.3em\u00bb animation_style=\u00bbfade\u00bb global_colors_info=\u00bb{}\u00bb]<\/p>\n<h1><strong>ESO &#8211; Ciencias<br \/> <\/strong><\/h1>\n<p>[\/et_pb_text][et_pb_text _builder_version=\u00bb4.24.0&#8243; text_font=\u00bbPoppins||on||||||\u00bb text_text_color=\u00bb#FFB400&#8243; text_font_size=\u00bb18px\u00bb text_line_height=\u00bb1.8em\u00bb animation_style=\u00bbfade\u00bb animation_delay=\u00bb100ms\u00bb global_colors_info=\u00bb{}\u00bb]<\/p>\n<p><span>Tus clases de repaso 100% online.<br \/>C\u00f3modas y asequibles.<\/span><\/p>\n<p>[\/et_pb_text][et_pb_text _builder_version=\u00bb4.16&#8243; text_font=\u00bbPoppins||||||||\u00bb text_text_color=\u00bb#FFFFFF\u00bb text_font_size=\u00bb23px\u00bb text_line_height=\u00bb1.8em\u00bb animation_style=\u00bbfade\u00bb animation_delay=\u00bb100ms\u00bb global_colors_info=\u00bb{}\u00bb]<\/p>\n<p><span><strong>\u00a1Matr\u00edcula gratuita!<\/strong><\/span><\/p>\n<p>[\/et_pb_text][et_pb_button button_url=\u00bbhttps:\/\/academiacosmik.com\/es\/contacto\/\u00bb button_text=\u00bbContactar\u00bb _builder_version=\u00bb4.16&#8243; custom_button=\u00bbon\u00bb button_text_size=\u00bb16px\u00bb button_text_color=\u00bb#FFFFFF\u00bb button_bg_color=\u00bb#FFB400&#8243; button_border_width=\u00bb0px\u00bb button_border_color=\u00bbRGBA(0,0,0,0)\u00bb button_border_radius=\u00bb100px\u00bb button_font=\u00bbPoppins|700||on|||||\u00bb button_use_icon=\u00bboff\u00bb background_layout=\u00bbdark\u00bb custom_margin=\u00bb|||\u00bb custom_padding=\u00bb12px|36px|12px|36px\u00bb animation_style=\u00bbfade\u00bb animation_delay=\u00bb200ms\u00bb button_letter_spacing_hover=\u00bb0&#8243; global_colors_info=\u00bb{}\u00bb button_text_size__hover_enabled=\u00bboff\u00bb button_one_text_size__hover_enabled=\u00bboff\u00bb button_two_text_size__hover_enabled=\u00bboff\u00bb button_text_color__hover_enabled=\u00bboff\u00bb button_one_text_color__hover_enabled=\u00bboff\u00bb button_two_text_color__hover_enabled=\u00bboff\u00bb button_border_width__hover_enabled=\u00bboff\u00bb button_one_border_width__hover_enabled=\u00bboff\u00bb button_two_border_width__hover_enabled=\u00bboff\u00bb button_border_color__hover_enabled=\u00bboff\u00bb button_one_border_color__hover_enabled=\u00bboff\u00bb button_two_border_color__hover_enabled=\u00bboff\u00bb button_border_radius__hover_enabled=\u00bboff\u00bb button_one_border_radius__hover_enabled=\u00bboff\u00bb button_two_border_radius__hover_enabled=\u00bboff\u00bb button_letter_spacing__hover_enabled=\u00bbon\u00bb button_letter_spacing__hover=\u00bb0&#8243; button_one_letter_spacing__hover_enabled=\u00bboff\u00bb button_two_letter_spacing__hover_enabled=\u00bboff\u00bb button_bg_color__hover_enabled=\u00bboff\u00bb button_one_bg_color__hover_enabled=\u00bboff\u00bb button_two_bg_color__hover_enabled=\u00bboff\u00bb][\/et_pb_button][\/et_pb_column][et_pb_column type=\u00bb1_2&#8243; _builder_version=\u00bb4.16&#8243; custom_padding=\u00bb|||\u00bb global_colors_info=\u00bb{}\u00bb custom_padding__hover=\u00bb|||\u00bb][et_pb_image src=\u00bbhttps:\/\/academiacosmik.com\/wp-content\/uploads\/2021\/02\/COSM-DIS-icono-05.png\u00bb alt=\u00bbAcad\u00e8mia Cosmik &#8211; Academia de Repaso Online\u00bb title_text=\u00bbAcad\u00e8mia Cosmik &#8211; Academia de Repaso Online\u00bb align_tablet=\u00bbcenter\u00bb align_phone=\u00bb\u00bb align_last_edited=\u00bbon|desktop\u00bb _builder_version=\u00bb4.16&#8243; animation_direction=\u00bbbottom\u00bb scroll_scaling_enable=\u00bbon\u00bb scroll_scaling=\u00bb0|94|94|100|70|100|100&#8243; motion_trigger_start=\u00bbbottom\u00bb global_colors_info=\u00bb{}\u00bb][\/et_pb_image][\/et_pb_column][\/et_pb_row][\/et_pb_section][et_pb_section fb_built=\u00bb1&#8243; _builder_version=\u00bb4.16&#8243; _module_preset=\u00bbdefault\u00bb background_enable_image=\u00bboff\u00bb custom_padding=\u00bb50px|||||\u00bb global_colors_info=\u00bb{}\u00bb][et_pb_row column_structure=\u00bb1_2,1_2&#8243; _builder_version=\u00bb4.16&#8243; _module_preset=\u00bbdefault\u00bb custom_padding=\u00bb16px|||||\u00bb locked=\u00bboff\u00bb global_colors_info=\u00bb{}\u00bb][et_pb_column type=\u00bb1_2&#8243; _builder_version=\u00bb4.16&#8243; _module_preset=\u00bbdefault\u00bb global_colors_info=\u00bb{}\u00bb][et_pb_image src=\u00bbhttps:\/\/academiacosmik.com\/wp-content\/uploads\/2021\/10\/Aida-Bosch-cara.jpg\u00bb alt=\u00bbAida Bosch miniatura\u00bb title_text=\u00bbAida Bosch cara\u00bb module_class=\u00bbphoto-to-speech-bubbles\u00bb _builder_version=\u00bb4.16&#8243; _module_preset=\u00bbdefault\u00bb max_width=\u00bb80px\u00bb height=\u00bb60px\u00bb custom_margin=\u00bb||0px||false|false\u00bb custom_padding=\u00bb105px||||false|false\u00bb border_radii=\u00bbon|100%|100%|100%|100%\u00bb global_colors_info=\u00bb{}\u00bb][\/et_pb_image][et_pb_text _builder_version=\u00bb4.16&#8243; _module_preset=\u00bbdefault\u00bb text_font=\u00bbPoppins|300|||||||\u00bb text_text_color=\u00bb#565656&#8243; text_line_height=\u00bb1em\u00bb header_5_font=\u00bbPoppins|600|||||||\u00bb header_5_text_color=\u00bb#29338C\u00bb positioning=\u00bbabsolute\u00bb position_origin_a=\u00bbbottom_left\u00bb vertical_offset=\u00bb0px\u00bb horizontal_offset=\u00bb80px\u00bb width=\u00bb70%\u00bb custom_margin=\u00bb||0px||false|false\u00bb custom_padding=\u00bb|40px|||false|false\u00bb global_colors_info=\u00bb{}\u00bb]<\/p>\n<h5>Aida Bosch<\/h5>\n<p><text class=\"_3ziulaHePS\" direction=\"ltr\" height=\"11.1240005493164\" lengthadjust=\"spacingAndGlyphs\" style=\"font-size: 12px; font-family: 'Arial-Bold', serif; font-weight: bold;\" textlength=\"40.4280090332031\" x=\"112.951995849609\" y=\"-74.6679992675781\" data-test=\"textbox\"><\/text><text class=\"_3ziulaHePS\" direction=\"ltr\" height=\"11.2680053710938\" lengthadjust=\"spacingAndGlyphs\" style=\"font-size: 12px; font-family: 'Arial', serif;\" textlength=\"365.567977905273\" x=\"154.292007446289\" y=\"-74.6679916381836\" data-test=\"textbox\">Profesora de ciencias<br \/><\/text><\/p>\n<p>[\/et_pb_text][et_pb_text module_class=\u00bbspeech-bubbles\u00bb _builder_version=\u00bb4.16&#8243; _module_preset=\u00bbdefault\u00bb positioning=\u00bbabsolute\u00bb position_origin_a=\u00bbbottom_left\u00bb vertical_offset=\u00bb80px\u00bb horizontal_offset=\u00bb15px\u00bb text_orientation=\u00bbcenter\u00bb width=\u00bb95%\u00bb custom_padding=\u00bb|15px||15px|false|false\u00bb animation_style=\u00bbfade\u00bb global_colors_info=\u00bb{}\u00bb]<\/p>\n<p><em>\u00abTe ayudo con estas asignaturas en la misma sesi\u00f3n:\u00bb<br \/><\/em><strong><span style=\"color: #ff9900;\">Matem\u00e1ticas\u00a0 &#8211;\u00a0 F\u00edsica\u00a0 &#8211;\u00a0 Qu\u00edmica<br \/>Biolog\u00eda\u00a0 &#8211;\u00a0 Naturales\u00a0 &#8211;\u00a0 Tecnolog\u00eda<br \/><\/span><\/strong><\/p>\n<p>[\/et_pb_text][\/et_pb_column][et_pb_column type=\u00bb1_2&#8243; _builder_version=\u00bb4.16&#8243; _module_preset=\u00bbdefault\u00bb global_colors_info=\u00bb{}\u00bb][et_pb_text _builder_version=\u00bb4.24.0&#8243; _module_preset=\u00bbdefault\u00bb text_font=\u00bbOpen Sans|700|||||||\u00bb ul_font=\u00bbOpen Sans||||||||\u00bb ul_text_color=\u00bb#565656&#8243; header_2_font=\u00bbPoppins|600|||||||\u00bb header_2_text_color=\u00bb#29338C\u00bb header_2_font_size=\u00bb36px\u00bb header_3_font=\u00bbPoppins|600|||||||\u00bb header_3_text_color=\u00bb#29338C\u00bb text_orientation=\u00bbcenter\u00bb custom_margin=\u00bb25px|||||\u00bb custom_padding=\u00bb20px||30px||false|false\u00bb hover_enabled=\u00bb0&#8243; border_radii=\u00bbon|6px|6px|6px|6px\u00bb box_shadow_style=\u00bbpreset1&#8243; box_shadow_vertical=\u00bb10px\u00bb box_shadow_blur=\u00bb24px\u00bb box_shadow_spread=\u00bb6px\u00bb box_shadow_color=\u00bbrgba(0,0,0,0.06)\u00bb locked=\u00bboff\u00bb global_colors_info=\u00bb{}\u00bb sticky_enabled=\u00bb0&#8243;]<\/p>\n<p><h3>Precios<\/h3>\n<\/p>\n<p><label style=\"color: #ffb400;\">Desde:<\/label> \u00a0<label style=\"font-size: 25px;\"> 7\u20ac \/hora<\/label><\/p>\n<p>[\/et_pb_text][\/et_pb_column][\/et_pb_row][et_pb_row column_structure=\u00bb1_2,1_2&#8243; _builder_version=\u00bb4.16&#8243; _module_preset=\u00bbdefault\u00bb locked=\u00bboff\u00bb global_colors_info=\u00bb{}\u00bb][et_pb_column type=\u00bb1_2&#8243; _builder_version=\u00bb4.16&#8243; _module_preset=\u00bbdefault\u00bb global_colors_info=\u00bb{}\u00bb][et_pb_text _builder_version=\u00bb4.16&#8243; _module_preset=\u00bbdefault\u00bb header_3_font=\u00bbPoppins|600|||||||\u00bb header_3_text_color=\u00bb#29338C\u00bb header_6_font=\u00bbPoppins|500|||||||\u00bb global_colors_info=\u00bb{}\u00bb]<\/p>\n<h3>Horario de lunes a viernes<\/h3>\n<h6>TARDES:<\/h6>\n<table>\n<tbody>\n<tr>\n<td>\ud83d\udd52 <strong>15:30 &#8211; 16:30<\/strong><\/td>\n<\/tr>\n<tr>\n<td>\ud83d\udd5f <strong>16:30 &#8211; 17:30<\/strong><\/td>\n<\/tr>\n<tr>\n<td>\ud83d\udd60\u00a0<strong>17:30 &#8211; 18:30<\/strong><\/td>\n<\/tr>\n<tr>\n<td>\ud83d\udd55 <strong>18:30 &#8211; 19:30<\/strong><\/td>\n<\/tr>\n<tr>\n<td>\ud83d\udd55 <strong>19:30 &#8211; 20:30<\/strong><\/td>\n<\/tr>\n<\/tbody>\n<\/table>\n<h6><\/h6>\n<p>Puedes elegir venir en <strong>grupos reducidos<\/strong> (m\u00e1ximo 4 personas para garantizar una buena atenci\u00f3n personalizada) o bien <strong>clases particulares<\/strong><\/p>\n<p>[\/et_pb_text][\/et_pb_column][et_pb_column type=\u00bb1_2&#8243; _builder_version=\u00bb4.16&#8243; _module_preset=\u00bbdefault\u00bb global_colors_info=\u00bb{}\u00bb][et_pb_text _builder_version=\u00bb4.16&#8243; _module_preset=\u00bbdefault\u00bb header_3_font=\u00bbPoppins|600|||||||\u00bb header_3_text_color=\u00bb#29338C\u00bb header_6_font=\u00bbPoppins|500|||||||\u00bb global_colors_info=\u00bb{}\u00bb]<\/p>\n<h3>Horario s\u00e1bado<\/h3>\n<h6>MA\u00d1ANA:<\/h6>\n<table>\n<tbody>\n<tr>\n<td>\ud83d\udd52 <strong>9:00 &#8211; 10:00<\/strong><\/td>\n<\/tr>\n<tr>\n<td>\ud83d\udd5f <strong>10:00 &#8211; 11:00<\/strong><\/td>\n<\/tr>\n<tr>\n<td>\ud83d\udd60\u00a0<strong>11:00 &#8211; 12:00<\/strong><\/td>\n<\/tr>\n<tr>\n<td>\ud83d\udd55 <strong>12:00 &#8211; 13:00<\/strong><\/td>\n<\/tr>\n<\/tbody>\n<\/table>\n<p>Puedes elegir venir en <strong>grupos reducidos<\/strong> (m\u00e1ximo 4 personas para garantizar una buena atenci\u00f3n personalizada) o bien <strong>clases particulares<\/strong><\/p>\n<p>[\/et_pb_text][\/et_pb_column][\/et_pb_row][et_pb_row _builder_version=\u00bb4.16&#8243; _module_preset=\u00bbdefault\u00bb custom_padding=\u00bb15px||||false|false\u00bb global_colors_info=\u00bb{}\u00bb][et_pb_column type=\u00bb4_4&#8243; _builder_version=\u00bb4.16&#8243; _module_preset=\u00bbdefault\u00bb global_colors_info=\u00bb{}\u00bb][et_pb_text _builder_version=\u00bb4.16&#8243; _module_preset=\u00bbdefault\u00bb ul_font=\u00bbOpen Sans||||||||\u00bb ul_text_color=\u00bb#565656&#8243; header_2_font=\u00bbPoppins|600|||||||\u00bb header_2_text_color=\u00bb#29338C\u00bb header_2_font_size=\u00bb36px\u00bb header_3_font=\u00bbPoppins|600|||||||\u00bb header_3_text_color=\u00bb#29338C\u00bb custom_margin=\u00bb|-2%||-2%|false|true\u00bb custom_padding=\u00bb30px|4%|30px|4%|true|true\u00bb border_radii=\u00bbon|6px|6px|6px|6px\u00bb box_shadow_style=\u00bbpreset1&#8243; box_shadow_vertical=\u00bb10px\u00bb box_shadow_blur=\u00bb24px\u00bb box_shadow_spread=\u00bb6px\u00bb box_shadow_color=\u00bbrgba(0,0,0,0.06)\u00bb global_colors_info=\u00bb{}\u00bb]<\/p>\n<h3>\u00bfQu\u00e9 hacemos en una clase online?<\/h3>\n<div>\n<p><strong>Nos adaptamos a las necesidades de cada alumno:<\/strong><br \/> &#8211; Repasamos el temario (si es necesario le enviamos nosotros la teor\u00eda).<br \/> &#8211; Ayudamos a resumir los contenidos y a hacer esquemas para estudiar.<br \/> &#8211; Resolvemos dudas.<br \/> &#8211; Trabajamos con documentos de Google Drive. Es ideal para ver, a tiempo real, lo que escribe el alumno o el profesor: Corregimos trabajos delante del alumno, hacemos ejercicios, redacciones&#8230;<br \/> &#8211; Trabajamos con pizarra digital.<\/p>\n<p><strong>Y adem\u00e1s&#8230;<\/strong><br \/>&#8211; Enviamos ejercicios (hechos por nosotros) para repasar el temario y los hacemos en clase.<br \/> &#8211; Enviamos ejercicios (hechos por nosotros) para practicar despu\u00e9s de clase (con las soluciones para que se lo puedan autocorregir y seguir repasando).<\/p>\n<\/div>\n<p>[\/et_pb_text][\/et_pb_column][\/et_pb_row][et_pb_row _builder_version=\u00bb4.16&#8243; _module_preset=\u00bbdefault\u00bb global_colors_info=\u00bb{}\u00bb][et_pb_column type=\u00bb4_4&#8243; _builder_version=\u00bb4.16&#8243; _module_preset=\u00bbdefault\u00bb global_colors_info=\u00bb{}\u00bb][et_pb_button button_url=\u00bbhttps:\/\/academiacosmik.com\/es\/precios\/\u00bb button_text=\u00bbPRECIOS\u00bb button_alignment=\u00bbcenter\u00bb _builder_version=\u00bb4.24.0&#8243; custom_button=\u00bbon\u00bb button_text_size=\u00bb14px\u00bb button_text_color=\u00bb#FFB400&#8243; button_border_width=\u00bb2px\u00bb button_border_color=\u00bb#FFB400&#8243; button_border_radius=\u00bb100px\u00bb button_font=\u00bbPoppins|600||on|||||\u00bb button_use_icon=\u00bboff\u00bb background_layout=\u00bbdark\u00bb custom_margin=\u00bb|||\u00bb custom_padding=\u00bb12px|36px|12px|36px\u00bb button_letter_spacing_hover=\u00bb0&#8243; locked=\u00bboff\u00bb global_colors_info=\u00bb{}\u00bb button_text_size__hover_enabled=\u00bboff\u00bb button_one_text_size__hover_enabled=\u00bboff\u00bb button_two_text_size__hover_enabled=\u00bboff\u00bb button_text_color__hover_enabled=\u00bbon|hover\u00bb button_one_text_color__hover_enabled=\u00bboff\u00bb button_two_text_color__hover_enabled=\u00bboff\u00bb button_border_width__hover_enabled=\u00bboff\u00bb button_one_border_width__hover_enabled=\u00bboff\u00bb button_two_border_width__hover_enabled=\u00bboff\u00bb button_border_color__hover_enabled=\u00bbon|hover\u00bb button_one_border_color__hover_enabled=\u00bboff\u00bb button_two_border_color__hover_enabled=\u00bboff\u00bb button_border_radius__hover_enabled=\u00bboff\u00bb button_one_border_radius__hover_enabled=\u00bboff\u00bb button_two_border_radius__hover_enabled=\u00bboff\u00bb button_letter_spacing__hover_enabled=\u00bbon|hover\u00bb button_letter_spacing__hover=\u00bb0&#8243; button_one_letter_spacing__hover_enabled=\u00bboff\u00bb button_two_letter_spacing__hover_enabled=\u00bboff\u00bb button_bg_color__hover_enabled=\u00bbon|hover\u00bb button_one_bg_color__hover_enabled=\u00bboff\u00bb button_two_bg_color__hover_enabled=\u00bboff\u00bb button_bg_color__hover=\u00bb#FFB400&#8243; button_bg_enable_color__hover=\u00bbon\u00bb button_text_color__hover=\u00bb#FFFFFF\u00bb button_border_color__hover=\u00bb#FFB400&#8243;][\/et_pb_button][\/et_pb_column][\/et_pb_row][et_pb_row disabled_on=\u00bbon|on|off\u00bb _builder_version=\u00bb4.16&#8243; _module_preset=\u00bbdefault\u00bb global_colors_info=\u00bb{}\u00bb][et_pb_column type=\u00bb4_4&#8243; _builder_version=\u00bb4.16&#8243; _module_preset=\u00bbdefault\u00bb global_colors_info=\u00bb{}\u00bb][et_pb_image src=\u00bbhttps:\/\/academiacosmik.com\/wp-content\/uploads\/2021\/02\/COSM-DIS-icono-07.png\u00bb title_text=\u00bbCOSM-DIS-icono-07&#8243; align=\u00bbright\u00bb _builder_version=\u00bb4.16&#8243; _module_preset=\u00bbdefault\u00bb positioning=\u00bbabsolute\u00bb position_origin_a=\u00bbtop_right\u00bb width=\u00bb100%\u00bb max_width=\u00bb200px\u00bb scroll_vertical_motion_enable=\u00bbon\u00bb scroll_vertical_motion=\u00bb0|5|5|100|4|0|-4&#8243; motion_trigger_start=\u00bbtop\u00bb global_colors_info=\u00bb{}\u00bb][\/et_pb_image][\/et_pb_column][\/et_pb_row][\/et_pb_section]<\/p>\n","protected":false},"excerpt":{"rendered":"<p>ESO &#8211; Ciencias Tus clases de repaso 100% online.C\u00f3modas y asequibles.\u00a1Matr\u00edcula gratuita!Aida Bosch Profesora de ciencias\u00bbTe ayudo con estas asignaturas en la misma sesi\u00f3n:\u00bbMatem\u00e1ticas\u00a0 &#8211;\u00a0 F\u00edsica\u00a0 &#8211;\u00a0 Qu\u00edmicaBiolog\u00eda\u00a0 &#8211;\u00a0 Naturales\u00a0 &#8211;\u00a0 Tecnolog\u00edaPrecios Desde: \u00a0 7\u20ac \/horaHorario de lunes a viernes TARDES: \ud83d\udd52 15:30 &#8211; 16:30 \ud83d\udd5f 16:30 &#8211; 17:30 \ud83d\udd60\u00a017:30 &#8211; 18:30 \ud83d\udd55 18:30 &#8211; [&hellip;]<\/p>\n","protected":false},"author":1,"featured_media":0,"parent":1372,"menu_order":0,"comment_status":"closed","ping_status":"closed","template":"","meta":{"_et_pb_use_builder":"on","_et_pb_old_content":"","_et_gb_content_width":"","footnotes":"","_joinchat":[]},"yoast_head":"<!-- This site is optimized with the Yoast SEO plugin v23.5 - https:\/\/yoast.com\/wordpress\/plugins\/seo\/ -->\n<title>Clases Online de Repaso de ESO: Ciencias - Acad\u00e8mia Cosmik<\/title>\n<meta name=\"description\" content=\"\u00bfNecesitas ayuda con las ciencias de ESO? Con nuestras clases 100% online hacemos deberes, repasamos y estudiamos... \u00a1Desde casa! \ud83d\ude80\" \/>\n<meta name=\"robots\" content=\"index, follow, max-snippet:-1, max-image-preview:large, max-video-preview:-1\" \/>\n<link rel=\"canonical\" href=\"https:\/\/academiacosmik.com\/es\/clases-repaso-online\/eso-ciencias\/\" \/>\n<meta property=\"og:locale\" content=\"es_ES\" \/>\n<meta property=\"og:type\" content=\"article\" \/>\n<meta property=\"og:title\" content=\"Clases Online de Repaso de ESO: Ciencias - Acad\u00e8mia Cosmik\" \/>\n<meta property=\"og:description\" content=\"\u00bfNecesitas ayuda con las ciencias de ESO? Con nuestras clases 100% online hacemos deberes, repasamos y estudiamos... \u00a1Desde casa! \ud83d\ude80\" \/>\n<meta property=\"og:url\" content=\"https:\/\/academiacosmik.com\/es\/clases-repaso-online\/eso-ciencias\/\" \/>\n<meta property=\"og:site_name\" content=\"Acad\u00e8mia Cosmik\" \/>\n<meta property=\"article:modified_time\" content=\"2024-06-17T22:02:12+00:00\" \/>\n<meta name=\"twitter:card\" content=\"summary_large_image\" \/>\n<meta name=\"twitter:label1\" content=\"Tiempo de lectura\" \/>\n\t<meta name=\"twitter:data1\" content=\"3 minutos\" \/>\n<script type=\"application\/ld+json\" class=\"yoast-schema-graph\">{\"@context\":\"https:\/\/schema.org\",\"@graph\":[{\"@type\":\"WebPage\",\"@id\":\"https:\/\/academiacosmik.com\/es\/clases-repaso-online\/eso-ciencias\/\",\"url\":\"https:\/\/academiacosmik.com\/es\/clases-repaso-online\/eso-ciencias\/\",\"name\":\"Clases Online de Repaso de ESO: Ciencias - Acad\u00e8mia Cosmik\",\"isPartOf\":{\"@id\":\"https:\/\/academiacosmik.com\/es\/#website\"},\"datePublished\":\"2021-03-11T10:52:40+00:00\",\"dateModified\":\"2024-06-17T22:02:12+00:00\",\"description\":\"\u00bfNecesitas ayuda con las ciencias de ESO? Con nuestras clases 100% online hacemos deberes, repasamos y estudiamos... \u00a1Desde casa! \ud83d\ude80\",\"breadcrumb\":{\"@id\":\"https:\/\/academiacosmik.com\/es\/clases-repaso-online\/eso-ciencias\/#breadcrumb\"},\"inLanguage\":\"es\",\"potentialAction\":[{\"@type\":\"ReadAction\",\"target\":[\"https:\/\/academiacosmik.com\/es\/clases-repaso-online\/eso-ciencias\/\"]}]},{\"@type\":\"BreadcrumbList\",\"@id\":\"https:\/\/academiacosmik.com\/es\/clases-repaso-online\/eso-ciencias\/#breadcrumb\",\"itemListElement\":[{\"@type\":\"ListItem\",\"position\":1,\"name\":\"Home\",\"item\":\"https:\/\/academiacosmik.com\/es\/\"},{\"@type\":\"ListItem\",\"position\":2,\"name\":\"Clases repaso online\",\"item\":\"https:\/\/academiacosmik.com\/es\/classes-repas-online\/\"},{\"@type\":\"ListItem\",\"position\":3,\"name\":\"ESO Ciencias\"}]},{\"@type\":\"WebSite\",\"@id\":\"https:\/\/academiacosmik.com\/es\/#website\",\"url\":\"https:\/\/academiacosmik.com\/es\/\",\"name\":\"Acad\u00e8mia Cosmik\",\"description\":\"Acad\u00e8mia de rep\u00e0s online\",\"potentialAction\":[{\"@type\":\"SearchAction\",\"target\":{\"@type\":\"EntryPoint\",\"urlTemplate\":\"https:\/\/academiacosmik.com\/es\/?s={search_term_string}\"},\"query-input\":{\"@type\":\"PropertyValueSpecification\",\"valueRequired\":true,\"valueName\":\"search_term_string\"}}],\"inLanguage\":\"es\"}]}<\/script>\n<!-- \/ Yoast SEO plugin. -->","yoast_head_json":{"title":"Clases Online de Repaso de ESO: Ciencias - Acad\u00e8mia Cosmik","description":"\u00bfNecesitas ayuda con las ciencias de ESO? Con nuestras clases 100% online hacemos deberes, repasamos y estudiamos... \u00a1Desde casa! \ud83d\ude80","robots":{"index":"index","follow":"follow","max-snippet":"max-snippet:-1","max-image-preview":"max-image-preview:large","max-video-preview":"max-video-preview:-1"},"canonical":"https:\/\/academiacosmik.com\/es\/clases-repaso-online\/eso-ciencias\/","og_locale":"es_ES","og_type":"article","og_title":"Clases Online de Repaso de ESO: Ciencias - Acad\u00e8mia Cosmik","og_description":"\u00bfNecesitas ayuda con las ciencias de ESO? Con nuestras clases 100% online hacemos deberes, repasamos y estudiamos... \u00a1Desde casa! \ud83d\ude80","og_url":"https:\/\/academiacosmik.com\/es\/clases-repaso-online\/eso-ciencias\/","og_site_name":"Acad\u00e8mia Cosmik","article_modified_time":"2024-06-17T22:02:12+00:00","twitter_card":"summary_large_image","twitter_misc":{"Tiempo de lectura":"3 minutos"},"schema":{"@context":"https:\/\/schema.org","@graph":[{"@type":"WebPage","@id":"https:\/\/academiacosmik.com\/es\/clases-repaso-online\/eso-ciencias\/","url":"https:\/\/academiacosmik.com\/es\/clases-repaso-online\/eso-ciencias\/","name":"Clases Online de Repaso de ESO: Ciencias - Acad\u00e8mia Cosmik","isPartOf":{"@id":"https:\/\/academiacosmik.com\/es\/#website"},"datePublished":"2021-03-11T10:52:40+00:00","dateModified":"2024-06-17T22:02:12+00:00","description":"\u00bfNecesitas ayuda con las ciencias de ESO? Con nuestras clases 100% online hacemos deberes, repasamos y estudiamos... \u00a1Desde casa! \ud83d\ude80","breadcrumb":{"@id":"https:\/\/academiacosmik.com\/es\/clases-repaso-online\/eso-ciencias\/#breadcrumb"},"inLanguage":"es","potentialAction":[{"@type":"ReadAction","target":["https:\/\/academiacosmik.com\/es\/clases-repaso-online\/eso-ciencias\/"]}]},{"@type":"BreadcrumbList","@id":"https:\/\/academiacosmik.com\/es\/clases-repaso-online\/eso-ciencias\/#breadcrumb","itemListElement":[{"@type":"ListItem","position":1,"name":"Home","item":"https:\/\/academiacosmik.com\/es\/"},{"@type":"ListItem","position":2,"name":"Clases repaso online","item":"https:\/\/academiacosmik.com\/es\/classes-repas-online\/"},{"@type":"ListItem","position":3,"name":"ESO Ciencias"}]},{"@type":"WebSite","@id":"https:\/\/academiacosmik.com\/es\/#website","url":"https:\/\/academiacosmik.com\/es\/","name":"Acad\u00e8mia Cosmik","description":"Acad\u00e8mia de rep\u00e0s online","potentialAction":[{"@type":"SearchAction","target":{"@type":"EntryPoint","urlTemplate":"https:\/\/academiacosmik.com\/es\/?s={search_term_string}"},"query-input":{"@type":"PropertyValueSpecification","valueRequired":true,"valueName":"search_term_string"}}],"inLanguage":"es"}]}},"jetpack_sharing_enabled":true,"_links":{"self":[{"href":"https:\/\/academiacosmik.com\/es\/wp-json\/wp\/v2\/pages\/1419"}],"collection":[{"href":"https:\/\/academiacosmik.com\/es\/wp-json\/wp\/v2\/pages"}],"about":[{"href":"https:\/\/academiacosmik.com\/es\/wp-json\/wp\/v2\/types\/page"}],"author":[{"embeddable":true,"href":"https:\/\/academiacosmik.com\/es\/wp-json\/wp\/v2\/users\/1"}],"replies":[{"embeddable":true,"href":"https:\/\/academiacosmik.com\/es\/wp-json\/wp\/v2\/comments?post=1419"}],"version-history":[{"count":31,"href":"https:\/\/academiacosmik.com\/es\/wp-json\/wp\/v2\/pages\/1419\/revisions"}],"predecessor-version":[{"id":4984,"href":"https:\/\/academiacosmik.com\/es\/wp-json\/wp\/v2\/pages\/1419\/revisions\/4984"}],"up":[{"embeddable":true,"href":"https:\/\/academiacosmik.com\/es\/wp-json\/wp\/v2\/pages\/1372"}],"wp:attachment":[{"href":"https:\/\/academiacosmik.com\/es\/wp-json\/wp\/v2\/media?parent=1419"}],"curies":[{"name":"wp","href":"https:\/\/api.w.org\/{rel}","templated":true}]}}