{"id":1415,"date":"2021-02-24T14:27:07","date_gmt":"2021-02-24T14:27:07","guid":{"rendered":"https:\/\/academiacosmik.com\/preus-academia-idiomes\/"},"modified":"2025-08-19T14:05:15","modified_gmt":"2025-08-19T14:05:15","slug":"precios","status":"publish","type":"page","link":"https:\/\/academiacosmik.com\/es\/precios\/","title":{"rendered":"Precios"},"content":{"rendered":"<p>[et_pb_section fb_built=\u00bb1&#8243; admin_label=\u00bbHero Section\u00bb _builder_version=\u00bb4.16&#8243; background_color=\u00bb#29338C\u00bb background_image=\u00bbhttps:\/\/academiacosmik.com\/wp-content\/uploads\/2021\/02\/COSM-DIS-background-3.png\u00bb parallax=\u00bbon\u00bb height=\u00bb410px\u00bb custom_padding=\u00bb0px|0px|0px|0px|false|false\u00bb global_colors_info=\u00bb{}\u00bb][et_pb_row column_structure=\u00bb1_2,1_2&#8243; _builder_version=\u00bb4.16&#8243; background_size=\u00bbinitial\u00bb background_position=\u00bbtop_left\u00bb background_repeat=\u00bbrepeat\u00bb custom_padding=\u00bb0px||0px||false|false\u00bb global_colors_info=\u00bb{}\u00bb][et_pb_column type=\u00bb1_2&#8243; _builder_version=\u00bb4.16&#8243; custom_padding=\u00bb50px||||false|false\u00bb global_colors_info=\u00bb{}\u00bb custom_padding__hover=\u00bb|||\u00bb][et_pb_text _builder_version=\u00bb4.16&#8243; text_font=\u00bb||||||||\u00bb header_font=\u00bbPoppins||||||||\u00bb header_text_color=\u00bb#ffffff\u00bb header_font_size=\u00bb56px\u00bb header_line_height=\u00bb1.3em\u00bb custom_margin=\u00bb||2px|||\u00bb animation_style=\u00bbfade\u00bb global_colors_info=\u00bb{}\u00bb]<\/p>\n<h1><strong>PRECIOS<\/strong><\/h1>\n<p>[\/et_pb_text][et_pb_text _builder_version=\u00bb4.16&#8243; text_font=\u00bbPoppins||on||||||\u00bb text_text_color=\u00bb#FFB400&#8243; text_font_size=\u00bb18px\u00bb text_line_height=\u00bb1.8em\u00bb animation_style=\u00bbfade\u00bb animation_delay=\u00bb100ms\u00bb global_colors_info=\u00bb{}\u00bb]<\/p>\n<p><span>Tus clases de repaso online m\u00e1s pr\u00f3ximas, c\u00f3modas y asequibles<\/span><\/p>\n<p>[\/et_pb_text][et_pb_text _builder_version=\u00bb4.16&#8243; text_font=\u00bbPoppins||||||||\u00bb text_text_color=\u00bb#FFFFFF\u00bb text_font_size=\u00bb23px\u00bb text_line_height=\u00bb1.8em\u00bb animation_style=\u00bbfade\u00bb animation_delay=\u00bb100ms\u00bb global_colors_info=\u00bb{}\u00bb]<\/p>\n<p><span><strong>\u00a1Matr\u00edcula gratuita!<\/strong><\/span><\/p>\n<p>[\/et_pb_text][et_pb_button button_url=\u00bbhttps:\/\/academiacosmik.com\/es\/contacto\/\u00bb button_text=\u00bbContactar\u00bb _builder_version=\u00bb4.16&#8243; custom_button=\u00bbon\u00bb button_text_size=\u00bb16px\u00bb button_text_color=\u00bb#FFFFFF\u00bb button_bg_color=\u00bb#FFB400&#8243; button_border_width=\u00bb0px\u00bb button_border_color=\u00bbRGBA(0,0,0,0)\u00bb button_border_radius=\u00bb100px\u00bb button_font=\u00bbPoppins|700||on|||||\u00bb button_use_icon=\u00bboff\u00bb background_layout=\u00bbdark\u00bb custom_margin=\u00bb|||\u00bb custom_padding=\u00bb12px|36px|12px|36px\u00bb animation_style=\u00bbfade\u00bb animation_delay=\u00bb200ms\u00bb button_letter_spacing_hover=\u00bb0&#8243; global_colors_info=\u00bb{}\u00bb button_text_size__hover_enabled=\u00bboff\u00bb button_one_text_size__hover_enabled=\u00bboff\u00bb button_two_text_size__hover_enabled=\u00bboff\u00bb button_text_color__hover_enabled=\u00bboff\u00bb button_one_text_color__hover_enabled=\u00bboff\u00bb button_two_text_color__hover_enabled=\u00bboff\u00bb button_border_width__hover_enabled=\u00bboff\u00bb button_one_border_width__hover_enabled=\u00bboff\u00bb button_two_border_width__hover_enabled=\u00bboff\u00bb button_border_color__hover_enabled=\u00bboff\u00bb button_one_border_color__hover_enabled=\u00bboff\u00bb button_two_border_color__hover_enabled=\u00bboff\u00bb button_border_radius__hover_enabled=\u00bboff\u00bb button_one_border_radius__hover_enabled=\u00bboff\u00bb button_two_border_radius__hover_enabled=\u00bboff\u00bb button_letter_spacing__hover_enabled=\u00bbon\u00bb button_letter_spacing__hover=\u00bb0&#8243; button_one_letter_spacing__hover_enabled=\u00bboff\u00bb button_two_letter_spacing__hover_enabled=\u00bboff\u00bb button_bg_color__hover_enabled=\u00bboff\u00bb button_one_bg_color__hover_enabled=\u00bboff\u00bb button_two_bg_color__hover_enabled=\u00bboff\u00bb][\/et_pb_button][\/et_pb_column][et_pb_column type=\u00bb1_2&#8243; _builder_version=\u00bb4.16&#8243; custom_padding=\u00bb10px||||false|false\u00bb global_colors_info=\u00bb{}\u00bb custom_padding__hover=\u00bb|||\u00bb][et_pb_image src=\u00bbhttps:\/\/academiacosmik.com\/wp-content\/uploads\/2021\/02\/COSM-DIS-icono-20-1.png\u00bb alt=\u00bbAcad\u00e8mia Cosmik &#8211; Academia de Repaso Online\u00bb title_text=\u00bbCOSM-DIS-icono-20&#8243; align_tablet=\u00bbcenter\u00bb align_phone=\u00bb\u00bb align_last_edited=\u00bbon|desktop\u00bb _builder_version=\u00bb4.16&#8243; max_width=\u00bb350px\u00bb module_alignment=\u00bbcenter\u00bb custom_padding=\u00bb14px|||||\u00bb animation_direction=\u00bbbottom\u00bb scroll_scaling_enable=\u00bbon\u00bb scroll_scaling=\u00bb0|94|94|100|70|100|100&#8243; motion_trigger_start=\u00bbbottom\u00bb global_colors_info=\u00bb{}\u00bb][\/et_pb_image][\/et_pb_column][\/et_pb_row][\/et_pb_section][et_pb_section fb_built=\u00bb1&#8243; _builder_version=\u00bb4.16&#8243; _module_preset=\u00bbdefault\u00bb background_enable_image=\u00bboff\u00bb custom_padding=\u00bb70px|||||\u00bb global_colors_info=\u00bb{}\u00bb][et_pb_row _builder_version=\u00bb4.16&#8243; _module_preset=\u00bbdefault\u00bb background_color=\u00bb#FFFFFF\u00bb custom_padding=\u00bb20px|20px|20px|20px|false|false\u00bb border_radii=\u00bbon|15px|15px|15px|15px\u00bb box_shadow_style=\u00bbpreset1&#8243; global_colors_info=\u00bb{}\u00bb][et_pb_column type=\u00bb4_4&#8243; _builder_version=\u00bb4.16&#8243; _module_preset=\u00bbdefault\u00bb global_colors_info=\u00bb{}\u00bb][et_pb_text _builder_version=\u00bb4.24.0&#8243; _module_preset=\u00bbdefault\u00bb header_3_font=\u00bbPoppins|500|||||||\u00bb header_3_text_color=\u00bb#29338C\u00bb header_3_font_size=\u00bb20px\u00bb hover_enabled=\u00bb0&#8243; global_colors_info=\u00bb{}\u00bb sticky_enabled=\u00bb0&#8243;]<\/p>\n<h3>Clase en grupo ESO (m\u00e1x. 4 personas)<\/h3>\n<table>\n<tbody>\n<tr>\n<td><strong>Precio por hora<\/strong><\/td>\n<td><strong>Horas por semana<\/strong><\/td>\n<td><strong>Precio por mes<\/strong><\/td>\n<\/tr>\n<tr>\n<td>11 \u20ac\/h<\/td>\n<td>1 h semana<\/td>\n<td>44 \u20ac \/ mes<\/td>\n<\/tr>\n<tr>\n<td>10,25 \u20ac\/h<\/td>\n<td>2 h semana<\/td>\n<td>84 \u20ac \/ mes<\/td>\n<\/tr>\n<tr>\n<td>9,5 \u20ac\/h<\/td>\n<td>3 h semana (o m\u00e1s)<\/td>\n<td>114 \u20ac \/ mes<\/td>\n<\/tr>\n<\/tbody>\n<\/table>\n<p>[\/et_pb_text][et_pb_text _builder_version=\u00bb4.24.0&#8243; _module_preset=\u00bbdefault\u00bb global_colors_info=\u00bb{}\u00bb]<\/p>\n<p>Incluye material personalizado y comentarios de cada clase.<\/p>\n<p>[\/et_pb_text][\/et_pb_column][\/et_pb_row][et_pb_row _builder_version=\u00bb4.16&#8243; _module_preset=\u00bbdefault\u00bb background_color=\u00bb#FFFFFF\u00bb custom_margin=\u00bb50px||||false|false\u00bb custom_padding=\u00bb|20px||20px|true|false\u00bb border_radii=\u00bbon|15px|15px|15px|15px\u00bb box_shadow_style=\u00bbpreset1&#8243; global_colors_info=\u00bb{}\u00bb][et_pb_column type=\u00bb4_4&#8243; _builder_version=\u00bb4.16&#8243; _module_preset=\u00bbdefault\u00bb global_colors_info=\u00bb{}\u00bb][et_pb_text _builder_version=\u00bb4.24.0&#8243; _module_preset=\u00bbdefault\u00bb header_3_font=\u00bbPoppins|500|||||||\u00bb header_3_text_color=\u00bb#29338C\u00bb header_3_font_size=\u00bb20px\u00bb hover_enabled=\u00bb0&#8243; global_colors_info=\u00bb{}\u00bb sticky_enabled=\u00bb0&#8243;]<\/p>\n<h3>Clase en grupo BACHILLERATO (m\u00e1x. 4 personas)<\/h3>\n<table>\n<tbody>\n<tr>\n<td><strong>Precio por hora<\/strong><\/td>\n<td><strong>Horas por semana<\/strong><\/td>\n<td><strong>Precio por mes<\/strong><\/td>\n<\/tr>\n<tr>\n<td>12,5 \u20ac\/h<\/td>\n<td>1 h semana<\/td>\n<td>50 \u20ac \/ mes<\/td>\n<\/tr>\n<tr>\n<td>11,75 \u20ac\/h<\/td>\n<td>2 h semana<\/td>\n<td>94 \u20ac \/ mes<\/td>\n<\/tr>\n<tr>\n<td>11 \u20ac\/h<\/td>\n<td>3 h semana (o m\u00e1s)<\/td>\n<td>132 \u20ac \/ mes<\/td>\n<\/tr>\n<\/tbody>\n<\/table>\n<p>[\/et_pb_text][et_pb_text _builder_version=\u00bb4.24.0&#8243; _module_preset=\u00bbdefault\u00bb global_colors_info=\u00bb{}\u00bb]<\/p>\n<p>Incluye material personalizado y comentarios de cada clase.<\/p>\n<p>[\/et_pb_text][\/et_pb_column][\/et_pb_row][et_pb_row _builder_version=\u00bb4.16&#8243; _module_preset=\u00bbdefault\u00bb background_color=\u00bb#FFFFFF\u00bb custom_margin=\u00bb50px||||false|false\u00bb custom_padding=\u00bb|20px||20px|true|false\u00bb border_radii=\u00bbon|15px|15px|15px|15px\u00bb box_shadow_style=\u00bbpreset1&#8243; global_colors_info=\u00bb{}\u00bb][et_pb_column type=\u00bb4_4&#8243; _builder_version=\u00bb4.16&#8243; _module_preset=\u00bbdefault\u00bb global_colors_info=\u00bb{}\u00bb][et_pb_text _builder_version=\u00bb4.24.0&#8243; _module_preset=\u00bbdefault\u00bb header_3_font=\u00bbPoppins|500|||||||\u00bb header_3_text_color=\u00bb#29338C\u00bb header_3_font_size=\u00bb20px\u00bb hover_enabled=\u00bb0&#8243; global_colors_info=\u00bb{}\u00bb sticky_enabled=\u00bb0&#8243;]<\/p>\n<h3>Clase particular &#8211; ESO o BACHILLERATO<\/h3>\n<table>\n<tbody>\n<tr>\n<td><strong>Precio por hora<\/strong><\/td>\n<td><strong>Horas por semana<\/strong><\/td>\n<\/tr>\n<tr>\n<td>21 \u20ac\/h<\/td>\n<td>1 h semana<\/td>\n<\/tr>\n<tr>\n<td>20 \u20ac\/h<\/td>\n<td>2 h semana<\/td>\n<\/tr>\n<tr>\n<td>19 \u20ac\/h<\/td>\n<td>3 h semana<\/td>\n<\/tr>\n<\/tbody>\n<\/table>\n<p>[\/et_pb_text][et_pb_text _builder_version=\u00bb4.24.0&#8243; _module_preset=\u00bbdefault\u00bb global_colors_info=\u00bb{}\u00bb]<\/p>\n<p>Incluye material personalizado y comentarios de cada clase.<\/p>\n<p>[\/et_pb_text][\/et_pb_column][\/et_pb_row][\/et_pb_section]<\/p>\n","protected":false},"excerpt":{"rendered":"<p>PRECIOSTus clases de repaso online m\u00e1s pr\u00f3ximas, c\u00f3modas y asequibles\u00a1Matr\u00edcula gratuita!Clase en grupo ESO (m\u00e1x. 4 personas) Precio por hora Horas por semana Precio por mes 11 \u20ac\/h 1 h semana 44 \u20ac \/ mes 10,25 \u20ac\/h 2 h semana 84 \u20ac \/ mes 9,5 \u20ac\/h 3 h semana (o m\u00e1s) 114 \u20ac \/ mes [&hellip;]<\/p>\n","protected":false},"author":1,"featured_media":0,"parent":0,"menu_order":0,"comment_status":"closed","ping_status":"closed","template":"","meta":{"_et_pb_use_builder":"on","_et_pb_old_content":"","_et_gb_content_width":"","footnotes":"","_joinchat":[]},"yoast_head":"<!-- This site is optimized with the Yoast SEO plugin v23.5 - https:\/\/yoast.com\/wordpress\/plugins\/seo\/ -->\n<title>Precios - Acad\u00e8mia Cosmik<\/title>\n<meta name=\"description\" content=\"\u00bfQuieres una academia online al mejor precio y con experiencia? Acad\u00e8mia Cosmik es tu mejor opci\u00f3n. \u00a1Adem\u00e1s, ofrecemos matr\u00edcula gratuita! \ud83d\ude80\" \/>\n<meta name=\"robots\" content=\"index, follow, max-snippet:-1, max-image-preview:large, max-video-preview:-1\" \/>\n<link rel=\"canonical\" href=\"https:\/\/academiacosmik.com\/es\/precios\/\" \/>\n<meta property=\"og:locale\" content=\"es_ES\" \/>\n<meta property=\"og:type\" content=\"article\" \/>\n<meta property=\"og:title\" content=\"Precios - Acad\u00e8mia Cosmik\" \/>\n<meta property=\"og:description\" content=\"\u00bfQuieres una academia online al mejor precio y con experiencia? Acad\u00e8mia Cosmik es tu mejor opci\u00f3n. \u00a1Adem\u00e1s, ofrecemos matr\u00edcula gratuita! \ud83d\ude80\" \/>\n<meta property=\"og:url\" content=\"https:\/\/academiacosmik.com\/es\/precios\/\" \/>\n<meta property=\"og:site_name\" content=\"Acad\u00e8mia Cosmik\" \/>\n<meta property=\"article:modified_time\" content=\"2025-08-19T14:05:15+00:00\" \/>\n<meta name=\"twitter:card\" content=\"summary_large_image\" \/>\n<meta name=\"twitter:label1\" content=\"Tiempo de lectura\" \/>\n\t<meta name=\"twitter:data1\" content=\"3 minutos\" \/>\n<script type=\"application\/ld+json\" class=\"yoast-schema-graph\">{\"@context\":\"https:\/\/schema.org\",\"@graph\":[{\"@type\":\"WebPage\",\"@id\":\"https:\/\/academiacosmik.com\/es\/precios\/\",\"url\":\"https:\/\/academiacosmik.com\/es\/precios\/\",\"name\":\"Precios - Acad\u00e8mia Cosmik\",\"isPartOf\":{\"@id\":\"https:\/\/academiacosmik.com\/es\/#website\"},\"datePublished\":\"2021-02-24T14:27:07+00:00\",\"dateModified\":\"2025-08-19T14:05:15+00:00\",\"description\":\"\u00bfQuieres una academia online al mejor precio y con experiencia? Acad\u00e8mia Cosmik es tu mejor opci\u00f3n. \u00a1Adem\u00e1s, ofrecemos matr\u00edcula gratuita! \ud83d\ude80\",\"breadcrumb\":{\"@id\":\"https:\/\/academiacosmik.com\/es\/precios\/#breadcrumb\"},\"inLanguage\":\"es\",\"potentialAction\":[{\"@type\":\"ReadAction\",\"target\":[\"https:\/\/academiacosmik.com\/es\/precios\/\"]}]},{\"@type\":\"BreadcrumbList\",\"@id\":\"https:\/\/academiacosmik.com\/es\/precios\/#breadcrumb\",\"itemListElement\":[{\"@type\":\"ListItem\",\"position\":1,\"name\":\"Home\",\"item\":\"https:\/\/academiacosmik.com\/es\/\"},{\"@type\":\"ListItem\",\"position\":2,\"name\":\"Precios\"}]},{\"@type\":\"WebSite\",\"@id\":\"https:\/\/academiacosmik.com\/es\/#website\",\"url\":\"https:\/\/academiacosmik.com\/es\/\",\"name\":\"Acad\u00e8mia Cosmik\",\"description\":\"Acad\u00e8mia de rep\u00e0s online\",\"potentialAction\":[{\"@type\":\"SearchAction\",\"target\":{\"@type\":\"EntryPoint\",\"urlTemplate\":\"https:\/\/academiacosmik.com\/es\/?s={search_term_string}\"},\"query-input\":{\"@type\":\"PropertyValueSpecification\",\"valueRequired\":true,\"valueName\":\"search_term_string\"}}],\"inLanguage\":\"es\"}]}<\/script>\n<!-- \/ Yoast SEO plugin. -->","yoast_head_json":{"title":"Precios - Acad\u00e8mia Cosmik","description":"\u00bfQuieres una academia online al mejor precio y con experiencia? Acad\u00e8mia Cosmik es tu mejor opci\u00f3n. \u00a1Adem\u00e1s, ofrecemos matr\u00edcula gratuita! \ud83d\ude80","robots":{"index":"index","follow":"follow","max-snippet":"max-snippet:-1","max-image-preview":"max-image-preview:large","max-video-preview":"max-video-preview:-1"},"canonical":"https:\/\/academiacosmik.com\/es\/precios\/","og_locale":"es_ES","og_type":"article","og_title":"Precios - Acad\u00e8mia Cosmik","og_description":"\u00bfQuieres una academia online al mejor precio y con experiencia? Acad\u00e8mia Cosmik es tu mejor opci\u00f3n. \u00a1Adem\u00e1s, ofrecemos matr\u00edcula gratuita! \ud83d\ude80","og_url":"https:\/\/academiacosmik.com\/es\/precios\/","og_site_name":"Acad\u00e8mia Cosmik","article_modified_time":"2025-08-19T14:05:15+00:00","twitter_card":"summary_large_image","twitter_misc":{"Tiempo de lectura":"3 minutos"},"schema":{"@context":"https:\/\/schema.org","@graph":[{"@type":"WebPage","@id":"https:\/\/academiacosmik.com\/es\/precios\/","url":"https:\/\/academiacosmik.com\/es\/precios\/","name":"Precios - Acad\u00e8mia Cosmik","isPartOf":{"@id":"https:\/\/academiacosmik.com\/es\/#website"},"datePublished":"2021-02-24T14:27:07+00:00","dateModified":"2025-08-19T14:05:15+00:00","description":"\u00bfQuieres una academia online al mejor precio y con experiencia? Acad\u00e8mia Cosmik es tu mejor opci\u00f3n. \u00a1Adem\u00e1s, ofrecemos matr\u00edcula gratuita! \ud83d\ude80","breadcrumb":{"@id":"https:\/\/academiacosmik.com\/es\/precios\/#breadcrumb"},"inLanguage":"es","potentialAction":[{"@type":"ReadAction","target":["https:\/\/academiacosmik.com\/es\/precios\/"]}]},{"@type":"BreadcrumbList","@id":"https:\/\/academiacosmik.com\/es\/precios\/#breadcrumb","itemListElement":[{"@type":"ListItem","position":1,"name":"Home","item":"https:\/\/academiacosmik.com\/es\/"},{"@type":"ListItem","position":2,"name":"Precios"}]},{"@type":"WebSite","@id":"https:\/\/academiacosmik.com\/es\/#website","url":"https:\/\/academiacosmik.com\/es\/","name":"Acad\u00e8mia Cosmik","description":"Acad\u00e8mia de rep\u00e0s online","potentialAction":[{"@type":"SearchAction","target":{"@type":"EntryPoint","urlTemplate":"https:\/\/academiacosmik.com\/es\/?s={search_term_string}"},"query-input":{"@type":"PropertyValueSpecification","valueRequired":true,"valueName":"search_term_string"}}],"inLanguage":"es"}]}},"jetpack_sharing_enabled":true,"_links":{"self":[{"href":"https:\/\/academiacosmik.com\/es\/wp-json\/wp\/v2\/pages\/1415"}],"collection":[{"href":"https:\/\/academiacosmik.com\/es\/wp-json\/wp\/v2\/pages"}],"about":[{"href":"https:\/\/academiacosmik.com\/es\/wp-json\/wp\/v2\/types\/page"}],"author":[{"embeddable":true,"href":"https:\/\/academiacosmik.com\/es\/wp-json\/wp\/v2\/users\/1"}],"replies":[{"embeddable":true,"href":"https:\/\/academiacosmik.com\/es\/wp-json\/wp\/v2\/comments?post=1415"}],"version-history":[{"count":17,"href":"https:\/\/academiacosmik.com\/es\/wp-json\/wp\/v2\/pages\/1415\/revisions"}],"predecessor-version":[{"id":5595,"href":"https:\/\/academiacosmik.com\/es\/wp-json\/wp\/v2\/pages\/1415\/revisions\/5595"}],"wp:attachment":[{"href":"https:\/\/academiacosmik.com\/es\/wp-json\/wp\/v2\/media?parent=1415"}],"curies":[{"name":"wp","href":"https:\/\/api.w.org\/{rel}","templated":true}]}}